{"id":37394,"date":"2026-01-22T09:43:20","date_gmt":"2026-01-22T08:43:20","guid":{"rendered":"https:\/\/wolfchorus.net\/kundalini-reiki-healing\/?post_type=product&#038;p=37394"},"modified":"2026-01-25T09:30:23","modified_gmt":"2026-01-25T08:30:23","slug":"channeling-base","status":"publish","type":"product","link":"https:\/\/wolfchorus.net\/krh\/prodotto\/channeling-base\/","title":{"rendered":"Video-corso di Channeling Base"},"content":{"rendered":"<div><strong>A cura di Gaia Shamanel<\/strong><\/div>\n<h6 style=\"text-align: justify;\">Attraverso i video e gli esercizi guidati, potrai imparare a canalizzare le Entit\u00e0 di Luce, che ti sono sempre accanto e desiderano dialogare con te.<\/h6>\n<h6 style=\"text-align: justify;\">Apprenderai la differenza tra channeling e medianit\u00e0, scoprirai che esistono diverse modalit\u00e0 di connessione coi mondi superiori e comprenderai quali di esse sono pi\u00f9 in linea con la tua essenza e le tue predisposizioni. Potrai esercitarti su tutte, comprese:<\/h6>\n<ul>\n<li>la scrittura automatica<\/li>\n<li>l&#8217;uso della tavoletta Ouija<\/li>\n<li>la connessione mentale<\/li>\n<\/ul>\n<p style=\"text-align: justify;\">Il corso \u00e8 esperienziale, durante le esercitazioni, entrerai gi\u00e0 in contatto con gli Esseri di Luce e potrai ricevere i loro messaggi. In 9 video apprenderai le basi del channeling e potrai iniziare ad usarlo nella tua vita quotidiana e per la tua crescita spirituale.<\/p>\n<div style=\"text-align: justify;\">Sono previste un&#8217;attivazione a distanza e 2 ore di videolezioni. Dopo aver ricevuto l&#8217;attivazione potrai attivare a tua volta altre persone e trasmettere questi insegnamenti.<\/div>\n<p style=\"text-align: justify;\">Il corso si svolge interamente online ed \u00e8 fruibile nei propri tempi e senza scadenza da pc, cellulare o tablet.<\/p>\n<p style=\"text-align: justify;\">E&#8217; previsto un attestato a fine corso.<\/p>\n<table id=\"wpcw_fe_course\" class=\"wpcw_fe_table\" cellspacing=\"0\" cellborder=\"0\"><tr class=\"wpcw_fe_module\" id=\"wpcw_fe_module_group_1_14\">\n\t\t\t\t<th class=\"wpcw_fe_module_title_header\">Modulo 1<\/th>\n\t\t\t\t<th class=\"wpcw_fe_module_desc_header\">Introduzione<\/th>\n\t\t\t\t\n\t\t\t\t<th class=\"wpcw_fe_unit_progress_header\"><span class=\"wpcw-toogle-icon\"><i><\/i><\/span><\/th>\n\t\t\t\t\n\t\t\t<\/tr><tr class=\"wpcw_fe_unit wpcw_fe_module_group_1_14\">\n\t\t\t\t\t\t\t\t<td class=\"wpcw_fe_unit_title\">Unit\u00e0 1<\/td>\n\t\t\t\t\t\t\t\t<td class=\"wpcw_fe_unit\" >Come utilizzare le funzionalit\u00e0 del corso<\/td>\n\t\t\t\t\t\t\t\t<td class=\"wpcw_fe_unit\">&nbsp;<\/td>\n\t\t\t\t\t\t\t<\/tr><tr class=\"wpcw_fe_unit wpcw_fe_module_group_1_14\">\n\t\t\t\t\t\t\t\t<td class=\"wpcw_fe_unit_title\">Unit\u00e0 2<\/td>\n\t\t\t\t\t\t\t\t<td class=\"wpcw_fe_unit\" >Introduzione<\/td>\n\t\t\t\t\t\t\t\t<td class=\"wpcw_fe_unit\">&nbsp;<\/td>\n\t\t\t\t\t\t\t<\/tr><tr class=\"wpcw_fe_unit wpcw_fe_module_group_1_14 wpcw_unit_end\">\n\t\t\t\t\t\t\t\t<td class=\"wpcw_fe_unit_title\">Unit\u00e0 3<\/td>\n\t\t\t\t\t\t\t\t<td class=\"wpcw_fe_unit\" >Messaggio del Grande Padre<\/td>\n\t\t\t\t\t\t\t\t<td class=\"wpcw_fe_unit\">&nbsp;<\/td>\n\t\t\t\t\t\t\t<\/tr><tr class=\"wpcw_fe_module\" id=\"wpcw_fe_module_group_2_14\">\n\t\t\t\t<th class=\"wpcw_fe_module_title_header\">Modulo 2<\/th>\n\t\t\t\t<th class=\"wpcw_fe_module_desc_header\">Le Basi del Channeling<\/th>\n\t\t\t\t\n\t\t\t\t<th class=\"wpcw_fe_unit_progress_header\"><span class=\"wpcw-toogle-icon\"><i><\/i><\/span><\/th>\n\t\t\t\t\n\t\t\t<\/tr><tr class=\"wpcw_fe_unit wpcw_fe_module_group_2_14\">\n\t\t\t\t\t\t\t\t<td class=\"wpcw_fe_unit_title\">Unit\u00e0 1<\/td>\n\t\t\t\t\t\t\t\t<td class=\"wpcw_fe_unit\" >Le Basi del Channeling<\/td>\n\t\t\t\t\t\t\t\t<td class=\"wpcw_fe_unit\">&nbsp;<\/td>\n\t\t\t\t\t\t\t<\/tr><tr class=\"wpcw_fe_unit wpcw_fe_module_group_2_14 wpcw_unit_end\">\n\t\t\t\t\t\t\t\t<td class=\"wpcw_fe_unit_title\">Unit\u00e0 2<\/td>\n\t\t\t\t\t\t\t\t<td class=\"wpcw_fe_unit\" >Canali di Connessione<\/td>\n\t\t\t\t\t\t\t\t<td class=\"wpcw_fe_unit\">&nbsp;<\/td>\n\t\t\t\t\t\t\t<\/tr><tr class=\"wpcw_fe_module\" id=\"wpcw_fe_module_group_3_14\">\n\t\t\t\t<th class=\"wpcw_fe_module_title_header\">Modulo 3<\/th>\n\t\t\t\t<th class=\"wpcw_fe_module_desc_header\">Esercizi<\/th>\n\t\t\t\t\n\t\t\t\t<th class=\"wpcw_fe_unit_progress_header\"><span class=\"wpcw-toogle-icon\"><i><\/i><\/span><\/th>\n\t\t\t\t\n\t\t\t<\/tr><tr class=\"wpcw_fe_unit wpcw_fe_module_group_3_14\">\n\t\t\t\t\t\t\t\t<td class=\"wpcw_fe_unit_title\">Unit\u00e0 1<\/td>\n\t\t\t\t\t\t\t\t<td class=\"wpcw_fe_unit\" >Esercizio Centratura del Cuore<\/td>\n\t\t\t\t\t\t\t\t<td class=\"wpcw_fe_unit\">&nbsp;<\/td>\n\t\t\t\t\t\t\t<\/tr><tr class=\"wpcw_fe_unit wpcw_fe_module_group_3_14\">\n\t\t\t\t\t\t\t\t<td class=\"wpcw_fe_unit_title\">Unit\u00e0 2<\/td>\n\t\t\t\t\t\t\t\t<td class=\"wpcw_fe_unit\" >Esercizio La Casa dell'Angelo<\/td>\n\t\t\t\t\t\t\t\t<td class=\"wpcw_fe_unit\">&nbsp;<\/td>\n\t\t\t\t\t\t\t<\/tr><tr class=\"wpcw_fe_unit wpcw_fe_module_group_3_14\">\n\t\t\t\t\t\t\t\t<td class=\"wpcw_fe_unit_title\">Unit\u00e0 3<\/td>\n\t\t\t\t\t\t\t\t<td class=\"wpcw_fe_unit\" >Esercizio del Messaggio dagli Angeli<\/td>\n\t\t\t\t\t\t\t\t<td class=\"wpcw_fe_unit\">&nbsp;<\/td>\n\t\t\t\t\t\t\t<\/tr><tr class=\"wpcw_fe_unit wpcw_fe_module_group_3_14 wpcw_unit_end\">\n\t\t\t\t\t\t\t\t<td class=\"wpcw_fe_unit_title\">Unit\u00e0 4<\/td>\n\t\t\t\t\t\t\t\t<td class=\"wpcw_fe_unit\" >Esercizio Il Nome dell'Angelo<\/td>\n\t\t\t\t\t\t\t\t<td class=\"wpcw_fe_unit\">&nbsp;<\/td>\n\t\t\t\t\t\t\t<\/tr><tr class=\"wpcw_fe_module\" id=\"wpcw_fe_module_group_4_14\">\n\t\t\t\t<th class=\"wpcw_fe_module_title_header\">Modulo 4<\/th>\n\t\t\t\t<th class=\"wpcw_fe_module_desc_header\">Conclusione<\/th>\n\t\t\t\t\n\t\t\t\t<th class=\"wpcw_fe_unit_progress_header\"><span class=\"wpcw-toogle-icon\"><i><\/i><\/span><\/th>\n\t\t\t\t\n\t\t\t<\/tr><tr class=\"wpcw_fe_unit wpcw_fe_module_group_4_14 wpcw_unit_end\">\n\t\t\t\t\t\t\t\t<td class=\"wpcw_fe_unit_title\">Unit\u00e0 1<\/td>\n\t\t\t\t\t\t\t\t<td class=\"wpcw_fe_unit\" >Conclusione<\/td>\n\t\t\t\t\t\t\t\t<td class=\"wpcw_fe_unit\">&nbsp;<\/td>\n\t\t\t\t\t\t\t<\/tr><\/table>\n<p><a title=\"Contattami\" href=\"https:\/\/wolfchorus.net\/krh\/contattami\/\" target=\"_blank\" rel=\"noopener\">Contattami<\/a>\u00a0per ricevere ulteriori informazioni<\/p>\n","protected":false},"excerpt":{"rendered":"<p>A cura di Gaia Shamanel Attraverso i video e gli esercizi guidati, potrai imparare a canalizzare le Entit\u00e0 di Luce, che ti sono sempre accanto e desiderano dialogare con te. Apprenderai la differenza tra channeling e medianit\u00e0, scoprirai che esistono diverse modalit\u00e0 di connessione coi mondi superiori e comprenderai quali di esse sono pi\u00f9 in linea con la tua essenza e le tue predisposizioni. Potrai esercitarti su tutte, comprese: la scrittura automatica l&#8217;uso della tavoletta Ouija la connessione mentale Il corso \u00e8 esperienziale, durante le esercitazioni, entrerai gi\u00e0 in contatto con gli Esseri di Luce e potrai ricevere i loro messaggi. In 9 video apprenderai le basi del channeling e potrai iniziare ad usarlo nella tua vita quotidiana e per la tua crescita spirituale. Sono previste un&#8217;attivazione a distanza e 2 ore di videolezioni. Dopo aver ricevuto l&#8217;attivazione potrai attivare a tua volta altre persone e trasmettere questi insegnamenti. Il corso si svolge interamente online ed \u00e8 fruibile nei propri tempi e senza scadenza da pc, cellulare o tablet. E&#8217; previsto un attestato a fine corso. Contattami\u00a0per ricevere ulteriori informazioni<\/p>\n","protected":false},"featured_media":34832,"comment_status":"closed","ping_status":"closed","template":"","meta":[],"product_brand":[],"product_cat":[560],"product_tag":[],"class_list":{"0":"post-37394","1":"product","2":"type-product","3":"status-publish","4":"has-post-thumbnail","6":"product_cat-corsi-online","8":"first","9":"instock","10":"virtual","11":"purchasable","12":"product-type-simple"},"acf":[],"_links":{"self":[{"href":"https:\/\/wolfchorus.net\/krh\/wp-json\/wp\/v2\/product\/37394","targetHints":{"allow":["GET"]}}],"collection":[{"href":"https:\/\/wolfchorus.net\/krh\/wp-json\/wp\/v2\/product"}],"about":[{"href":"https:\/\/wolfchorus.net\/krh\/wp-json\/wp\/v2\/types\/product"}],"replies":[{"embeddable":true,"href":"https:\/\/wolfchorus.net\/krh\/wp-json\/wp\/v2\/comments?post=37394"}],"wp:featuredmedia":[{"embeddable":true,"href":"https:\/\/wolfchorus.net\/krh\/wp-json\/wp\/v2\/media\/34832"}],"wp:attachment":[{"href":"https:\/\/wolfchorus.net\/krh\/wp-json\/wp\/v2\/media?parent=37394"}],"wp:term":[{"taxonomy":"product_brand","embeddable":true,"href":"https:\/\/wolfchorus.net\/krh\/wp-json\/wp\/v2\/product_brand?post=37394"},{"taxonomy":"product_cat","embeddable":true,"href":"https:\/\/wolfchorus.net\/krh\/wp-json\/wp\/v2\/product_cat?post=37394"},{"taxonomy":"product_tag","embeddable":true,"href":"https:\/\/wolfchorus.net\/krh\/wp-json\/wp\/v2\/product_tag?post=37394"}],"curies":[{"name":"wp","href":"https:\/\/api.w.org\/{rel}","templated":true}]}}