{"id":37359,"date":"2026-01-23T17:31:19","date_gmt":"2026-01-23T16:31:19","guid":{"rendered":"https:\/\/wolfchorus.net\/kundalini-reiki-healing\/?post_type=product&#038;p=37359"},"modified":"2026-01-24T23:10:02","modified_gmt":"2026-01-24T22:10:02","slug":"shamanic-animal-communication-healing","status":"publish","type":"product","link":"https:\/\/wolfchorus.net\/krh\/prodotto\/shamanic-animal-communication-healing\/","title":{"rendered":"Shamanic Animal Communication &#038; Healing"},"content":{"rendered":"<p class=\"style347\" style=\"text-align: justify;\">Questo corso \u00e8 riservato a chi \u00e8 in grado di padroneggiare il viaggio sciamanico, se non hai esperienza con questa pratica dovresti prima svolgere il corso \u201c<a href=\"https:\/\/wolfchorus.net\/krh\/corso\/il-viaggio-sciamanico\/\" target=\"_blank\" rel=\"noopener\">Il Viaggio Sciamanico<\/a>\u201d.<\/p>\n<h6 class=\"style347\" style=\"text-align: justify;\">Lo sciamanesimo \u00e8 la pratica spirituale pi\u00f9 antica conosciuta dall&#8217;umanit\u00e0 ed \u00e8 ancora praticato in tutto il mondo dai popoli indigeni e da chi sente la chiamata a svolgere il ruolo di praticante sciamanico. Gli sciamani considerano la malattia una disarmonia a livello energetico\/spirituale, che pu\u00f2 essere causa di malattie mentali, emotive e\/o fisiche, se non risolta.<\/h6>\n<p class=\"style347\" style=\"text-align: justify;\">Lo sciamano affronta l&#8217;aspetto spirituale della malattia compiendo viaggi al di fuori del tempo e dello spazio, in quella che viene definita &#8220;realt\u00e0 non ordinaria&#8221;, dove incontra aiutanti spirituali umani e animali.<\/p>\n<p class=\"style347\" style=\"text-align: justify;\">Sono questi spiriti compassionevoli che compiono il lavoro, lo sciamano funge solo da canale (detto anche \u201cosso cavo\u201d), per il potere che si manifesta dallo spirito.<\/p>\n<p class=\"style347\" style=\"text-align: justify;\">Le sessioni sciamaniche sono molto efficaci anche per gli animali perch\u00e9 le loro anime possono soffrire delle stesse disarmonie di cui soffriamo noi umani, per esempio la perdita dell\u2019anima \u00e8 un meccanismo di sopravvivenza che viene messo in atto quando avvengono eventi dolorosi o traumatici. Parti dell&#8217;essenza o dell&#8217;anima dell\u2019animale possono decidere di andarsene, affinch\u00e9 la psiche possa sopravvivere all\u2019esperienza traumatica. Queste parti si perdono nella realt\u00e0 non ordinaria e devono essere ricongiunte con l&#8217;essere a cui appartengono, perch\u00e9 il vuoto lasciato pu\u00f2 rappresentare un invito al dolore, alla malattia e a pericolose intrusioni.<\/p>\n<p class=\"style347\" style=\"text-align: justify;\">Per il <a href=\"https:\/\/wolfchorus.net\/krh\/recupero-sciamanico-dellanima\/\" target=\"_blank\" rel=\"noopener\">recupero dell&#8217;anima<\/a> il praticante sciamanico compie un viaggio nella realt\u00e0 non ordinaria, allo scopo di trovare le parti perdute dell&#8217;anima e riportarle all\u2019essere che le ha perse. La risultante &#8220;integrit\u00e0 dell&#8217;anima&#8221; pu\u00f2 avere molti effetti benefici a livello spirituale, mentale, emotivo e fisico.<\/p>\n<p class=\"style347\" style=\"text-align: justify;\">La necessit\u00e0 di una sessione sciamanica pu\u00f2 emergere durante un <a href=\"https:\/\/wolfchorus.net\/krh\/consulti-di-animal-communication\/\" target=\"_blank\" rel=\"noopener\">consulto di Animal Communication<\/a> e pu\u00f2 fornire una solida base per il successo di altre modalit\u00e0 terapiche.<\/p>\n<p class=\"style347\" style=\"text-align: justify;\">Frequentando questo corso apprenderai tecniche di <a href=\"https:\/\/it.wikipedia.org\/wiki\/Michael_Harner\" target=\"_blank\" rel=\"noopener\">Sciamanesimo Transculturale<\/a> (Core Shamanism) e di <a href=\"https:\/\/wolfchorus.net\/krh\/animal-communication\/\" target=\"_blank\" rel=\"noopener\">Animal Communication<\/a>, per aiutare gli animali nel loro processo di guarigione. Acquisirai delle guide sciamaniche (umane e animali) che ti aiuteranno a mettere in atto il contatto telepatico, per comprendere quali problemi devono essere risolti, apprenderai inoltre rituali di guarigione per lavorare sul benessere degli animali.<\/p>\n<p class=\"style347\" style=\"text-align: justify;\">Si tratta di un corso esperienziale, avrai modo di mettere in pratica le tecniche apprese lavorando con gli animali che ospito nel mio rifugio.<\/p>\n<p>Il corso si svolge interamente on-line e comprende:<\/p>\n<ul>\n<li>una sessione individuale su zoom durante la quale avrai l\u2019opportunit\u00e0 di porre tutte le tue domande e chiarire eventuali dubbi relativi ai contenuti del corso;<\/li>\n<li>sessioni di pratica coi miei animali;<\/li>\n<li>supporto continuativo;<\/li>\n<li>fruizione nei propri tempi e senza scadenza da pc, cellulare o tablet.<\/li>\n<\/ul>\n<p>A fine corso \u00e8 previsto un certificato attestante le capacit\u00e0 acquisite.<\/p>\n<p style=\"text-align: justify;\"><table id=\"wpcw_fe_course\" class=\"wpcw_fe_table\" cellspacing=\"0\" cellborder=\"0\"><tr class=\"wpcw_fe_module\" id=\"wpcw_fe_module_group_1_31\">\n\t\t\t\t<th class=\"wpcw_fe_module_title_header\">Modulo 1<\/th>\n\t\t\t\t<th class=\"wpcw_fe_module_desc_header\">Introduzione<\/th>\n\t\t\t\t\n\t\t\t\t<th class=\"wpcw_fe_unit_progress_header\"><span class=\"wpcw-toogle-icon\"><i><\/i><\/span><\/th>\n\t\t\t\t\n\t\t\t<\/tr><tr class=\"wpcw_fe_unit wpcw_fe_module_group_1_31\">\n\t\t\t\t\t\t\t\t<td class=\"wpcw_fe_unit_title\">Unit\u00e0 1<\/td>\n\t\t\t\t\t\t\t\t<td class=\"wpcw_fe_unit\" >Come utilizzare le funzionalit\u00e0 del corso<\/td>\n\t\t\t\t\t\t\t\t<td class=\"wpcw_fe_unit\">&nbsp;<\/td>\n\t\t\t\t\t\t\t<\/tr><tr class=\"wpcw_fe_unit wpcw_fe_module_group_1_31\">\n\t\t\t\t\t\t\t\t<td class=\"wpcw_fe_unit_title\">Unit\u00e0 2<\/td>\n\t\t\t\t\t\t\t\t<td class=\"wpcw_fe_unit\" >Informazioni preliminari<\/td>\n\t\t\t\t\t\t\t\t<td class=\"wpcw_fe_unit\">&nbsp;<\/td>\n\t\t\t\t\t\t\t<\/tr><tr class=\"wpcw_fe_unit wpcw_fe_module_group_1_31\">\n\t\t\t\t\t\t\t\t<td class=\"wpcw_fe_unit_title\">Unit\u00e0 3<\/td>\n\t\t\t\t\t\t\t\t<td class=\"wpcw_fe_unit\" >Differenze tra Comunicazione Telepatica e Comunicazione Sciamanica<\/td>\n\t\t\t\t\t\t\t\t<td class=\"wpcw_fe_unit\">&nbsp;<\/td>\n\t\t\t\t\t\t\t<\/tr><tr class=\"wpcw_fe_unit wpcw_fe_module_group_1_31 wpcw_unit_end\">\n\t\t\t\t\t\t\t\t<td class=\"wpcw_fe_unit_title\">Unit\u00e0 4<\/td>\n\t\t\t\t\t\t\t\t<td class=\"wpcw_fe_unit\" >Considerazioni Etiche<\/td>\n\t\t\t\t\t\t\t\t<td class=\"wpcw_fe_unit\">&nbsp;<\/td>\n\t\t\t\t\t\t\t<\/tr><tr class=\"wpcw_fe_module\" id=\"wpcw_fe_module_group_2_31\">\n\t\t\t\t<th class=\"wpcw_fe_module_title_header\">Modulo 2<\/th>\n\t\t\t\t<th class=\"wpcw_fe_module_desc_header\">Primi Passi<\/th>\n\t\t\t\t\n\t\t\t\t<th class=\"wpcw_fe_unit_progress_header\"><span class=\"wpcw-toogle-icon\"><i><\/i><\/span><\/th>\n\t\t\t\t\n\t\t\t<\/tr><tr class=\"wpcw_fe_unit wpcw_fe_module_group_2_31\">\n\t\t\t\t\t\t\t\t<td class=\"wpcw_fe_unit_title\">Unit\u00e0 1<\/td>\n\t\t\t\t\t\t\t\t<td class=\"wpcw_fe_unit\" >Prepara te stesso<\/td>\n\t\t\t\t\t\t\t\t<td class=\"wpcw_fe_unit\">&nbsp;<\/td>\n\t\t\t\t\t\t\t<\/tr><tr class=\"wpcw_fe_unit wpcw_fe_module_group_2_31\">\n\t\t\t\t\t\t\t\t<td class=\"wpcw_fe_unit_title\">Unit\u00e0 2<\/td>\n\t\t\t\t\t\t\t\t<td class=\"wpcw_fe_unit\" >Prepara lo spazio nella realt\u00e0 ordinaria<\/td>\n\t\t\t\t\t\t\t\t<td class=\"wpcw_fe_unit\">&nbsp;<\/td>\n\t\t\t\t\t\t\t<\/tr><tr class=\"wpcw_fe_unit wpcw_fe_module_group_2_31\">\n\t\t\t\t\t\t\t\t<td class=\"wpcw_fe_unit_title\">Unit\u00e0 3<\/td>\n\t\t\t\t\t\t\t\t<td class=\"wpcw_fe_unit\" >Crea una connessione e uno spazio sicuri a supporto dell'animale e della sua persona<\/td>\n\t\t\t\t\t\t\t\t<td class=\"wpcw_fe_unit\">&nbsp;<\/td>\n\t\t\t\t\t\t\t<\/tr><tr class=\"wpcw_fe_unit wpcw_fe_module_group_2_31\">\n\t\t\t\t\t\t\t\t<td class=\"wpcw_fe_unit_title\">Unit\u00e0 4<\/td>\n\t\t\t\t\t\t\t\t<td class=\"wpcw_fe_unit\" >Ottimizza lo svuotamento<\/td>\n\t\t\t\t\t\t\t\t<td class=\"wpcw_fe_unit\">&nbsp;<\/td>\n\t\t\t\t\t\t\t<\/tr><tr class=\"wpcw_fe_unit wpcw_fe_module_group_2_31\">\n\t\t\t\t\t\t\t\t<td class=\"wpcw_fe_unit_title\">Unit\u00e0 5<\/td>\n\t\t\t\t\t\t\t\t<td class=\"wpcw_fe_unit\" >Acquisisci una Guida esperta nell'arte della comunicazione<\/td>\n\t\t\t\t\t\t\t\t<td class=\"wpcw_fe_unit\">&nbsp;<\/td>\n\t\t\t\t\t\t\t<\/tr><tr class=\"wpcw_fe_unit wpcw_fe_module_group_2_31\">\n\t\t\t\t\t\t\t\t<td class=\"wpcw_fe_unit_title\">Unit\u00e0 6<\/td>\n\t\t\t\t\t\t\t\t<td class=\"wpcw_fe_unit\" >Acquisisci una Guida esperta nell'arte della guarigione<\/td>\n\t\t\t\t\t\t\t\t<td class=\"wpcw_fe_unit\">&nbsp;<\/td>\n\t\t\t\t\t\t\t<\/tr><tr class=\"wpcw_fe_unit wpcw_fe_module_group_2_31 wpcw_unit_end\">\n\t\t\t\t\t\t\t\t<td class=\"wpcw_fe_unit_title\">Unit\u00e0 7<\/td>\n\t\t\t\t\t\t\t\t<td class=\"wpcw_fe_unit\" >Esercizi<\/td>\n\t\t\t\t\t\t\t\t<td class=\"wpcw_fe_unit\">&nbsp;<\/td>\n\t\t\t\t\t\t\t<\/tr><tr class=\"wpcw_fe_module\" id=\"wpcw_fe_module_group_3_31\">\n\t\t\t\t<th class=\"wpcw_fe_module_title_header\">Modulo 3<\/th>\n\t\t\t\t<th class=\"wpcw_fe_module_desc_header\">Dentro la Pratica Sciamanica<\/th>\n\t\t\t\t\n\t\t\t\t<th class=\"wpcw_fe_unit_progress_header\"><span class=\"wpcw-toogle-icon\"><i><\/i><\/span><\/th>\n\t\t\t\t\n\t\t\t<\/tr><tr class=\"wpcw_fe_unit wpcw_fe_module_group_3_31\">\n\t\t\t\t\t\t\t\t<td class=\"wpcw_fe_unit_title\">Unit\u00e0 1<\/td>\n\t\t\t\t\t\t\t\t<td class=\"wpcw_fe_unit\" >Precauzioni per un\u2019adeguata igiene spirituale<\/td>\n\t\t\t\t\t\t\t\t<td class=\"wpcw_fe_unit\">&nbsp;<\/td>\n\t\t\t\t\t\t\t<\/tr><tr class=\"wpcw_fe_unit wpcw_fe_module_group_3_31\">\n\t\t\t\t\t\t\t\t<td class=\"wpcw_fe_unit_title\">Unit\u00e0 2<\/td>\n\t\t\t\t\t\t\t\t<td class=\"wpcw_fe_unit\" >Meditazione guidata per entrare in uno stato di coscienza sciamanico<\/td>\n\t\t\t\t\t\t\t\t<td class=\"wpcw_fe_unit\">&nbsp;<\/td>\n\t\t\t\t\t\t\t<\/tr><tr class=\"wpcw_fe_unit wpcw_fe_module_group_3_31\">\n\t\t\t\t\t\t\t\t<td class=\"wpcw_fe_unit_title\">Unit\u00e0 3<\/td>\n\t\t\t\t\t\t\t\t<td class=\"wpcw_fe_unit\" >La dinamica della Comunicazione Sciamanica<\/td>\n\t\t\t\t\t\t\t\t<td class=\"wpcw_fe_unit\">&nbsp;<\/td>\n\t\t\t\t\t\t\t<\/tr><tr class=\"wpcw_fe_unit wpcw_fe_module_group_3_31\">\n\t\t\t\t\t\t\t\t<td class=\"wpcw_fe_unit_title\">Unit\u00e0 4<\/td>\n\t\t\t\t\t\t\t\t<td class=\"wpcw_fe_unit\" >La Rete delle Relazioni<\/td>\n\t\t\t\t\t\t\t\t<td class=\"wpcw_fe_unit\">&nbsp;<\/td>\n\t\t\t\t\t\t\t<\/tr><tr class=\"wpcw_fe_unit wpcw_fe_module_group_3_31\">\n\t\t\t\t\t\t\t\t<td class=\"wpcw_fe_unit_title\">Unit\u00e0 5<\/td>\n\t\t\t\t\t\t\t\t<td class=\"wpcw_fe_unit\" >Shapeshifting (cambiare forma)<\/td>\n\t\t\t\t\t\t\t\t<td class=\"wpcw_fe_unit\">&nbsp;<\/td>\n\t\t\t\t\t\t\t<\/tr><tr class=\"wpcw_fe_unit wpcw_fe_module_group_3_31\">\n\t\t\t\t\t\t\t\t<td class=\"wpcw_fe_unit_title\">Unit\u00e0 6<\/td>\n\t\t\t\t\t\t\t\t<td class=\"wpcw_fe_unit\" >Diagnosi sciamanica<\/td>\n\t\t\t\t\t\t\t\t<td class=\"wpcw_fe_unit\">&nbsp;<\/td>\n\t\t\t\t\t\t\t<\/tr><tr class=\"wpcw_fe_unit wpcw_fe_module_group_3_31 wpcw_unit_end\">\n\t\t\t\t\t\t\t\t<td class=\"wpcw_fe_unit_title\">Unit\u00e0 7<\/td>\n\t\t\t\t\t\t\t\t<td class=\"wpcw_fe_unit\" >Esercizio<\/td>\n\t\t\t\t\t\t\t\t<td class=\"wpcw_fe_unit\">&nbsp;<\/td>\n\t\t\t\t\t\t\t<\/tr><tr class=\"wpcw_fe_module\" id=\"wpcw_fe_module_group_4_31\">\n\t\t\t\t<th class=\"wpcw_fe_module_title_header\">Modulo 4<\/th>\n\t\t\t\t<th class=\"wpcw_fe_module_desc_header\">Malattie e problemi comportamentali<\/th>\n\t\t\t\t\n\t\t\t\t<th class=\"wpcw_fe_unit_progress_header\"><span class=\"wpcw-toogle-icon\"><i><\/i><\/span><\/th>\n\t\t\t\t\n\t\t\t<\/tr><tr class=\"wpcw_fe_unit wpcw_fe_module_group_4_31\">\n\t\t\t\t\t\t\t\t<td class=\"wpcw_fe_unit_title\">Unit\u00e0 1<\/td>\n\t\t\t\t\t\t\t\t<td class=\"wpcw_fe_unit\" >Le cause delle malattie e dei problemi comportamentali da una prospettiva sciamanica<\/td>\n\t\t\t\t\t\t\t\t<td class=\"wpcw_fe_unit\">&nbsp;<\/td>\n\t\t\t\t\t\t\t<\/tr><tr class=\"wpcw_fe_unit wpcw_fe_module_group_4_31\">\n\t\t\t\t\t\t\t\t<td class=\"wpcw_fe_unit_title\">Unit\u00e0 2<\/td>\n\t\t\t\t\t\t\t\t<td class=\"wpcw_fe_unit\" >Perdita di Potere<\/td>\n\t\t\t\t\t\t\t\t<td class=\"wpcw_fe_unit\">&nbsp;<\/td>\n\t\t\t\t\t\t\t<\/tr><tr class=\"wpcw_fe_unit wpcw_fe_module_group_4_31\">\n\t\t\t\t\t\t\t\t<td class=\"wpcw_fe_unit_title\">Unit\u00e0 3<\/td>\n\t\t\t\t\t\t\t\t<td class=\"wpcw_fe_unit\" >Perdita dell\u2019Anima<\/td>\n\t\t\t\t\t\t\t\t<td class=\"wpcw_fe_unit\">&nbsp;<\/td>\n\t\t\t\t\t\t\t<\/tr><tr class=\"wpcw_fe_unit wpcw_fe_module_group_4_31\">\n\t\t\t\t\t\t\t\t<td class=\"wpcw_fe_unit_title\">Unit\u00e0 4<\/td>\n\t\t\t\t\t\t\t\t<td class=\"wpcw_fe_unit\" >Blocchi e Intrusioni<\/td>\n\t\t\t\t\t\t\t\t<td class=\"wpcw_fe_unit\">&nbsp;<\/td>\n\t\t\t\t\t\t\t<\/tr><tr class=\"wpcw_fe_unit wpcw_fe_module_group_4_31 wpcw_unit_end\">\n\t\t\t\t\t\t\t\t<td class=\"wpcw_fe_unit_title\">Unit\u00e0 5<\/td>\n\t\t\t\t\t\t\t\t<td class=\"wpcw_fe_unit\" >Quiz<\/td>\n\t\t\t\t\t\t\t\t<td class=\"wpcw_fe_unit\">&nbsp;<\/td>\n\t\t\t\t\t\t\t<\/tr><tr class=\"wpcw_fe_module\" id=\"wpcw_fe_module_group_5_31\">\n\t\t\t\t<th class=\"wpcw_fe_module_title_header\">Modulo 5<\/th>\n\t\t\t\t<th class=\"wpcw_fe_module_desc_header\">Gli Elementi<\/th>\n\t\t\t\t\n\t\t\t\t<th class=\"wpcw_fe_unit_progress_header\"><span class=\"wpcw-toogle-icon\"><i><\/i><\/span><\/th>\n\t\t\t\t\n\t\t\t<\/tr><tr class=\"wpcw_fe_unit wpcw_fe_module_group_5_31\">\n\t\t\t\t\t\t\t\t<td class=\"wpcw_fe_unit_title\">Unit\u00e0 1<\/td>\n\t\t\t\t\t\t\t\t<td class=\"wpcw_fe_unit\" >Lavorare con gli Elementi<\/td>\n\t\t\t\t\t\t\t\t<td class=\"wpcw_fe_unit\">&nbsp;<\/td>\n\t\t\t\t\t\t\t<\/tr><tr class=\"wpcw_fe_unit wpcw_fe_module_group_5_31\">\n\t\t\t\t\t\t\t\t<td class=\"wpcw_fe_unit_title\">Unit\u00e0 2<\/td>\n\t\t\t\t\t\t\t\t<td class=\"wpcw_fe_unit\" >Conosci gli Elementi<\/td>\n\t\t\t\t\t\t\t\t<td class=\"wpcw_fe_unit\">&nbsp;<\/td>\n\t\t\t\t\t\t\t<\/tr><tr class=\"wpcw_fe_unit wpcw_fe_module_group_5_31 wpcw_unit_end\">\n\t\t\t\t\t\t\t\t<td class=\"wpcw_fe_unit_title\">Unit\u00e0 3<\/td>\n\t\t\t\t\t\t\t\t<td class=\"wpcw_fe_unit\" >Esercizio<\/td>\n\t\t\t\t\t\t\t\t<td class=\"wpcw_fe_unit\">&nbsp;<\/td>\n\t\t\t\t\t\t\t<\/tr><tr class=\"wpcw_fe_module\" id=\"wpcw_fe_module_group_6_31\">\n\t\t\t\t<th class=\"wpcw_fe_module_title_header\">Modulo 6<\/th>\n\t\t\t\t<th class=\"wpcw_fe_module_desc_header\">Interventi Terapici<\/th>\n\t\t\t\t\n\t\t\t\t<th class=\"wpcw_fe_unit_progress_header\"><span class=\"wpcw-toogle-icon\"><i><\/i><\/span><\/th>\n\t\t\t\t\n\t\t\t<\/tr><tr class=\"wpcw_fe_unit wpcw_fe_module_group_6_31\">\n\t\t\t\t\t\t\t\t<td class=\"wpcw_fe_unit_title\">Unit\u00e0 1<\/td>\n\t\t\t\t\t\t\t\t<td class=\"wpcw_fe_unit\" >Estrazione<\/td>\n\t\t\t\t\t\t\t\t<td class=\"wpcw_fe_unit\">&nbsp;<\/td>\n\t\t\t\t\t\t\t<\/tr><tr class=\"wpcw_fe_unit wpcw_fe_module_group_6_31\">\n\t\t\t\t\t\t\t\t<td class=\"wpcw_fe_unit_title\">Unit\u00e0 2<\/td>\n\t\t\t\t\t\t\t\t<td class=\"wpcw_fe_unit\" >Ripristino del potere<\/td>\n\t\t\t\t\t\t\t\t<td class=\"wpcw_fe_unit\">&nbsp;<\/td>\n\t\t\t\t\t\t\t<\/tr><tr class=\"wpcw_fe_unit wpcw_fe_module_group_6_31 wpcw_unit_end\">\n\t\t\t\t\t\t\t\t<td class=\"wpcw_fe_unit_title\">Unit\u00e0 3<\/td>\n\t\t\t\t\t\t\t\t<td class=\"wpcw_fe_unit\" >Smembramento<\/td>\n\t\t\t\t\t\t\t\t<td class=\"wpcw_fe_unit\">&nbsp;<\/td>\n\t\t\t\t\t\t\t<\/tr><tr class=\"wpcw_fe_module\" id=\"wpcw_fe_module_group_7_31\">\n\t\t\t\t<th class=\"wpcw_fe_module_title_header\">Modulo 7<\/th>\n\t\t\t\t<th class=\"wpcw_fe_module_desc_header\">Recupero dell'Anima<\/th>\n\t\t\t\t\n\t\t\t\t<th class=\"wpcw_fe_unit_progress_header\"><span class=\"wpcw-toogle-icon\"><i><\/i><\/span><\/th>\n\t\t\t\t\n\t\t\t<\/tr><tr class=\"wpcw_fe_unit wpcw_fe_module_group_7_31\">\n\t\t\t\t\t\t\t\t<td class=\"wpcw_fe_unit_title\">Unit\u00e0 1<\/td>\n\t\t\t\t\t\t\t\t<td class=\"wpcw_fe_unit\" >Preparazione<\/td>\n\t\t\t\t\t\t\t\t<td class=\"wpcw_fe_unit\">&nbsp;<\/td>\n\t\t\t\t\t\t\t<\/tr><tr class=\"wpcw_fe_unit wpcw_fe_module_group_7_31\">\n\t\t\t\t\t\t\t\t<td class=\"wpcw_fe_unit_title\">Unit\u00e0 2<\/td>\n\t\t\t\t\t\t\t\t<td class=\"wpcw_fe_unit\" >Recupero<\/td>\n\t\t\t\t\t\t\t\t<td class=\"wpcw_fe_unit\">&nbsp;<\/td>\n\t\t\t\t\t\t\t<\/tr><tr class=\"wpcw_fe_unit wpcw_fe_module_group_7_31\">\n\t\t\t\t\t\t\t\t<td class=\"wpcw_fe_unit_title\">Unit\u00e0 3<\/td>\n\t\t\t\t\t\t\t\t<td class=\"wpcw_fe_unit\" >Ripristino<\/td>\n\t\t\t\t\t\t\t\t<td class=\"wpcw_fe_unit\">&nbsp;<\/td>\n\t\t\t\t\t\t\t<\/tr><tr class=\"wpcw_fe_unit wpcw_fe_module_group_7_31\">\n\t\t\t\t\t\t\t\t<td class=\"wpcw_fe_unit_title\">Unit\u00e0 4<\/td>\n\t\t\t\t\t\t\t\t<td class=\"wpcw_fe_unit\" >Esercizio<\/td>\n\t\t\t\t\t\t\t\t<td class=\"wpcw_fe_unit\">&nbsp;<\/td>\n\t\t\t\t\t\t\t<\/tr><tr class=\"wpcw_fe_unit wpcw_fe_module_group_7_31\">\n\t\t\t\t\t\t\t\t<td class=\"wpcw_fe_unit_title\">Unit\u00e0 5<\/td>\n\t\t\t\t\t\t\t\t<td class=\"wpcw_fe_unit\" >Quiz Finale<\/td>\n\t\t\t\t\t\t\t\t<td class=\"wpcw_fe_unit\">&nbsp;<\/td>\n\t\t\t\t\t\t\t<\/tr><tr class=\"wpcw_fe_unit wpcw_fe_module_group_7_31 wpcw_unit_end\">\n\t\t\t\t\t\t\t\t<td class=\"wpcw_fe_unit_title\">Unit\u00e0 6<\/td>\n\t\t\t\t\t\t\t\t<td class=\"wpcw_fe_unit\" >Note Finali<\/td>\n\t\t\t\t\t\t\t\t<td class=\"wpcw_fe_unit\">&nbsp;<\/td>\n\t\t\t\t\t\t\t<\/tr><\/table><\/p>\n<p><a title=\"Contattami\" href=\"https:\/\/wolfchorus.net\/krh\/contattami\/\" target=\"_blank\" rel=\"noopener\">Contattami<\/a>\u00a0per ricevere ulteriori informazioni<\/p>\n","protected":false},"excerpt":{"rendered":"<p>Questo corso \u00e8 riservato a chi \u00e8 in grado di padroneggiare il viaggio sciamanico, se non hai esperienza con questa pratica dovresti prima svolgere il corso \u201cIl Viaggio Sciamanico\u201d. Lo sciamanesimo \u00e8 la pratica spirituale pi\u00f9 antica conosciuta dall&#8217;umanit\u00e0 ed \u00e8 ancora praticato in tutto il mondo dai popoli indigeni e da chi sente la chiamata a svolgere il ruolo di praticante sciamanico. Gli sciamani considerano la malattia una disarmonia a livello energetico\/spirituale, che pu\u00f2 essere causa di malattie mentali, emotive e\/o fisiche, se non risolta. Lo sciamano affronta l&#8217;aspetto spirituale della malattia compiendo viaggi al di fuori del tempo e dello spazio, in quella che viene definita &#8220;realt\u00e0 non ordinaria&#8221;, dove incontra aiutanti spirituali umani e animali. Sono questi spiriti compassionevoli che compiono il lavoro, lo sciamano funge solo da canale (detto anche \u201cosso cavo\u201d), per il potere che si manifesta dallo spirito. Le sessioni sciamaniche sono molto efficaci anche per gli animali perch\u00e9 le loro anime possono soffrire delle stesse disarmonie di cui soffriamo noi umani, per esempio la perdita dell\u2019anima \u00e8 un meccanismo di sopravvivenza che viene messo in atto quando avvengono eventi dolorosi o traumatici. Parti dell&#8217;essenza o dell&#8217;anima dell\u2019animale possono decidere di andarsene, affinch\u00e9 la psiche possa sopravvivere all\u2019esperienza traumatica. Queste parti si perdono nella realt\u00e0 non ordinaria e devono essere ricongiunte con l&#8217;essere a cui appartengono, perch\u00e9 il vuoto lasciato pu\u00f2 rappresentare un invito al dolore, alla malattia e a pericolose intrusioni. Per il recupero dell&#8217;anima il praticante sciamanico compie un viaggio nella realt\u00e0 non ordinaria, allo scopo di trovare le parti perdute dell&#8217;anima e riportarle all\u2019essere che le ha perse. La risultante &#8220;integrit\u00e0 dell&#8217;anima&#8221; pu\u00f2 avere molti effetti benefici a livello spirituale, mentale, emotivo e fisico. La necessit\u00e0 di una sessione sciamanica pu\u00f2 emergere durante un consulto di Animal Communication e pu\u00f2 fornire una solida base per il successo di altre modalit\u00e0 terapiche. Frequentando questo corso apprenderai tecniche di Sciamanesimo Transculturale (Core Shamanism) e di Animal Communication, per aiutare gli animali nel loro processo di guarigione. Acquisirai delle guide sciamaniche (umane e animali) che ti aiuteranno a mettere in atto il contatto telepatico, per comprendere quali problemi devono essere risolti, apprenderai inoltre rituali di guarigione per lavorare sul benessere degli animali. Si tratta di un corso esperienziale, avrai modo di mettere in pratica le tecniche apprese lavorando con gli animali che ospito nel mio rifugio. Il corso si svolge interamente on-line e comprende: una sessione individuale su zoom durante la quale avrai l\u2019opportunit\u00e0 di porre tutte le tue domande e chiarire eventuali dubbi relativi ai contenuti del corso; sessioni di pratica coi miei animali; supporto continuativo; fruizione nei propri tempi e senza scadenza da pc, cellulare o tablet. A fine corso \u00e8 previsto un certificato attestante le capacit\u00e0 acquisite. Contattami\u00a0per ricevere ulteriori informazioni<\/p>\n","protected":false},"featured_media":33077,"comment_status":"closed","ping_status":"closed","template":"","meta":[],"product_brand":[],"product_cat":[560],"product_tag":[],"class_list":{"0":"post-37359","1":"product","2":"type-product","3":"status-publish","4":"has-post-thumbnail","6":"product_cat-corsi-online","8":"first","9":"instock","10":"virtual","11":"purchasable","12":"product-type-simple"},"acf":[],"_links":{"self":[{"href":"https:\/\/wolfchorus.net\/krh\/wp-json\/wp\/v2\/product\/37359","targetHints":{"allow":["GET"]}}],"collection":[{"href":"https:\/\/wolfchorus.net\/krh\/wp-json\/wp\/v2\/product"}],"about":[{"href":"https:\/\/wolfchorus.net\/krh\/wp-json\/wp\/v2\/types\/product"}],"replies":[{"embeddable":true,"href":"https:\/\/wolfchorus.net\/krh\/wp-json\/wp\/v2\/comments?post=37359"}],"wp:featuredmedia":[{"embeddable":true,"href":"https:\/\/wolfchorus.net\/krh\/wp-json\/wp\/v2\/media\/33077"}],"wp:attachment":[{"href":"https:\/\/wolfchorus.net\/krh\/wp-json\/wp\/v2\/media?parent=37359"}],"wp:term":[{"taxonomy":"product_brand","embeddable":true,"href":"https:\/\/wolfchorus.net\/krh\/wp-json\/wp\/v2\/product_brand?post=37359"},{"taxonomy":"product_cat","embeddable":true,"href":"https:\/\/wolfchorus.net\/krh\/wp-json\/wp\/v2\/product_cat?post=37359"},{"taxonomy":"product_tag","embeddable":true,"href":"https:\/\/wolfchorus.net\/krh\/wp-json\/wp\/v2\/product_tag?post=37359"}],"curies":[{"name":"wp","href":"https:\/\/api.w.org\/{rel}","templated":true}]}}