{"id":37358,"date":"2026-01-23T15:41:49","date_gmt":"2026-01-23T14:41:49","guid":{"rendered":"https:\/\/wolfchorus.net\/kundalini-reiki-healing\/?post_type=product&#038;p=37358"},"modified":"2026-01-24T22:16:07","modified_gmt":"2026-01-24T21:16:07","slug":"corso-di-approfondimento-animali-smarriti","status":"publish","type":"product","link":"https:\/\/wolfchorus.net\/krh\/prodotto\/corso-di-approfondimento-animali-smarriti\/","title":{"rendered":"Corso di Approfondimento Animali Smarriti"},"content":{"rendered":"<h6 style=\"text-align: justify;\">Questo corso offre suggerimenti pratici su come utilizzare le tecniche di <a href=\"https:\/\/wolfchorus.net\/krh\/animal-communication\/\" target=\"_blank\" rel=\"noopener\">Animal Communication<\/a> per lavorare sui casi di animali smarriti e gestire le comunicazioni coi loro tutori.<\/h6>\n<p style=\"text-align: justify;\">La ricerca di animali smarriti \u00e8 il compito pi\u00f9 impegnativo per l\u2019Animal Communicator, molti si astengono del tutto dall\u2019offrire questo tipo di servizio, non solo, per coloro che stanno imparando le tecniche di Animal Communication e che sono in cerca di occasioni per fare pratica, la ricerca di animali smarriti pu\u00f2 essere demotivante.<\/p>\n<p style=\"text-align: justify;\">Purtroppo tantissimi animali domestici scompaiono ogni anno e in molti si trovano a dover affrontare il difficile compito di cercarli, spesso disperatamente. Sovente queste persone, dopo aver tentato invano gli approcci pi\u00f9 convenzionali, si rivolgono agli Animal Communicator per chiedere aiuto nella ricerca. E\u2019 spesso difficile trovare un Animal Communicator disposto a lavorare su casi di animali smarriti perch\u00e9 sono casi complicati, emotivamente snervanti e che possono richiedere pi\u00f9 interventi.<\/p>\n<p style=\"text-align: justify;\">Nelle ricerche di animali smarriti non si lavora solo con l&#8217;animale ma \u00e8 necessario coordinarsi col suo tutore in quanto l\u2019esito dipende interamente dalla sua volont\u00e0 e capacit\u00e0 di condurre le ricerche seguendo le indicazioni ricevute. Spesso ci si deve collegare con animali disorientati, spaventati e confusi e riferire le informazioni a persone impazienti e disperate. In aggiunta l\u2019animale potrebbe essere scappato di proposito, potrebbe essere stato rubato, oppure potrebbe essere morto o ferito; ne consegue che cercare di riportare a casa gli smarriti \u00e8 un compito tutt\u2019altro che semplice. Tuttavia, considerato il gran numero di animali che ogni giorno si perde, la ricerca di animali smarriti \u00e8 un compito socialmente utile.<\/p>\n<p style=\"text-align: justify;\">Questo corso \u00e8 rivolto agli Animal Communicator interessati a lavorare sui casi di animali smarriti, non \u00e8 un corso per principianti, per utilizzare le tecniche qui descritte devi aver gi\u00e0 frequentato il mio <a href=\"https:\/\/wolfchorus.net\/krh\/corso\/corso-interattivo-di-animal-communication\/\" target=\"_blank\" rel=\"noopener\">corso interattivo di Animal Communication<\/a> o un corso base presso un\u2019altra scuola.<\/p>\n<p style=\"text-align: justify;\">Il corso si svolge interamente online, \u00e8 fruibile nei propri tempi e senza scadenza da pc, cellulare o tablet e comprende una sessione individuale su zoom durante la quale avrai l\u2019opportunit\u00e0 di porre tutte le tue domande e chiarire eventuali dubbi relativi ai contenuti del corso.<\/p>\n<p style=\"text-align: justify;\">E&#8217; previsto un attestato a fine corso.<\/p>\n<p style=\"text-align: justify;\"><table id=\"wpcw_fe_course\" class=\"wpcw_fe_table\" cellspacing=\"0\" cellborder=\"0\"><tr class=\"wpcw_fe_module\" id=\"wpcw_fe_module_group_1_8\">\n\t\t\t\t<th class=\"wpcw_fe_module_title_header\">Modulo 1<\/th>\n\t\t\t\t<th class=\"wpcw_fe_module_desc_header\">INFORMAZIONI PRELIMINARI<\/th>\n\t\t\t\t\n\t\t\t\t<th class=\"wpcw_fe_unit_progress_header\"><span class=\"wpcw-toogle-icon\"><i><\/i><\/span><\/th>\n\t\t\t\t\n\t\t\t<\/tr><tr class=\"wpcw_fe_unit wpcw_fe_module_group_1_8\">\n\t\t\t\t\t\t\t\t<td class=\"wpcw_fe_unit_title\">Unit\u00e0 1<\/td>\n\t\t\t\t\t\t\t\t<td class=\"wpcw_fe_unit\" >Come utilizzare le funzionalit\u00e0 del corso<\/td>\n\t\t\t\t\t\t\t\t<td class=\"wpcw_fe_unit\">&nbsp;<\/td>\n\t\t\t\t\t\t\t<\/tr><tr class=\"wpcw_fe_unit wpcw_fe_module_group_1_8\">\n\t\t\t\t\t\t\t\t<td class=\"wpcw_fe_unit_title\">Unit\u00e0 2<\/td>\n\t\t\t\t\t\t\t\t<td class=\"wpcw_fe_unit\" >Le principali difficolt\u00e0 che caratterizzano i casi di animali smarriti<\/td>\n\t\t\t\t\t\t\t\t<td class=\"wpcw_fe_unit\">&nbsp;<\/td>\n\t\t\t\t\t\t\t<\/tr><tr class=\"wpcw_fe_unit wpcw_fe_module_group_1_8\">\n\t\t\t\t\t\t\t\t<td class=\"wpcw_fe_unit_title\">Unit\u00e0 3<\/td>\n\t\t\t\t\t\t\t\t<td class=\"wpcw_fe_unit\" >Quali informazioni servono per cercare un animale smarrito<\/td>\n\t\t\t\t\t\t\t\t<td class=\"wpcw_fe_unit\">&nbsp;<\/td>\n\t\t\t\t\t\t\t<\/tr><tr class=\"wpcw_fe_unit wpcw_fe_module_group_1_8\">\n\t\t\t\t\t\t\t\t<td class=\"wpcw_fe_unit_title\">Unit\u00e0 4<\/td>\n\t\t\t\t\t\t\t\t<td class=\"wpcw_fe_unit\" >Sessione tipica<\/td>\n\t\t\t\t\t\t\t\t<td class=\"wpcw_fe_unit\">&nbsp;<\/td>\n\t\t\t\t\t\t\t<\/tr><tr class=\"wpcw_fe_unit wpcw_fe_module_group_1_8 wpcw_unit_end\">\n\t\t\t\t\t\t\t\t<td class=\"wpcw_fe_unit_title\">Unit\u00e0 5<\/td>\n\t\t\t\t\t\t\t\t<td class=\"wpcw_fe_unit\" >Esempi di comunicazione telepatica con animali smarriti<\/td>\n\t\t\t\t\t\t\t\t<td class=\"wpcw_fe_unit\">&nbsp;<\/td>\n\t\t\t\t\t\t\t<\/tr><tr class=\"wpcw_fe_module\" id=\"wpcw_fe_module_group_2_8\">\n\t\t\t\t<th class=\"wpcw_fe_module_title_header\">Modulo 2<\/th>\n\t\t\t\t<th class=\"wpcw_fe_module_desc_header\">METODI PER CERCARE ANIMALI SMARRITI<\/th>\n\t\t\t\t\n\t\t\t\t<th class=\"wpcw_fe_unit_progress_header\"><span class=\"wpcw-toogle-icon\"><i><\/i><\/span><\/th>\n\t\t\t\t\n\t\t\t<\/tr><tr class=\"wpcw_fe_unit wpcw_fe_module_group_2_8\">\n\t\t\t\t\t\t\t\t<td class=\"wpcw_fe_unit_title\">Unit\u00e0 1<\/td>\n\t\t\t\t\t\t\t\t<td class=\"wpcw_fe_unit\" >Metodi per localizzare gli animali smarriti<\/td>\n\t\t\t\t\t\t\t\t<td class=\"wpcw_fe_unit\">&nbsp;<\/td>\n\t\t\t\t\t\t\t<\/tr><tr class=\"wpcw_fe_unit wpcw_fe_module_group_2_8\">\n\t\t\t\t\t\t\t\t<td class=\"wpcw_fe_unit_title\">Unit\u00e0 2<\/td>\n\t\t\t\t\t\t\t\t<td class=\"wpcw_fe_unit\" >Localizzare gli animali smarriti utilizzando il pendolo<\/td>\n\t\t\t\t\t\t\t\t<td class=\"wpcw_fe_unit\">&nbsp;<\/td>\n\t\t\t\t\t\t\t<\/tr><tr class=\"wpcw_fe_unit wpcw_fe_module_group_2_8\">\n\t\t\t\t\t\t\t\t<td class=\"wpcw_fe_unit_title\">Unit\u00e0 3<\/td>\n\t\t\t\t\t\t\t\t<td class=\"wpcw_fe_unit\" >Localizzare gli animali smarriti utilizzando la visione remota (o remote viewing)<\/td>\n\t\t\t\t\t\t\t\t<td class=\"wpcw_fe_unit\">&nbsp;<\/td>\n\t\t\t\t\t\t\t<\/tr><tr class=\"wpcw_fe_unit wpcw_fe_module_group_2_8 wpcw_unit_end\">\n\t\t\t\t\t\t\t\t<td class=\"wpcw_fe_unit_title\">Unit\u00e0 4<\/td>\n\t\t\t\t\t\t\t\t<td class=\"wpcw_fe_unit\" >Esercizio \u2013 localizzare un tuo animale con la visione remota<\/td>\n\t\t\t\t\t\t\t\t<td class=\"wpcw_fe_unit\">&nbsp;<\/td>\n\t\t\t\t\t\t\t<\/tr><tr class=\"wpcw_fe_module\" id=\"wpcw_fe_module_group_3_8\">\n\t\t\t\t<th class=\"wpcw_fe_module_title_header\">Modulo 3<\/th>\n\t\t\t\t<th class=\"wpcw_fe_module_desc_header\">LA PRATICA<\/th>\n\t\t\t\t\n\t\t\t\t<th class=\"wpcw_fe_unit_progress_header\"><span class=\"wpcw-toogle-icon\"><i><\/i><\/span><\/th>\n\t\t\t\t\n\t\t\t<\/tr><tr class=\"wpcw_fe_unit wpcw_fe_module_group_3_8\">\n\t\t\t\t\t\t\t\t<td class=\"wpcw_fe_unit_title\">Unit\u00e0 1<\/td>\n\t\t\t\t\t\t\t\t<td class=\"wpcw_fe_unit\" >Scoprire il motivo dell\u2019allontanamento<\/td>\n\t\t\t\t\t\t\t\t<td class=\"wpcw_fe_unit\">&nbsp;<\/td>\n\t\t\t\t\t\t\t<\/tr><tr class=\"wpcw_fe_unit wpcw_fe_module_group_3_8\">\n\t\t\t\t\t\t\t\t<td class=\"wpcw_fe_unit_title\">Unit\u00e0 2<\/td>\n\t\t\t\t\t\t\t\t<td class=\"wpcw_fe_unit\" >Esempio di sessione con un animale smarrito<\/td>\n\t\t\t\t\t\t\t\t<td class=\"wpcw_fe_unit\">&nbsp;<\/td>\n\t\t\t\t\t\t\t<\/tr><tr class=\"wpcw_fe_unit wpcw_fe_module_group_3_8\">\n\t\t\t\t\t\t\t\t<td class=\"wpcw_fe_unit_title\">Unit\u00e0 3<\/td>\n\t\t\t\t\t\t\t\t<td class=\"wpcw_fe_unit\" >Scansione del corpo<\/td>\n\t\t\t\t\t\t\t\t<td class=\"wpcw_fe_unit\">&nbsp;<\/td>\n\t\t\t\t\t\t\t<\/tr><tr class=\"wpcw_fe_unit wpcw_fe_module_group_3_8 wpcw_unit_end\">\n\t\t\t\t\t\t\t\t<td class=\"wpcw_fe_unit_title\">Unit\u00e0 4<\/td>\n\t\t\t\t\t\t\t\t<td class=\"wpcw_fe_unit\" >Meditazione per riportare a casa un animale smarrito<\/td>\n\t\t\t\t\t\t\t\t<td class=\"wpcw_fe_unit\">&nbsp;<\/td>\n\t\t\t\t\t\t\t<\/tr><tr class=\"wpcw_fe_module\" id=\"wpcw_fe_module_group_4_8\">\n\t\t\t\t<th class=\"wpcw_fe_module_title_header\">Modulo 4<\/th>\n\t\t\t\t<th class=\"wpcw_fe_module_desc_header\">APPROFONDIMENTI E CONSIGLI<\/th>\n\t\t\t\t\n\t\t\t\t<th class=\"wpcw_fe_unit_progress_header\"><span class=\"wpcw-toogle-icon\"><i><\/i><\/span><\/th>\n\t\t\t\t\n\t\t\t<\/tr><tr class=\"wpcw_fe_unit wpcw_fe_module_group_4_8 wpcw_unit_end\">\n\t\t\t\t\t\t\t\t<td class=\"wpcw_fe_unit_title\">Unit\u00e0 1<\/td>\n\t\t\t\t\t\t\t\t<td class=\"wpcw_fe_unit\" >Approfondimenti e consigli<\/td>\n\t\t\t\t\t\t\t\t<td class=\"wpcw_fe_unit\">&nbsp;<\/td>\n\t\t\t\t\t\t\t<\/tr><\/table><\/p>\n<p><a title=\"Contattami\" href=\"https:\/\/wolfchorus.net\/krh\/contattami\/\" target=\"_blank\" rel=\"noopener\">Contattami<\/a>\u00a0per ricevere ulteriori informazioni<\/p>\n","protected":false},"excerpt":{"rendered":"<p>Questo corso offre suggerimenti pratici su come utilizzare le tecniche di Animal Communication per lavorare sui casi di animali smarriti e gestire le comunicazioni coi loro tutori. La ricerca di animali smarriti \u00e8 il compito pi\u00f9 impegnativo per l\u2019Animal Communicator, molti si astengono del tutto dall\u2019offrire questo tipo di servizio, non solo, per coloro che stanno imparando le tecniche di Animal Communication e che sono in cerca di occasioni per fare pratica, la ricerca di animali smarriti pu\u00f2 essere demotivante. Purtroppo tantissimi animali domestici scompaiono ogni anno e in molti si trovano a dover affrontare il difficile compito di cercarli, spesso disperatamente. Sovente queste persone, dopo aver tentato invano gli approcci pi\u00f9 convenzionali, si rivolgono agli Animal Communicator per chiedere aiuto nella ricerca. E\u2019 spesso difficile trovare un Animal Communicator disposto a lavorare su casi di animali smarriti perch\u00e9 sono casi complicati, emotivamente snervanti e che possono richiedere pi\u00f9 interventi. Nelle ricerche di animali smarriti non si lavora solo con l&#8217;animale ma \u00e8 necessario coordinarsi col suo tutore in quanto l\u2019esito dipende interamente dalla sua volont\u00e0 e capacit\u00e0 di condurre le ricerche seguendo le indicazioni ricevute. Spesso ci si deve collegare con animali disorientati, spaventati e confusi e riferire le informazioni a persone impazienti e disperate. In aggiunta l\u2019animale potrebbe essere scappato di proposito, potrebbe essere stato rubato, oppure potrebbe essere morto o ferito; ne consegue che cercare di riportare a casa gli smarriti \u00e8 un compito tutt\u2019altro che semplice. Tuttavia, considerato il gran numero di animali che ogni giorno si perde, la ricerca di animali smarriti \u00e8 un compito socialmente utile. Questo corso \u00e8 rivolto agli Animal Communicator interessati a lavorare sui casi di animali smarriti, non \u00e8 un corso per principianti, per utilizzare le tecniche qui descritte devi aver gi\u00e0 frequentato il mio corso interattivo di Animal Communication o un corso base presso un\u2019altra scuola. Il corso si svolge interamente online, \u00e8 fruibile nei propri tempi e senza scadenza da pc, cellulare o tablet e comprende una sessione individuale su zoom durante la quale avrai l\u2019opportunit\u00e0 di porre tutte le tue domande e chiarire eventuali dubbi relativi ai contenuti del corso. E&#8217; previsto un attestato a fine corso. Contattami\u00a0per ricevere ulteriori informazioni<\/p>\n","protected":false},"featured_media":28650,"comment_status":"closed","ping_status":"closed","template":"","meta":[],"product_brand":[],"product_cat":[560],"product_tag":[],"class_list":{"0":"post-37358","1":"product","2":"type-product","3":"status-publish","4":"has-post-thumbnail","6":"product_cat-corsi-online","8":"first","9":"instock","10":"virtual","11":"purchasable","12":"product-type-simple"},"acf":[],"_links":{"self":[{"href":"https:\/\/wolfchorus.net\/krh\/wp-json\/wp\/v2\/product\/37358","targetHints":{"allow":["GET"]}}],"collection":[{"href":"https:\/\/wolfchorus.net\/krh\/wp-json\/wp\/v2\/product"}],"about":[{"href":"https:\/\/wolfchorus.net\/krh\/wp-json\/wp\/v2\/types\/product"}],"replies":[{"embeddable":true,"href":"https:\/\/wolfchorus.net\/krh\/wp-json\/wp\/v2\/comments?post=37358"}],"wp:featuredmedia":[{"embeddable":true,"href":"https:\/\/wolfchorus.net\/krh\/wp-json\/wp\/v2\/media\/28650"}],"wp:attachment":[{"href":"https:\/\/wolfchorus.net\/krh\/wp-json\/wp\/v2\/media?parent=37358"}],"wp:term":[{"taxonomy":"product_brand","embeddable":true,"href":"https:\/\/wolfchorus.net\/krh\/wp-json\/wp\/v2\/product_brand?post=37358"},{"taxonomy":"product_cat","embeddable":true,"href":"https:\/\/wolfchorus.net\/krh\/wp-json\/wp\/v2\/product_cat?post=37358"},{"taxonomy":"product_tag","embeddable":true,"href":"https:\/\/wolfchorus.net\/krh\/wp-json\/wp\/v2\/product_tag?post=37358"}],"curies":[{"name":"wp","href":"https:\/\/api.w.org\/{rel}","templated":true}]}}