{"id":37352,"date":"2026-01-23T08:34:10","date_gmt":"2026-01-23T07:34:10","guid":{"rendered":"https:\/\/wolfchorus.net\/kundalini-reiki-healing\/?post_type=product&#038;p=37352"},"modified":"2026-01-24T17:09:48","modified_gmt":"2026-01-24T16:09:48","slug":"il-viaggio-sciamanico","status":"publish","type":"product","link":"https:\/\/wolfchorus.net\/krh\/prodotto\/il-viaggio-sciamanico\/","title":{"rendered":"Il Viaggio Sciamanico"},"content":{"rendered":"<h6 style=\"text-align: justify;\">Il Viaggio Sciamanico \u00e8 uno strumento semplice e potente che possiamo usare per instaurare un dialogo con la realt\u00e0 invisibile che \u00e8 alla base del mondo materiale in cui viviamo, per accedere alla saggezza spirituale, alla guarigione olistica, per ottenere aiuto nelle questioni che riguardano la vita di tutti i giorni.<\/h6>\n<p style=\"text-align: justify;\">In questo corso avrai la possibilit\u00e0 di acquisire il tuo Animale di Potere e altre Guide compassionevoli, che ti guideranno in modo sicuro attraverso i mondi sciamanici e ti aiuteranno a riconnetterti con la Natura e col tuo vero S\u00e9, in un percorso di consapevolezza e di crescita personale. Guidato dal suono del tamburo imparerai ad entrare facilmente in uno stato di coscienza alterata e potrai esplorare i mondi sciamanici.<\/p>\n<p style=\"text-align: justify;\">Le Guide che via via acquisirai nel corso dei tuoi viaggi ti aiuteranno con l\u2019intuizione e l\u2019ispirazione, con la guarigione dei blocchi energetici, a coltivare una maggiore consapevolezza ed altro ancora.<\/p>\n<p style=\"text-align: justify;\">Il corso si svolge interamente online ed \u00e8 fruibile nei propri tempi e senza scadenza da pc, cellulare o tablet.<\/p>\n<p style=\"text-align: justify;\">E&#8217; previsto un attestato a fine corso.<\/p>\n<p style=\"text-align: justify;\"><table id=\"wpcw_fe_course\" class=\"wpcw_fe_table\" cellspacing=\"0\" cellborder=\"0\"><tr class=\"wpcw_fe_module\" id=\"wpcw_fe_module_group_1_28\">\n\t\t\t\t<th class=\"wpcw_fe_module_title_header\">Modulo 1<\/th>\n\t\t\t\t<th class=\"wpcw_fe_module_desc_header\">Introduzione<\/th>\n\t\t\t\t\n\t\t\t\t<th class=\"wpcw_fe_unit_progress_header\"><span class=\"wpcw-toogle-icon\"><i><\/i><\/span><\/th>\n\t\t\t\t\n\t\t\t<\/tr><tr class=\"wpcw_fe_unit wpcw_fe_module_group_1_28\">\n\t\t\t\t\t\t\t\t<td class=\"wpcw_fe_unit_title\">Unit\u00e0 1<\/td>\n\t\t\t\t\t\t\t\t<td class=\"wpcw_fe_unit\" >Come utilizzare le funzionalit\u00e0 del corso<\/td>\n\t\t\t\t\t\t\t\t<td class=\"wpcw_fe_unit\">&nbsp;<\/td>\n\t\t\t\t\t\t\t<\/tr><tr class=\"wpcw_fe_unit  wpcw_fe_module_group_1_28 wpcw_unit_end \">\n\t\t\t\t\t\t\t\t<td class=\"wpcw_fe_unit_title\">Unit\u00e0 2<\/td>\n\t\t\t\t\t\t\t\t<td class=\"wpcw_fe_unit\"><a href=\"https:\/\/wolfchorus.net\/krh\/module-1\/introduzione-7\/\">Introduzione&nbsp; - <em>Anteprima<\/em><\/a><\/td>\n\t\t\t\t\t\t\t\t<td class=\"wpcw_fe_unit\">&nbsp;<\/td>\n\t\t\t\t\t\t\t<\/tr><tr class=\"wpcw_fe_module\" id=\"wpcw_fe_module_group_2_28\">\n\t\t\t\t<th class=\"wpcw_fe_module_title_header\">Modulo 2<\/th>\n\t\t\t\t<th class=\"wpcw_fe_module_desc_header\">Che cos\u2019\u00e8 lo Sciamanesimo<\/th>\n\t\t\t\t\n\t\t\t\t<th class=\"wpcw_fe_unit_progress_header\"><span class=\"wpcw-toogle-icon\"><i><\/i><\/span><\/th>\n\t\t\t\t\n\t\t\t<\/tr><tr class=\"wpcw_fe_unit wpcw_fe_module_group_2_28 wpcw_unit_end\">\n\t\t\t\t\t\t\t\t<td class=\"wpcw_fe_unit_title\">Unit\u00e0 1<\/td>\n\t\t\t\t\t\t\t\t<td class=\"wpcw_fe_unit\" >Che cos'\u00e8 lo Sciamanesimo<\/td>\n\t\t\t\t\t\t\t\t<td class=\"wpcw_fe_unit\">&nbsp;<\/td>\n\t\t\t\t\t\t\t<\/tr><tr class=\"wpcw_fe_module\" id=\"wpcw_fe_module_group_3_28\">\n\t\t\t\t<th class=\"wpcw_fe_module_title_header\">Modulo 3<\/th>\n\t\t\t\t<th class=\"wpcw_fe_module_desc_header\">I Mondi Sciamanici<\/th>\n\t\t\t\t\n\t\t\t\t<th class=\"wpcw_fe_unit_progress_header\"><span class=\"wpcw-toogle-icon\"><i><\/i><\/span><\/th>\n\t\t\t\t\n\t\t\t<\/tr><tr class=\"wpcw_fe_unit wpcw_fe_module_group_3_28\">\n\t\t\t\t\t\t\t\t<td class=\"wpcw_fe_unit_title\">Unit\u00e0 1<\/td>\n\t\t\t\t\t\t\t\t<td class=\"wpcw_fe_unit\" >I Mondi Sciamanici<\/td>\n\t\t\t\t\t\t\t\t<td class=\"wpcw_fe_unit\">&nbsp;<\/td>\n\t\t\t\t\t\t\t<\/tr><tr class=\"wpcw_fe_unit wpcw_fe_module_group_3_28\">\n\t\t\t\t\t\t\t\t<td class=\"wpcw_fe_unit_title\">Unit\u00e0 2<\/td>\n\t\t\t\t\t\t\t\t<td class=\"wpcw_fe_unit\" >Il Mondo Inferiore (o Mondo di Sotto)<\/td>\n\t\t\t\t\t\t\t\t<td class=\"wpcw_fe_unit\">&nbsp;<\/td>\n\t\t\t\t\t\t\t<\/tr><tr class=\"wpcw_fe_unit wpcw_fe_module_group_3_28\">\n\t\t\t\t\t\t\t\t<td class=\"wpcw_fe_unit_title\">Unit\u00e0 3<\/td>\n\t\t\t\t\t\t\t\t<td class=\"wpcw_fe_unit\" >Il Mondo Superiore (o Mondo di Sopra)<\/td>\n\t\t\t\t\t\t\t\t<td class=\"wpcw_fe_unit\">&nbsp;<\/td>\n\t\t\t\t\t\t\t<\/tr><tr class=\"wpcw_fe_unit wpcw_fe_module_group_3_28 wpcw_unit_end\">\n\t\t\t\t\t\t\t\t<td class=\"wpcw_fe_unit_title\">Unit\u00e0 4<\/td>\n\t\t\t\t\t\t\t\t<td class=\"wpcw_fe_unit\" >Il Mondo di Mezzo<\/td>\n\t\t\t\t\t\t\t\t<td class=\"wpcw_fe_unit\">&nbsp;<\/td>\n\t\t\t\t\t\t\t<\/tr><tr class=\"wpcw_fe_module\" id=\"wpcw_fe_module_group_4_28\">\n\t\t\t\t<th class=\"wpcw_fe_module_title_header\">Modulo 4<\/th>\n\t\t\t\t<th class=\"wpcw_fe_module_desc_header\">Il Punto di Partenza<\/th>\n\t\t\t\t\n\t\t\t\t<th class=\"wpcw_fe_unit_progress_header\"><span class=\"wpcw-toogle-icon\"><i><\/i><\/span><\/th>\n\t\t\t\t\n\t\t\t<\/tr><tr class=\"wpcw_fe_unit wpcw_fe_module_group_4_28 wpcw_unit_end\">\n\t\t\t\t\t\t\t\t<td class=\"wpcw_fe_unit_title\">Unit\u00e0 1<\/td>\n\t\t\t\t\t\t\t\t<td class=\"wpcw_fe_unit\" >Il Punto di Partenza<\/td>\n\t\t\t\t\t\t\t\t<td class=\"wpcw_fe_unit\">&nbsp;<\/td>\n\t\t\t\t\t\t\t<\/tr><tr class=\"wpcw_fe_module\" id=\"wpcw_fe_module_group_5_28\">\n\t\t\t\t<th class=\"wpcw_fe_module_title_header\">Modulo 5<\/th>\n\t\t\t\t<th class=\"wpcw_fe_module_desc_header\">Le Guide<\/th>\n\t\t\t\t\n\t\t\t\t<th class=\"wpcw_fe_unit_progress_header\"><span class=\"wpcw-toogle-icon\"><i><\/i><\/span><\/th>\n\t\t\t\t\n\t\t\t<\/tr><tr class=\"wpcw_fe_unit wpcw_fe_module_group_5_28\">\n\t\t\t\t\t\t\t\t<td class=\"wpcw_fe_unit_title\">Unit\u00e0 1<\/td>\n\t\t\t\t\t\t\t\t<td class=\"wpcw_fe_unit\" >L'Animale di Potere<\/td>\n\t\t\t\t\t\t\t\t<td class=\"wpcw_fe_unit\">&nbsp;<\/td>\n\t\t\t\t\t\t\t<\/tr><tr class=\"wpcw_fe_unit wpcw_fe_module_group_5_28 wpcw_unit_end\">\n\t\t\t\t\t\t\t\t<td class=\"wpcw_fe_unit_title\">Unit\u00e0 2<\/td>\n\t\t\t\t\t\t\t\t<td class=\"wpcw_fe_unit\" >Scegliere le Proprie Guide<\/td>\n\t\t\t\t\t\t\t\t<td class=\"wpcw_fe_unit\">&nbsp;<\/td>\n\t\t\t\t\t\t\t<\/tr><tr class=\"wpcw_fe_module\" id=\"wpcw_fe_module_group_6_28\">\n\t\t\t\t<th class=\"wpcw_fe_module_title_header\">Modulo 6<\/th>\n\t\t\t\t<th class=\"wpcw_fe_module_desc_header\">Svuotarsi<\/th>\n\t\t\t\t\n\t\t\t\t<th class=\"wpcw_fe_unit_progress_header\"><span class=\"wpcw-toogle-icon\"><i><\/i><\/span><\/th>\n\t\t\t\t\n\t\t\t<\/tr><tr class=\"wpcw_fe_unit wpcw_fe_module_group_6_28\">\n\t\t\t\t\t\t\t\t<td class=\"wpcw_fe_unit_title\">Unit\u00e0 1<\/td>\n\t\t\t\t\t\t\t\t<td class=\"wpcw_fe_unit\" >Svuotarsi<\/td>\n\t\t\t\t\t\t\t\t<td class=\"wpcw_fe_unit\">&nbsp;<\/td>\n\t\t\t\t\t\t\t<\/tr><tr class=\"wpcw_fe_unit wpcw_fe_module_group_6_28\">\n\t\t\t\t\t\t\t\t<td class=\"wpcw_fe_unit_title\">Unit\u00e0 2<\/td>\n\t\t\t\t\t\t\t\t<td class=\"wpcw_fe_unit\" >Semplici Rituali per Svuotarsi<\/td>\n\t\t\t\t\t\t\t\t<td class=\"wpcw_fe_unit\">&nbsp;<\/td>\n\t\t\t\t\t\t\t<\/tr><tr class=\"wpcw_fe_unit wpcw_fe_module_group_6_28 wpcw_unit_end\">\n\t\t\t\t\t\t\t\t<td class=\"wpcw_fe_unit_title\">Unit\u00e0 3<\/td>\n\t\t\t\t\t\t\t\t<td class=\"wpcw_fe_unit\" >Esercizio: trova il rituale pi\u00f9 adatto a te<\/td>\n\t\t\t\t\t\t\t\t<td class=\"wpcw_fe_unit\">&nbsp;<\/td>\n\t\t\t\t\t\t\t<\/tr><tr class=\"wpcw_fe_module\" id=\"wpcw_fe_module_group_7_28\">\n\t\t\t\t<th class=\"wpcw_fe_module_title_header\">Modulo 7<\/th>\n\t\t\t\t<th class=\"wpcw_fe_module_desc_header\">Prepararsi per il Viaggio<\/th>\n\t\t\t\t\n\t\t\t\t<th class=\"wpcw_fe_unit_progress_header\"><span class=\"wpcw-toogle-icon\"><i><\/i><\/span><\/th>\n\t\t\t\t\n\t\t\t<\/tr><tr class=\"wpcw_fe_unit wpcw_fe_module_group_7_28\">\n\t\t\t\t\t\t\t\t<td class=\"wpcw_fe_unit_title\">Unit\u00e0 1<\/td>\n\t\t\t\t\t\t\t\t<td class=\"wpcw_fe_unit\" >Protezione: creare uno Spazio Sacro<\/td>\n\t\t\t\t\t\t\t\t<td class=\"wpcw_fe_unit\">&nbsp;<\/td>\n\t\t\t\t\t\t\t<\/tr><tr class=\"wpcw_fe_unit wpcw_fe_module_group_7_28\">\n\t\t\t\t\t\t\t\t<td class=\"wpcw_fe_unit_title\">Unit\u00e0 2<\/td>\n\t\t\t\t\t\t\t\t<td class=\"wpcw_fe_unit\" >Il Tamburo Sciamanico<\/td>\n\t\t\t\t\t\t\t\t<td class=\"wpcw_fe_unit\">&nbsp;<\/td>\n\t\t\t\t\t\t\t<\/tr><tr class=\"wpcw_fe_unit wpcw_fe_module_group_7_28\">\n\t\t\t\t\t\t\t\t<td class=\"wpcw_fe_unit_title\">Unit\u00e0 3<\/td>\n\t\t\t\t\t\t\t\t<td class=\"wpcw_fe_unit\" >Tamburo 10 minuti<\/td>\n\t\t\t\t\t\t\t\t<td class=\"wpcw_fe_unit\">&nbsp;<\/td>\n\t\t\t\t\t\t\t<\/tr><tr class=\"wpcw_fe_unit wpcw_fe_module_group_7_28\">\n\t\t\t\t\t\t\t\t<td class=\"wpcw_fe_unit_title\">Unit\u00e0 4<\/td>\n\t\t\t\t\t\t\t\t<td class=\"wpcw_fe_unit\" >Tamburo 20 minuti<\/td>\n\t\t\t\t\t\t\t\t<td class=\"wpcw_fe_unit\">&nbsp;<\/td>\n\t\t\t\t\t\t\t<\/tr><tr class=\"wpcw_fe_unit wpcw_fe_module_group_7_28\">\n\t\t\t\t\t\t\t\t<td class=\"wpcw_fe_unit_title\">Unit\u00e0 5<\/td>\n\t\t\t\t\t\t\t\t<td class=\"wpcw_fe_unit\" >Prepararsi per compiere il Viaggio Sciamanico<\/td>\n\t\t\t\t\t\t\t\t<td class=\"wpcw_fe_unit\">&nbsp;<\/td>\n\t\t\t\t\t\t\t<\/tr><tr class=\"wpcw_fe_unit wpcw_fe_module_group_7_28 wpcw_unit_end\">\n\t\t\t\t\t\t\t\t<td class=\"wpcw_fe_unit_title\">Unit\u00e0 6<\/td>\n\t\t\t\t\t\t\t\t<td class=\"wpcw_fe_unit\" >Esercizio: visita guidata al mondo inferiore<\/td>\n\t\t\t\t\t\t\t\t<td class=\"wpcw_fe_unit\">&nbsp;<\/td>\n\t\t\t\t\t\t\t<\/tr><tr class=\"wpcw_fe_module\" id=\"wpcw_fe_module_group_8_28\">\n\t\t\t\t<th class=\"wpcw_fe_module_title_header\">Modulo 8<\/th>\n\t\t\t\t<th class=\"wpcw_fe_module_desc_header\">Viaggio nel Mondo Inferiore per acquisire le Guide<\/th>\n\t\t\t\t\n\t\t\t\t<th class=\"wpcw_fe_unit_progress_header\"><span class=\"wpcw-toogle-icon\"><i><\/i><\/span><\/th>\n\t\t\t\t\n\t\t\t<\/tr><tr class=\"wpcw_fe_unit wpcw_fe_module_group_8_28\">\n\t\t\t\t\t\t\t\t<td class=\"wpcw_fe_unit_title\">Unit\u00e0 1<\/td>\n\t\t\t\t\t\t\t\t<td class=\"wpcw_fe_unit\" >Acquisisci l'Animale di Potere<\/td>\n\t\t\t\t\t\t\t\t<td class=\"wpcw_fe_unit\">&nbsp;<\/td>\n\t\t\t\t\t\t\t<\/tr><tr class=\"wpcw_fe_unit wpcw_fe_module_group_8_28\">\n\t\t\t\t\t\t\t\t<td class=\"wpcw_fe_unit_title\">Unit\u00e0 2<\/td>\n\t\t\t\t\t\t\t\t<td class=\"wpcw_fe_unit\" >Pratiche per rafforzare il legame con l'Animale di Potere<\/td>\n\t\t\t\t\t\t\t\t<td class=\"wpcw_fe_unit\">&nbsp;<\/td>\n\t\t\t\t\t\t\t<\/tr><tr class=\"wpcw_fe_unit wpcw_fe_module_group_8_28\">\n\t\t\t\t\t\t\t\t<td class=\"wpcw_fe_unit_title\">Unit\u00e0 3<\/td>\n\t\t\t\t\t\t\t\t<td class=\"wpcw_fe_unit\" >Acquisisci una Guida Umana<\/td>\n\t\t\t\t\t\t\t\t<td class=\"wpcw_fe_unit\">&nbsp;<\/td>\n\t\t\t\t\t\t\t<\/tr><tr class=\"wpcw_fe_unit wpcw_fe_module_group_8_28 wpcw_unit_end\">\n\t\t\t\t\t\t\t\t<td class=\"wpcw_fe_unit_title\">Unit\u00e0 4<\/td>\n\t\t\t\t\t\t\t\t<td class=\"wpcw_fe_unit\" >Pratiche per rafforzare il legame con la Guida Umana<\/td>\n\t\t\t\t\t\t\t\t<td class=\"wpcw_fe_unit\">&nbsp;<\/td>\n\t\t\t\t\t\t\t<\/tr><tr class=\"wpcw_fe_module\" id=\"wpcw_fe_module_group_9_28\">\n\t\t\t\t<th class=\"wpcw_fe_module_title_header\">Modulo 9<\/th>\n\t\t\t\t<th class=\"wpcw_fe_module_desc_header\">Viaggio nel Mondo Superiore<\/th>\n\t\t\t\t\n\t\t\t\t<th class=\"wpcw_fe_unit_progress_header\"><span class=\"wpcw-toogle-icon\"><i><\/i><\/span><\/th>\n\t\t\t\t\n\t\t\t<\/tr><tr class=\"wpcw_fe_unit wpcw_fe_module_group_9_28\">\n\t\t\t\t\t\t\t\t<td class=\"wpcw_fe_unit_title\">Unit\u00e0 1<\/td>\n\t\t\t\t\t\t\t\t<td class=\"wpcw_fe_unit\" >Viaggio nel Mondo Superiore<\/td>\n\t\t\t\t\t\t\t\t<td class=\"wpcw_fe_unit\">&nbsp;<\/td>\n\t\t\t\t\t\t\t<\/tr><tr class=\"wpcw_fe_unit wpcw_fe_module_group_9_28 wpcw_unit_end\">\n\t\t\t\t\t\t\t\t<td class=\"wpcw_fe_unit_title\">Unit\u00e0 2<\/td>\n\t\t\t\t\t\t\t\t<td class=\"wpcw_fe_unit\" >Approfondimenti sul Viaggio nel Mondo Superiore<\/td>\n\t\t\t\t\t\t\t\t<td class=\"wpcw_fe_unit\">&nbsp;<\/td>\n\t\t\t\t\t\t\t<\/tr><tr class=\"wpcw_fe_module\" id=\"wpcw_fe_module_group_10_28\">\n\t\t\t\t<th class=\"wpcw_fe_module_title_header\">Modulo 10<\/th>\n\t\t\t\t<th class=\"wpcw_fe_module_desc_header\">Viaggio nel Mondo di Mezzo<\/th>\n\t\t\t\t\n\t\t\t\t<th class=\"wpcw_fe_unit_progress_header\"><span class=\"wpcw-toogle-icon\"><i><\/i><\/span><\/th>\n\t\t\t\t\n\t\t\t<\/tr><tr class=\"wpcw_fe_unit wpcw_fe_module_group_10_28 wpcw_unit_end\">\n\t\t\t\t\t\t\t\t<td class=\"wpcw_fe_unit_title\">Unit\u00e0 1<\/td>\n\t\t\t\t\t\t\t\t<td class=\"wpcw_fe_unit\" >Viaggio nel Mondo di Mezzo<\/td>\n\t\t\t\t\t\t\t\t<td class=\"wpcw_fe_unit\">&nbsp;<\/td>\n\t\t\t\t\t\t\t<\/tr><tr class=\"wpcw_fe_module\" id=\"wpcw_fe_module_group_11_28\">\n\t\t\t\t<th class=\"wpcw_fe_module_title_header\">Modulo 11<\/th>\n\t\t\t\t<th class=\"wpcw_fe_module_desc_header\">Note Finali<\/th>\n\t\t\t\t\n\t\t\t\t<th class=\"wpcw_fe_unit_progress_header\"><span class=\"wpcw-toogle-icon\"><i><\/i><\/span><\/th>\n\t\t\t\t\n\t\t\t<\/tr><tr class=\"wpcw_fe_unit wpcw_fe_module_group_11_28\">\n\t\t\t\t\t\t\t\t<td class=\"wpcw_fe_unit_title\">Unit\u00e0 1<\/td>\n\t\t\t\t\t\t\t\t<td class=\"wpcw_fe_unit\" >Come Interpretare e Integrare le Esperienze Sciamaniche<\/td>\n\t\t\t\t\t\t\t\t<td class=\"wpcw_fe_unit\">&nbsp;<\/td>\n\t\t\t\t\t\t\t<\/tr><tr class=\"wpcw_fe_unit wpcw_fe_module_group_11_28 wpcw_unit_end\">\n\t\t\t\t\t\t\t\t<td class=\"wpcw_fe_unit_title\">Unit\u00e0 2<\/td>\n\t\t\t\t\t\t\t\t<td class=\"wpcw_fe_unit\" >Considerazioni Etiche<\/td>\n\t\t\t\t\t\t\t\t<td class=\"wpcw_fe_unit\">&nbsp;<\/td>\n\t\t\t\t\t\t\t<\/tr><\/table><\/p>\n<p><a title=\"Contattami\" href=\"https:\/\/wolfchorus.net\/krh\/contattami\/\" target=\"_blank\" rel=\"noopener\">Contattami<\/a>\u00a0per ricevere ulteriori informazioni<\/p>\n","protected":false},"excerpt":{"rendered":"<p>Il Viaggio Sciamanico \u00e8 uno strumento semplice e potente che possiamo usare per instaurare un dialogo con la realt\u00e0 invisibile che \u00e8 alla base del mondo materiale in cui viviamo, per accedere alla saggezza spirituale, alla guarigione olistica, per ottenere aiuto nelle questioni che riguardano la vita di tutti i giorni. In questo corso avrai la possibilit\u00e0 di acquisire il tuo Animale di Potere e altre Guide compassionevoli, che ti guideranno in modo sicuro attraverso i mondi sciamanici e ti aiuteranno a riconnetterti con la Natura e col tuo vero S\u00e9, in un percorso di consapevolezza e di crescita personale. Guidato dal suono del tamburo imparerai ad entrare facilmente in uno stato di coscienza alterata e potrai esplorare i mondi sciamanici. Le Guide che via via acquisirai nel corso dei tuoi viaggi ti aiuteranno con l\u2019intuizione e l\u2019ispirazione, con la guarigione dei blocchi energetici, a coltivare una maggiore consapevolezza ed altro ancora. Il corso si svolge interamente online ed \u00e8 fruibile nei propri tempi e senza scadenza da pc, cellulare o tablet. E&#8217; previsto un attestato a fine corso. Contattami\u00a0per ricevere ulteriori informazioni<\/p>\n","protected":false},"featured_media":32524,"comment_status":"closed","ping_status":"closed","template":"","meta":[],"product_brand":[],"product_cat":[560],"product_tag":[],"class_list":{"0":"post-37352","1":"product","2":"type-product","3":"status-publish","4":"has-post-thumbnail","6":"product_cat-corsi-online","8":"first","9":"instock","10":"virtual","11":"purchasable","12":"product-type-simple"},"acf":[],"_links":{"self":[{"href":"https:\/\/wolfchorus.net\/krh\/wp-json\/wp\/v2\/product\/37352","targetHints":{"allow":["GET"]}}],"collection":[{"href":"https:\/\/wolfchorus.net\/krh\/wp-json\/wp\/v2\/product"}],"about":[{"href":"https:\/\/wolfchorus.net\/krh\/wp-json\/wp\/v2\/types\/product"}],"replies":[{"embeddable":true,"href":"https:\/\/wolfchorus.net\/krh\/wp-json\/wp\/v2\/comments?post=37352"}],"wp:featuredmedia":[{"embeddable":true,"href":"https:\/\/wolfchorus.net\/krh\/wp-json\/wp\/v2\/media\/32524"}],"wp:attachment":[{"href":"https:\/\/wolfchorus.net\/krh\/wp-json\/wp\/v2\/media?parent=37352"}],"wp:term":[{"taxonomy":"product_brand","embeddable":true,"href":"https:\/\/wolfchorus.net\/krh\/wp-json\/wp\/v2\/product_brand?post=37352"},{"taxonomy":"product_cat","embeddable":true,"href":"https:\/\/wolfchorus.net\/krh\/wp-json\/wp\/v2\/product_cat?post=37352"},{"taxonomy":"product_tag","embeddable":true,"href":"https:\/\/wolfchorus.net\/krh\/wp-json\/wp\/v2\/product_tag?post=37352"}],"curies":[{"name":"wp","href":"https:\/\/api.w.org\/{rel}","templated":true}]}}