{"id":37346,"date":"2026-01-22T17:41:57","date_gmt":"2026-01-22T16:41:57","guid":{"rendered":"https:\/\/wolfchorus.net\/kundalini-reiki-healing\/?post_type=product&#038;p=37346"},"modified":"2026-01-24T18:24:59","modified_gmt":"2026-01-24T17:24:59","slug":"gli-animali-sono-i-nostri-maestri","status":"publish","type":"product","link":"https:\/\/wolfchorus.net\/krh\/prodotto\/gli-animali-sono-i-nostri-maestri\/","title":{"rendered":"Audio-Corso di Animal Communication &#8220;Gli Animali Sono I Nostri Maestri&#8221;"},"content":{"rendered":"<h6 style=\"text-align: justify;\">Spesso coi nostri animali formiamo legami pi\u00f9 forti che con le persone, questo \u00e8 probabilmente dovuto al fatto che gli animali non hanno i nostri condizionamenti culturali, non indossano maschere, sono spontanei e per lo pi\u00f9 disinteressati. Il loro amore \u00e8 sincero, ci amano per quello che siamo anche quando vengono trascurati. Non ci giudicano e a volte si adattano a fare cose che servono pi\u00f9 a noi che a loro. Nella loro semplicit\u00e0 dimostrano una lealt\u00e0 di gran lunga superiore a quella dei nostri simili e valori molto ben radicati.<\/h6>\n<p style=\"text-align: justify;\">Certi animali entrano nelle nostre vite per aiutarci ad evolvere e a comprendere delle lezioni importanti. Essi non arrivano da noi per caso, sono come attratti o guidati da uno scopo reciproco, quello di evolvere insieme.<\/p>\n<p style=\"text-align: justify;\">Questo corso ti mette a disposizione gli strumenti per comprendere che tipo di insegnamento il tuo animale o gli animali che hai avuto in passato sono venuti a portarti, permettendoti di mettere in luce le dinamiche che si sono instaurate tra voi, il filo conduttore che unisce le vostre vite.<\/p>\n<p style=\"text-align: justify;\">Imparerai anche a collegarti intuitivamente coi tuoi animali e ad affrontare la loro perdita, apprenderai inoltre delle tecniche per migliorare il tuo rapporto con loro e risolvere eventuali problemi relazionali o comportamentali.<\/p>\n<p style=\"text-align: justify;\">In omaggio per te la meditazione <a href=\"https:\/\/wolfchorus.net\/krh\/prodotto\/connessione-da-cuore-a-cuore\/\" target=\"_blank\" rel=\"noopener\">Connessione da Cuore a Cuore<\/a>.<\/p>\n<p style=\"text-align: justify;\">Il corso si svolge interamente online ed \u00e8 fruibile nei propri tempi e senza scadenza da pc, cellulare o tablet. E&#8217;\u00a0strutturato a moduli di crescente difficolt\u00e0 per guidarti gradualmente dalla comunicazione verbale alla comunicazione intuitivo\/telepatica.<\/p>\n<p style=\"text-align: justify;\">E&#8217; previsto un attestato a fine corso.<\/p>\n<table id=\"wpcw_fe_course\" class=\"wpcw_fe_table\" cellspacing=\"0\" cellborder=\"0\"><tr class=\"wpcw_fe_module\" id=\"wpcw_fe_module_group_1_5\">\n\t\t\t\t<th class=\"wpcw_fe_module_title_header\">Modulo 1<\/th>\n\t\t\t\t<th class=\"wpcw_fe_module_desc_header\">Conosci meglio te stesso attraverso i tuoi animali<\/th>\n\t\t\t\t\n\t\t\t\t<th class=\"wpcw_fe_unit_progress_header\"><span class=\"wpcw-toogle-icon\"><i><\/i><\/span><\/th>\n\t\t\t\t\n\t\t\t<\/tr><tr class=\"wpcw_fe_unit wpcw_fe_module_group_1_5\">\n\t\t\t\t\t\t\t\t<td class=\"wpcw_fe_unit_title\">Unit\u00e0 1<\/td>\n\t\t\t\t\t\t\t\t<td class=\"wpcw_fe_unit\" >Come utilizzare le funzionalit\u00e0 del corso<\/td>\n\t\t\t\t\t\t\t\t<td class=\"wpcw_fe_unit\">&nbsp;<\/td>\n\t\t\t\t\t\t\t<\/tr><tr class=\"wpcw_fe_unit wpcw_fe_module_group_1_5 wpcw_unit_end\">\n\t\t\t\t\t\t\t\t<td class=\"wpcw_fe_unit_title\">Unit\u00e0 2<\/td>\n\t\t\t\t\t\t\t\t<td class=\"wpcw_fe_unit\" >Gli animali ci riflettono<\/td>\n\t\t\t\t\t\t\t\t<td class=\"wpcw_fe_unit\">&nbsp;<\/td>\n\t\t\t\t\t\t\t<\/tr><tr class=\"wpcw_fe_module\" id=\"wpcw_fe_module_group_2_5\">\n\t\t\t\t<th class=\"wpcw_fe_module_title_header\">Modulo 2<\/th>\n\t\t\t\t<th class=\"wpcw_fe_module_desc_header\">Comunicazione e problemi comportamentali<\/th>\n\t\t\t\t\n\t\t\t\t<th class=\"wpcw_fe_unit_progress_header\"><span class=\"wpcw-toogle-icon\"><i><\/i><\/span><\/th>\n\t\t\t\t\n\t\t\t<\/tr><tr class=\"wpcw_fe_unit wpcw_fe_module_group_2_5\">\n\t\t\t\t\t\t\t\t<td class=\"wpcw_fe_unit_title\">Unit\u00e0 1<\/td>\n\t\t\t\t\t\t\t\t<td class=\"wpcw_fe_unit\" >Comunicazione<\/td>\n\t\t\t\t\t\t\t\t<td class=\"wpcw_fe_unit\">&nbsp;<\/td>\n\t\t\t\t\t\t\t<\/tr><tr class=\"wpcw_fe_unit wpcw_fe_module_group_2_5\">\n\t\t\t\t\t\t\t\t<td class=\"wpcw_fe_unit_title\">Unit\u00e0 2<\/td>\n\t\t\t\t\t\t\t\t<td class=\"wpcw_fe_unit\" >Animali ed empatia<\/td>\n\t\t\t\t\t\t\t\t<td class=\"wpcw_fe_unit\">&nbsp;<\/td>\n\t\t\t\t\t\t\t<\/tr><tr class=\"wpcw_fe_unit wpcw_fe_module_group_2_5\">\n\t\t\t\t\t\t\t\t<td class=\"wpcw_fe_unit_title\">Unit\u00e0 3<\/td>\n\t\t\t\t\t\t\t\t<td class=\"wpcw_fe_unit\" >Problemi comportamentali<\/td>\n\t\t\t\t\t\t\t\t<td class=\"wpcw_fe_unit\">&nbsp;<\/td>\n\t\t\t\t\t\t\t<\/tr><tr class=\"wpcw_fe_unit wpcw_fe_module_group_2_5 wpcw_unit_end\">\n\t\t\t\t\t\t\t\t<td class=\"wpcw_fe_unit_title\">Unit\u00e0 4<\/td>\n\t\t\t\t\t\t\t\t<td class=\"wpcw_fe_unit\" >Ansia da Separazione<\/td>\n\t\t\t\t\t\t\t\t<td class=\"wpcw_fe_unit\">&nbsp;<\/td>\n\t\t\t\t\t\t\t<\/tr><tr class=\"wpcw_fe_module\" id=\"wpcw_fe_module_group_3_5\">\n\t\t\t\t<th class=\"wpcw_fe_module_title_header\">Modulo 3<\/th>\n\t\t\t\t<th class=\"wpcw_fe_module_desc_header\">Trapasso e reincarnazione<\/th>\n\t\t\t\t\n\t\t\t\t<th class=\"wpcw_fe_unit_progress_header\"><span class=\"wpcw-toogle-icon\"><i><\/i><\/span><\/th>\n\t\t\t\t\n\t\t\t<\/tr><tr class=\"wpcw_fe_unit wpcw_fe_module_group_3_5 wpcw_unit_end\">\n\t\t\t\t\t\t\t\t<td class=\"wpcw_fe_unit_title\">Unit\u00e0 1<\/td>\n\t\t\t\t\t\t\t\t<td class=\"wpcw_fe_unit\" >Trapasso e Reincarnazione<\/td>\n\t\t\t\t\t\t\t\t<td class=\"wpcw_fe_unit\">&nbsp;<\/td>\n\t\t\t\t\t\t\t<\/tr><tr class=\"wpcw_fe_module\" id=\"wpcw_fe_module_group_4_5\">\n\t\t\t\t<th class=\"wpcw_fe_module_title_header\">Modulo 4<\/th>\n\t\t\t\t<th class=\"wpcw_fe_module_desc_header\">Conclusioni<\/th>\n\t\t\t\t\n\t\t\t\t<th class=\"wpcw_fe_unit_progress_header\"><span class=\"wpcw-toogle-icon\"><i><\/i><\/span><\/th>\n\t\t\t\t\n\t\t\t<\/tr><tr class=\"wpcw_fe_unit wpcw_fe_module_group_4_5 wpcw_unit_end\">\n\t\t\t\t\t\t\t\t<td class=\"wpcw_fe_unit_title\">Unit\u00e0 1<\/td>\n\t\t\t\t\t\t\t\t<td class=\"wpcw_fe_unit\" >Gli animali sono nostri maestri<\/td>\n\t\t\t\t\t\t\t\t<td class=\"wpcw_fe_unit\">&nbsp;<\/td>\n\t\t\t\t\t\t\t<\/tr><\/table>\n<p><a title=\"Contattami\" href=\"https:\/\/wolfchorus.net\/krh\/contattami\/\" target=\"_blank\" rel=\"noopener\">Contattami<\/a>\u00a0per ricevere ulteriori informazioni<\/p>\n","protected":false},"excerpt":{"rendered":"<p>Spesso coi nostri animali formiamo legami pi\u00f9 forti che con le persone, questo \u00e8 probabilmente dovuto al fatto che gli animali non hanno i nostri condizionamenti culturali, non indossano maschere, sono spontanei e per lo pi\u00f9 disinteressati. Il loro amore \u00e8 sincero, ci amano per quello che siamo anche quando vengono trascurati. Non ci giudicano e a volte si adattano a fare cose che servono pi\u00f9 a noi che a loro. Nella loro semplicit\u00e0 dimostrano una lealt\u00e0 di gran lunga superiore a quella dei nostri simili e valori molto ben radicati. Certi animali entrano nelle nostre vite per aiutarci ad evolvere e a comprendere delle lezioni importanti. Essi non arrivano da noi per caso, sono come attratti o guidati da uno scopo reciproco, quello di evolvere insieme. Questo corso ti mette a disposizione gli strumenti per comprendere che tipo di insegnamento il tuo animale o gli animali che hai avuto in passato sono venuti a portarti, permettendoti di mettere in luce le dinamiche che si sono instaurate tra voi, il filo conduttore che unisce le vostre vite. Imparerai anche a collegarti intuitivamente coi tuoi animali e ad affrontare la loro perdita, apprenderai inoltre delle tecniche per migliorare il tuo rapporto con loro e risolvere eventuali problemi relazionali o comportamentali. In omaggio per te la meditazione Connessione da Cuore a Cuore. Il corso si svolge interamente online ed \u00e8 fruibile nei propri tempi e senza scadenza da pc, cellulare o tablet. E&#8217;\u00a0strutturato a moduli di crescente difficolt\u00e0 per guidarti gradualmente dalla comunicazione verbale alla comunicazione intuitivo\/telepatica. E&#8217; previsto un attestato a fine corso. Contattami\u00a0per ricevere ulteriori informazioni<\/p>\n","protected":false},"featured_media":35559,"comment_status":"closed","ping_status":"closed","template":"","meta":[],"product_brand":[],"product_cat":[560],"product_tag":[],"class_list":{"0":"post-37346","1":"product","2":"type-product","3":"status-publish","4":"has-post-thumbnail","6":"product_cat-corsi-online","8":"first","9":"instock","10":"virtual","11":"purchasable","12":"product-type-simple"},"acf":[],"_links":{"self":[{"href":"https:\/\/wolfchorus.net\/krh\/wp-json\/wp\/v2\/product\/37346","targetHints":{"allow":["GET"]}}],"collection":[{"href":"https:\/\/wolfchorus.net\/krh\/wp-json\/wp\/v2\/product"}],"about":[{"href":"https:\/\/wolfchorus.net\/krh\/wp-json\/wp\/v2\/types\/product"}],"replies":[{"embeddable":true,"href":"https:\/\/wolfchorus.net\/krh\/wp-json\/wp\/v2\/comments?post=37346"}],"wp:featuredmedia":[{"embeddable":true,"href":"https:\/\/wolfchorus.net\/krh\/wp-json\/wp\/v2\/media\/35559"}],"wp:attachment":[{"href":"https:\/\/wolfchorus.net\/krh\/wp-json\/wp\/v2\/media?parent=37346"}],"wp:term":[{"taxonomy":"product_brand","embeddable":true,"href":"https:\/\/wolfchorus.net\/krh\/wp-json\/wp\/v2\/product_brand?post=37346"},{"taxonomy":"product_cat","embeddable":true,"href":"https:\/\/wolfchorus.net\/krh\/wp-json\/wp\/v2\/product_cat?post=37346"},{"taxonomy":"product_tag","embeddable":true,"href":"https:\/\/wolfchorus.net\/krh\/wp-json\/wp\/v2\/product_tag?post=37346"}],"curies":[{"name":"wp","href":"https:\/\/api.w.org\/{rel}","templated":true}]}}