{"id":37340,"date":"2026-01-22T08:47:49","date_gmt":"2026-01-22T07:47:49","guid":{"rendered":"https:\/\/wolfchorus.net\/kundalini-reiki-healing\/?post_type=product&#038;p=37340"},"modified":"2026-01-24T19:16:45","modified_gmt":"2026-01-24T18:16:45","slug":"corso-base-animal-communication","status":"publish","type":"product","link":"https:\/\/wolfchorus.net\/krh\/prodotto\/corso-base-animal-communication\/","title":{"rendered":"Corso Interattivo di Animal Communication"},"content":{"rendered":"<p style=\"text-align: justify;\">Questo corso si avvale di un metodo ampiamente sperimentato per imparare a comunicare telepaticamente con gli animali, imparerai a comprenderli meglio ed instaurare relazioni pi\u00f9 costruttive con loro. Potrai inoltre mettere le tue capacit\u00e0 al servizio di altre persone per aiutarle a migliorare la qualit\u00e0 dei loro rapporti coi propri animali domestici.<span class=\"pjBG2e\" data-cid=\"731e3ef7-bc0b-4315-b675-dba2e220fda7\"><span class=\"UV3uM\">\u00a0<\/span><\/span><\/p>\n<p style=\"text-align: justify;\">L&#8217;<a href=\"https:\/\/wolfchorus.net\/krh\/animal-communicator\/\" target=\"_blank\" rel=\"noopener\">Animal Communicator<\/a> \u00e8 una figura professionale a cui ci si rivolge per vari tipi di problemi riguardanti gli animali domestici, dai problemi comportamentali ai problemi di salute, al fine vita. L&#8217;Animal Communicator non sostituisce l&#8217;operato di altri professionisti del settore ma collabora con loro per affrontare le situazioni, tenendo in considerazione il punto di vista dell&#8217;animale.<\/p>\n<h6 style=\"text-align: justify;\">Il corso Interattivo di Animal Communication si svolge interamente on-line e comprende:<\/h6>\n<p>&nbsp;<\/p>\n<ul>\n<li>tutte le informazioni di base per mettere in atto la comunicazione telepatica con gli animali;<\/li>\n<li>una sessione individuale su zoom durante la quale avrai l\u2019opportunit\u00e0 di porre tutte le tue domande e chiarire eventuali dubbi relativi ai contenuti del corso;<\/li>\n<li>dieci sessioni di pratica interattive coi miei animali;<\/li>\n<li>feedback dettagliato e valutazione per ogni sessione di pratica;<\/li>\n<li>supporto continuativo;<\/li>\n<li>fruizione nei propri tempi e senza scadenza da pc, cellulare o tablet.<\/li>\n<\/ul>\n<p style=\"text-align: justify;\">A fine corso \u00e8 previsto un certificato attestante le capacit\u00e0 acquisite.<\/p>\n<p style=\"text-align: justify;\"><table id=\"wpcw_fe_course\" class=\"wpcw_fe_table\" cellspacing=\"0\" cellborder=\"0\"><tr class=\"wpcw_fe_module\" id=\"wpcw_fe_module_group_1_12\">\n\t\t\t\t<th class=\"wpcw_fe_module_title_header\">Modulo 1<\/th>\n\t\t\t\t<th class=\"wpcw_fe_module_desc_header\">Introduzione<\/th>\n\t\t\t\t\n\t\t\t\t<th class=\"wpcw_fe_unit_progress_header\"><span class=\"wpcw-toogle-icon\"><i><\/i><\/span><\/th>\n\t\t\t\t\n\t\t\t<\/tr><tr class=\"wpcw_fe_unit wpcw_fe_module_group_1_12\">\n\t\t\t\t\t\t\t\t<td class=\"wpcw_fe_unit_title\">Unit\u00e0 1<\/td>\n\t\t\t\t\t\t\t\t<td class=\"wpcw_fe_unit\" >Come utilizzare le funzionalit\u00e0 del corso<\/td>\n\t\t\t\t\t\t\t\t<td class=\"wpcw_fe_unit\">&nbsp;<\/td>\n\t\t\t\t\t\t\t<\/tr><tr class=\"wpcw_fe_unit wpcw_fe_module_group_1_12\">\n\t\t\t\t\t\t\t\t<td class=\"wpcw_fe_unit_title\">Unit\u00e0 2<\/td>\n\t\t\t\t\t\t\t\t<td class=\"wpcw_fe_unit\" >Linee Guida<\/td>\n\t\t\t\t\t\t\t\t<td class=\"wpcw_fe_unit\">&nbsp;<\/td>\n\t\t\t\t\t\t\t<\/tr><tr class=\"wpcw_fe_unit wpcw_fe_module_group_1_12\">\n\t\t\t\t\t\t\t\t<td class=\"wpcw_fe_unit_title\">Unit\u00e0 3<\/td>\n\t\t\t\t\t\t\t\t<td class=\"wpcw_fe_unit\" >Introduzione<\/td>\n\t\t\t\t\t\t\t\t<td class=\"wpcw_fe_unit\">&nbsp;<\/td>\n\t\t\t\t\t\t\t<\/tr><tr class=\"wpcw_fe_unit wpcw_fe_module_group_1_12\">\n\t\t\t\t\t\t\t\t<td class=\"wpcw_fe_unit_title\">Unit\u00e0 4<\/td>\n\t\t\t\t\t\t\t\t<td class=\"wpcw_fe_unit\" >Che cos\u2019\u00e8 la comunicazione telepatica con gli animali<\/td>\n\t\t\t\t\t\t\t\t<td class=\"wpcw_fe_unit\">&nbsp;<\/td>\n\t\t\t\t\t\t\t<\/tr><tr class=\"wpcw_fe_unit wpcw_fe_module_group_1_12\">\n\t\t\t\t\t\t\t\t<td class=\"wpcw_fe_unit_title\">Unit\u00e0 5<\/td>\n\t\t\t\t\t\t\t\t<td class=\"wpcw_fe_unit\" >Utilizzi pratici della comunicazione telepatica con gli animali<\/td>\n\t\t\t\t\t\t\t\t<td class=\"wpcw_fe_unit\">&nbsp;<\/td>\n\t\t\t\t\t\t\t<\/tr><tr class=\"wpcw_fe_unit wpcw_fe_module_group_1_12 wpcw_unit_end\">\n\t\t\t\t\t\t\t\t<td class=\"wpcw_fe_unit_title\">Unit\u00e0 6<\/td>\n\t\t\t\t\t\t\t\t<td class=\"wpcw_fe_unit\" >Fenomeni telepatici e intuitivi nella vita di tutti i giorni<\/td>\n\t\t\t\t\t\t\t\t<td class=\"wpcw_fe_unit\">&nbsp;<\/td>\n\t\t\t\t\t\t\t<\/tr><tr class=\"wpcw_fe_module\" id=\"wpcw_fe_module_group_2_12\">\n\t\t\t\t<th class=\"wpcw_fe_module_title_header\">Modulo 2<\/th>\n\t\t\t\t<th class=\"wpcw_fe_module_desc_header\">Come funziona la comunicazione telepatica<\/th>\n\t\t\t\t\n\t\t\t\t<th class=\"wpcw_fe_unit_progress_header\"><span class=\"wpcw-toogle-icon\"><i><\/i><\/span><\/th>\n\t\t\t\t\n\t\t\t<\/tr><tr class=\"wpcw_fe_unit wpcw_fe_module_group_2_12\">\n\t\t\t\t\t\t\t\t<td class=\"wpcw_fe_unit_title\">Unit\u00e0 1<\/td>\n\t\t\t\t\t\t\t\t<td class=\"wpcw_fe_unit\" >I canali di ricezione<\/td>\n\t\t\t\t\t\t\t\t<td class=\"wpcw_fe_unit\">&nbsp;<\/td>\n\t\t\t\t\t\t\t<\/tr><tr class=\"wpcw_fe_unit wpcw_fe_module_group_2_12\">\n\t\t\t\t\t\t\t\t<td class=\"wpcw_fe_unit_title\">Unit\u00e0 2<\/td>\n\t\t\t\t\t\t\t\t<td class=\"wpcw_fe_unit\" >Scopri qual \u00e8 il tuo canale di ricezione dominante<\/td>\n\t\t\t\t\t\t\t\t<td class=\"wpcw_fe_unit\">&nbsp;<\/td>\n\t\t\t\t\t\t\t<\/tr><tr class=\"wpcw_fe_unit wpcw_fe_module_group_2_12\">\n\t\t\t\t\t\t\t\t<td class=\"wpcw_fe_unit_title\">Unit\u00e0 3<\/td>\n\t\t\t\t\t\t\t\t<td class=\"wpcw_fe_unit\" >Esito del quiz<\/td>\n\t\t\t\t\t\t\t\t<td class=\"wpcw_fe_unit\">&nbsp;<\/td>\n\t\t\t\t\t\t\t<\/tr><tr class=\"wpcw_fe_unit wpcw_fe_module_group_2_12\">\n\t\t\t\t\t\t\t\t<td class=\"wpcw_fe_unit_title\">Unit\u00e0 4<\/td>\n\t\t\t\t\t\t\t\t<td class=\"wpcw_fe_unit\" >Il canale Visivo<\/td>\n\t\t\t\t\t\t\t\t<td class=\"wpcw_fe_unit\">&nbsp;<\/td>\n\t\t\t\t\t\t\t<\/tr><tr class=\"wpcw_fe_unit wpcw_fe_module_group_2_12\">\n\t\t\t\t\t\t\t\t<td class=\"wpcw_fe_unit_title\">Unit\u00e0 5<\/td>\n\t\t\t\t\t\t\t\t<td class=\"wpcw_fe_unit\" >Il canale Auditivo<\/td>\n\t\t\t\t\t\t\t\t<td class=\"wpcw_fe_unit\">&nbsp;<\/td>\n\t\t\t\t\t\t\t<\/tr><tr class=\"wpcw_fe_unit wpcw_fe_module_group_2_12\">\n\t\t\t\t\t\t\t\t<td class=\"wpcw_fe_unit_title\">Unit\u00e0 6<\/td>\n\t\t\t\t\t\t\t\t<td class=\"wpcw_fe_unit\" >Il canale Cinestesico<\/td>\n\t\t\t\t\t\t\t\t<td class=\"wpcw_fe_unit\">&nbsp;<\/td>\n\t\t\t\t\t\t\t<\/tr><tr class=\"wpcw_fe_unit wpcw_fe_module_group_2_12\">\n\t\t\t\t\t\t\t\t<td class=\"wpcw_fe_unit_title\">Unit\u00e0 7<\/td>\n\t\t\t\t\t\t\t\t<td class=\"wpcw_fe_unit\" >Il canale Concettuale<\/td>\n\t\t\t\t\t\t\t\t<td class=\"wpcw_fe_unit\">&nbsp;<\/td>\n\t\t\t\t\t\t\t<\/tr><tr class=\"wpcw_fe_unit wpcw_fe_module_group_2_12\">\n\t\t\t\t\t\t\t\t<td class=\"wpcw_fe_unit_title\">Unit\u00e0 8<\/td>\n\t\t\t\t\t\t\t\t<td class=\"wpcw_fe_unit\" >I due stadi della comunicazione \u2013 trasmettere e ricevere<\/td>\n\t\t\t\t\t\t\t\t<td class=\"wpcw_fe_unit\">&nbsp;<\/td>\n\t\t\t\t\t\t\t<\/tr><tr class=\"wpcw_fe_unit wpcw_fe_module_group_2_12 wpcw_unit_end\">\n\t\t\t\t\t\t\t\t<td class=\"wpcw_fe_unit_title\">Unit\u00e0 9<\/td>\n\t\t\t\t\t\t\t\t<td class=\"wpcw_fe_unit\" >L\u2019importanza dell\u2019ascolto<\/td>\n\t\t\t\t\t\t\t\t<td class=\"wpcw_fe_unit\">&nbsp;<\/td>\n\t\t\t\t\t\t\t<\/tr><tr class=\"wpcw_fe_module\" id=\"wpcw_fe_module_group_3_12\">\n\t\t\t\t<th class=\"wpcw_fe_module_title_header\">Modulo 3<\/th>\n\t\t\t\t<th class=\"wpcw_fe_module_desc_header\">Prepararsi a comunicare telepaticamente<\/th>\n\t\t\t\t\n\t\t\t\t<th class=\"wpcw_fe_unit_progress_header\"><span class=\"wpcw-toogle-icon\"><i><\/i><\/span><\/th>\n\t\t\t\t\n\t\t\t<\/tr><tr class=\"wpcw_fe_unit wpcw_fe_module_group_3_12\">\n\t\t\t\t\t\t\t\t<td class=\"wpcw_fe_unit_title\">Unit\u00e0 1<\/td>\n\t\t\t\t\t\t\t\t<td class=\"wpcw_fe_unit\" >Rilassarsi e quietare la mente<\/td>\n\t\t\t\t\t\t\t\t<td class=\"wpcw_fe_unit\">&nbsp;<\/td>\n\t\t\t\t\t\t\t<\/tr><tr class=\"wpcw_fe_unit wpcw_fe_module_group_3_12 wpcw_unit_end\">\n\t\t\t\t\t\t\t\t<td class=\"wpcw_fe_unit_title\">Unit\u00e0 2<\/td>\n\t\t\t\t\t\t\t\t<td class=\"wpcw_fe_unit\" >Collegamento con l\u2019animale<\/td>\n\t\t\t\t\t\t\t\t<td class=\"wpcw_fe_unit\">&nbsp;<\/td>\n\t\t\t\t\t\t\t<\/tr><tr class=\"wpcw_fe_module\" id=\"wpcw_fe_module_group_4_12\">\n\t\t\t\t<th class=\"wpcw_fe_module_title_header\">Modulo 4<\/th>\n\t\t\t\t<th class=\"wpcw_fe_module_desc_header\">Trasmettere e ricevere informazioni<\/th>\n\t\t\t\t\n\t\t\t\t<th class=\"wpcw_fe_unit_progress_header\"><span class=\"wpcw-toogle-icon\"><i><\/i><\/span><\/th>\n\t\t\t\t\n\t\t\t<\/tr><tr class=\"wpcw_fe_unit wpcw_fe_module_group_4_12\">\n\t\t\t\t\t\t\t\t<td class=\"wpcw_fe_unit_title\">Unit\u00e0 1<\/td>\n\t\t\t\t\t\t\t\t<td class=\"wpcw_fe_unit\" >Trasmissione di pensieri, immagini e impressioni<\/td>\n\t\t\t\t\t\t\t\t<td class=\"wpcw_fe_unit\">&nbsp;<\/td>\n\t\t\t\t\t\t\t<\/tr><tr class=\"wpcw_fe_unit wpcw_fe_module_group_4_12\">\n\t\t\t\t\t\t\t\t<td class=\"wpcw_fe_unit_title\">Unit\u00e0 2<\/td>\n\t\t\t\t\t\t\t\t<td class=\"wpcw_fe_unit\" >Ricevere le informazioni<\/td>\n\t\t\t\t\t\t\t\t<td class=\"wpcw_fe_unit\">&nbsp;<\/td>\n\t\t\t\t\t\t\t<\/tr><tr class=\"wpcw_fe_unit wpcw_fe_module_group_4_12\">\n\t\t\t\t\t\t\t\t<td class=\"wpcw_fe_unit_title\">Unit\u00e0 3<\/td>\n\t\t\t\t\t\t\t\t<td class=\"wpcw_fe_unit\" >Interpretare le informazioni ricevute<\/td>\n\t\t\t\t\t\t\t\t<td class=\"wpcw_fe_unit\">&nbsp;<\/td>\n\t\t\t\t\t\t\t<\/tr><tr class=\"wpcw_fe_unit wpcw_fe_module_group_4_12\">\n\t\t\t\t\t\t\t\t<td class=\"wpcw_fe_unit_title\">Unit\u00e0 4<\/td>\n\t\t\t\t\t\t\t\t<td class=\"wpcw_fe_unit\" >Terminare una sessione<\/td>\n\t\t\t\t\t\t\t\t<td class=\"wpcw_fe_unit\">&nbsp;<\/td>\n\t\t\t\t\t\t\t<\/tr><tr class=\"wpcw_fe_unit wpcw_fe_module_group_4_12\">\n\t\t\t\t\t\t\t\t<td class=\"wpcw_fe_unit_title\">Unit\u00e0 5<\/td>\n\t\t\t\t\t\t\t\t<td class=\"wpcw_fe_unit\" >Esempi di comunicazione telepatica<\/td>\n\t\t\t\t\t\t\t\t<td class=\"wpcw_fe_unit\">&nbsp;<\/td>\n\t\t\t\t\t\t\t<\/tr><tr class=\"wpcw_fe_unit wpcw_fe_module_group_4_12 wpcw_unit_end\">\n\t\t\t\t\t\t\t\t<td class=\"wpcw_fe_unit_title\">Unit\u00e0 6<\/td>\n\t\t\t\t\t\t\t\t<td class=\"wpcw_fe_unit\" >I passi per connettersi con gli animali in sintesi<\/td>\n\t\t\t\t\t\t\t\t<td class=\"wpcw_fe_unit\">&nbsp;<\/td>\n\t\t\t\t\t\t\t<\/tr><tr class=\"wpcw_fe_module\" id=\"wpcw_fe_module_group_5_12\">\n\t\t\t\t<th class=\"wpcw_fe_module_title_header\">Modulo 5<\/th>\n\t\t\t\t<th class=\"wpcw_fe_module_desc_header\">Comunicare coi propri animali<\/th>\n\t\t\t\t\n\t\t\t\t<th class=\"wpcw_fe_unit_progress_header\"><span class=\"wpcw-toogle-icon\"><i><\/i><\/span><\/th>\n\t\t\t\t\n\t\t\t<\/tr><tr class=\"wpcw_fe_unit wpcw_fe_module_group_5_12\">\n\t\t\t\t\t\t\t\t<td class=\"wpcw_fe_unit_title\">Unit\u00e0 1<\/td>\n\t\t\t\t\t\t\t\t<td class=\"wpcw_fe_unit\" >Comunicare coi propri animali<\/td>\n\t\t\t\t\t\t\t\t<td class=\"wpcw_fe_unit\">&nbsp;<\/td>\n\t\t\t\t\t\t\t<\/tr><tr class=\"wpcw_fe_unit wpcw_fe_module_group_5_12 wpcw_unit_end\">\n\t\t\t\t\t\t\t\t<td class=\"wpcw_fe_unit_title\">Unit\u00e0 2<\/td>\n\t\t\t\t\t\t\t\t<td class=\"wpcw_fe_unit\" >Esempi di comunicazione telepatica coi miei animali<\/td>\n\t\t\t\t\t\t\t\t<td class=\"wpcw_fe_unit\">&nbsp;<\/td>\n\t\t\t\t\t\t\t<\/tr><tr class=\"wpcw_fe_module\" id=\"wpcw_fe_module_group_6_12\">\n\t\t\t\t<th class=\"wpcw_fe_module_title_header\">Modulo 6<\/th>\n\t\t\t\t<th class=\"wpcw_fe_module_desc_header\">Comunicare con animali smarriti<\/th>\n\t\t\t\t\n\t\t\t\t<th class=\"wpcw_fe_unit_progress_header\"><span class=\"wpcw-toogle-icon\"><i><\/i><\/span><\/th>\n\t\t\t\t\n\t\t\t<\/tr><tr class=\"wpcw_fe_unit wpcw_fe_module_group_6_12\">\n\t\t\t\t\t\t\t\t<td class=\"wpcw_fe_unit_title\">Unit\u00e0 1<\/td>\n\t\t\t\t\t\t\t\t<td class=\"wpcw_fe_unit\" >Comunicare con animali smarriti<\/td>\n\t\t\t\t\t\t\t\t<td class=\"wpcw_fe_unit\">&nbsp;<\/td>\n\t\t\t\t\t\t\t<\/tr><tr class=\"wpcw_fe_unit wpcw_fe_module_group_6_12 wpcw_unit_end\">\n\t\t\t\t\t\t\t\t<td class=\"wpcw_fe_unit_title\">Unit\u00e0 2<\/td>\n\t\t\t\t\t\t\t\t<td class=\"wpcw_fe_unit\" >Esempi di comunicazione telepatica con animali smarriti<\/td>\n\t\t\t\t\t\t\t\t<td class=\"wpcw_fe_unit\">&nbsp;<\/td>\n\t\t\t\t\t\t\t<\/tr><tr class=\"wpcw_fe_module\" id=\"wpcw_fe_module_group_7_12\">\n\t\t\t\t<th class=\"wpcw_fe_module_title_header\">Modulo 7<\/th>\n\t\t\t\t<th class=\"wpcw_fe_module_desc_header\">Comunicare con animali defunti<\/th>\n\t\t\t\t\n\t\t\t\t<th class=\"wpcw_fe_unit_progress_header\"><span class=\"wpcw-toogle-icon\"><i><\/i><\/span><\/th>\n\t\t\t\t\n\t\t\t<\/tr><tr class=\"wpcw_fe_unit wpcw_fe_module_group_7_12\">\n\t\t\t\t\t\t\t\t<td class=\"wpcw_fe_unit_title\">Unit\u00e0 1<\/td>\n\t\t\t\t\t\t\t\t<td class=\"wpcw_fe_unit\" >Comunicare con animali defunti<\/td>\n\t\t\t\t\t\t\t\t<td class=\"wpcw_fe_unit\">&nbsp;<\/td>\n\t\t\t\t\t\t\t<\/tr><tr class=\"wpcw_fe_unit wpcw_fe_module_group_7_12 wpcw_unit_end\">\n\t\t\t\t\t\t\t\t<td class=\"wpcw_fe_unit_title\">Unit\u00e0 2<\/td>\n\t\t\t\t\t\t\t\t<td class=\"wpcw_fe_unit\" >Esempi di comunicazione telepatica con animali defunti<\/td>\n\t\t\t\t\t\t\t\t<td class=\"wpcw_fe_unit\">&nbsp;<\/td>\n\t\t\t\t\t\t\t<\/tr><tr class=\"wpcw_fe_module\" id=\"wpcw_fe_module_group_8_12\">\n\t\t\t\t<th class=\"wpcw_fe_module_title_header\">Modulo 8<\/th>\n\t\t\t\t<th class=\"wpcw_fe_module_desc_header\">Conclusioni<\/th>\n\t\t\t\t\n\t\t\t\t<th class=\"wpcw_fe_unit_progress_header\"><span class=\"wpcw-toogle-icon\"><i><\/i><\/span><\/th>\n\t\t\t\t\n\t\t\t<\/tr><tr class=\"wpcw_fe_unit wpcw_fe_module_group_8_12\">\n\t\t\t\t\t\t\t\t<td class=\"wpcw_fe_unit_title\">Unit\u00e0 1<\/td>\n\t\t\t\t\t\t\t\t<td class=\"wpcw_fe_unit\" >L\u2019importanza della pratica<\/td>\n\t\t\t\t\t\t\t\t<td class=\"wpcw_fe_unit\">&nbsp;<\/td>\n\t\t\t\t\t\t\t<\/tr><tr class=\"wpcw_fe_unit wpcw_fe_module_group_8_12\">\n\t\t\t\t\t\t\t\t<td class=\"wpcw_fe_unit_title\">Unit\u00e0 2<\/td>\n\t\t\t\t\t\t\t\t<td class=\"wpcw_fe_unit\" >Comunicazione telepatica e immaginazione<\/td>\n\t\t\t\t\t\t\t\t<td class=\"wpcw_fe_unit\">&nbsp;<\/td>\n\t\t\t\t\t\t\t<\/tr><tr class=\"wpcw_fe_unit wpcw_fe_module_group_8_12\">\n\t\t\t\t\t\t\t\t<td class=\"wpcw_fe_unit_title\">Unit\u00e0 3<\/td>\n\t\t\t\t\t\t\t\t<td class=\"wpcw_fe_unit\" >Espandere la propria coscienza imparando a comunicare telepaticamente con gli animali<\/td>\n\t\t\t\t\t\t\t\t<td class=\"wpcw_fe_unit\">&nbsp;<\/td>\n\t\t\t\t\t\t\t<\/tr><tr class=\"wpcw_fe_unit wpcw_fe_module_group_8_12\">\n\t\t\t\t\t\t\t\t<td class=\"wpcw_fe_unit_title\">Unit\u00e0 4<\/td>\n\t\t\t\t\t\t\t\t<td class=\"wpcw_fe_unit\" >Il Reiki e la comunicazione telepatica<\/td>\n\t\t\t\t\t\t\t\t<td class=\"wpcw_fe_unit\">&nbsp;<\/td>\n\t\t\t\t\t\t\t<\/tr><tr class=\"wpcw_fe_unit wpcw_fe_module_group_8_12 wpcw_unit_end\">\n\t\t\t\t\t\t\t\t<td class=\"wpcw_fe_unit_title\">Unit\u00e0 5<\/td>\n\t\t\t\t\t\t\t\t<td class=\"wpcw_fe_unit\" >Codice Etico per la Comunicazione Telepatica Interspecifica<\/td>\n\t\t\t\t\t\t\t\t<td class=\"wpcw_fe_unit\">&nbsp;<\/td>\n\t\t\t\t\t\t\t<\/tr><tr class=\"wpcw_fe_module\" id=\"wpcw_fe_module_group_9_12\">\n\t\t\t\t<th class=\"wpcw_fe_module_title_header\">Modulo 9<\/th>\n\t\t\t\t<th class=\"wpcw_fe_module_desc_header\">Sessioni di pratica<\/th>\n\t\t\t\t\n\t\t\t\t<th class=\"wpcw_fe_unit_progress_header\"><span class=\"wpcw-toogle-icon\"><i><\/i><\/span><\/th>\n\t\t\t\t\n\t\t\t<\/tr><tr class=\"wpcw_fe_unit wpcw_fe_module_group_9_12\">\n\t\t\t\t\t\t\t\t<td class=\"wpcw_fe_unit_title\">Unit\u00e0 1<\/td>\n\t\t\t\t\t\t\t\t<td class=\"wpcw_fe_unit\" >Come svolgere le sessioni di pratica<\/td>\n\t\t\t\t\t\t\t\t<td class=\"wpcw_fe_unit\">&nbsp;<\/td>\n\t\t\t\t\t\t\t<\/tr><tr class=\"wpcw_fe_unit wpcw_fe_module_group_9_12\">\n\t\t\t\t\t\t\t\t<td class=\"wpcw_fe_unit_title\">Unit\u00e0 2<\/td>\n\t\t\t\t\t\t\t\t<td class=\"wpcw_fe_unit\" >Sessione di pratica: Lala<\/td>\n\t\t\t\t\t\t\t\t<td class=\"wpcw_fe_unit\">&nbsp;<\/td>\n\t\t\t\t\t\t\t<\/tr><tr class=\"wpcw_fe_unit wpcw_fe_module_group_9_12\">\n\t\t\t\t\t\t\t\t<td class=\"wpcw_fe_unit_title\">Unit\u00e0 3<\/td>\n\t\t\t\t\t\t\t\t<td class=\"wpcw_fe_unit\" >Sessione di pratica: Po-Bao<\/td>\n\t\t\t\t\t\t\t\t<td class=\"wpcw_fe_unit\">&nbsp;<\/td>\n\t\t\t\t\t\t\t<\/tr><tr class=\"wpcw_fe_unit wpcw_fe_module_group_9_12\">\n\t\t\t\t\t\t\t\t<td class=\"wpcw_fe_unit_title\">Unit\u00e0 4<\/td>\n\t\t\t\t\t\t\t\t<td class=\"wpcw_fe_unit\" >Sessione di pratica: Rollo<\/td>\n\t\t\t\t\t\t\t\t<td class=\"wpcw_fe_unit\">&nbsp;<\/td>\n\t\t\t\t\t\t\t<\/tr><tr class=\"wpcw_fe_unit wpcw_fe_module_group_9_12\">\n\t\t\t\t\t\t\t\t<td class=\"wpcw_fe_unit_title\">Unit\u00e0 5<\/td>\n\t\t\t\t\t\t\t\t<td class=\"wpcw_fe_unit\" >Sessione di pratica: Oliver<\/td>\n\t\t\t\t\t\t\t\t<td class=\"wpcw_fe_unit\">&nbsp;<\/td>\n\t\t\t\t\t\t\t<\/tr><tr class=\"wpcw_fe_unit wpcw_fe_module_group_9_12\">\n\t\t\t\t\t\t\t\t<td class=\"wpcw_fe_unit_title\">Unit\u00e0 6<\/td>\n\t\t\t\t\t\t\t\t<td class=\"wpcw_fe_unit\" >Sessione di pratica: Maya<\/td>\n\t\t\t\t\t\t\t\t<td class=\"wpcw_fe_unit\">&nbsp;<\/td>\n\t\t\t\t\t\t\t<\/tr><tr class=\"wpcw_fe_unit wpcw_fe_module_group_9_12\">\n\t\t\t\t\t\t\t\t<td class=\"wpcw_fe_unit_title\">Unit\u00e0 7<\/td>\n\t\t\t\t\t\t\t\t<td class=\"wpcw_fe_unit\" >Sessione di pratica: Floki<\/td>\n\t\t\t\t\t\t\t\t<td class=\"wpcw_fe_unit\">&nbsp;<\/td>\n\t\t\t\t\t\t\t<\/tr><tr class=\"wpcw_fe_unit wpcw_fe_module_group_9_12\">\n\t\t\t\t\t\t\t\t<td class=\"wpcw_fe_unit_title\">Unit\u00e0 8<\/td>\n\t\t\t\t\t\t\t\t<td class=\"wpcw_fe_unit\" >Sessione di pratica: Kitty<\/td>\n\t\t\t\t\t\t\t\t<td class=\"wpcw_fe_unit\">&nbsp;<\/td>\n\t\t\t\t\t\t\t<\/tr><tr class=\"wpcw_fe_unit wpcw_fe_module_group_9_12\">\n\t\t\t\t\t\t\t\t<td class=\"wpcw_fe_unit_title\">Unit\u00e0 9<\/td>\n\t\t\t\t\t\t\t\t<td class=\"wpcw_fe_unit\" >Sessione di pratica: Berto<\/td>\n\t\t\t\t\t\t\t\t<td class=\"wpcw_fe_unit\">&nbsp;<\/td>\n\t\t\t\t\t\t\t<\/tr><tr class=\"wpcw_fe_unit wpcw_fe_module_group_9_12\">\n\t\t\t\t\t\t\t\t<td class=\"wpcw_fe_unit_title\">Unit\u00e0 10<\/td>\n\t\t\t\t\t\t\t\t<td class=\"wpcw_fe_unit\" >Sessione di pratica: Tommy<\/td>\n\t\t\t\t\t\t\t\t<td class=\"wpcw_fe_unit\">&nbsp;<\/td>\n\t\t\t\t\t\t\t<\/tr><tr class=\"wpcw_fe_unit wpcw_fe_module_group_9_12 wpcw_unit_end\">\n\t\t\t\t\t\t\t\t<td class=\"wpcw_fe_unit_title\">Unit\u00e0 11<\/td>\n\t\t\t\t\t\t\t\t<td class=\"wpcw_fe_unit\" >Sessione di pratica: Chopper<\/td>\n\t\t\t\t\t\t\t\t<td class=\"wpcw_fe_unit\">&nbsp;<\/td>\n\t\t\t\t\t\t\t<\/tr><\/table><\/p>\n<p style=\"text-align: justify;\">Se hai gi\u00e0 portato a termine un corso base di Animal Communication presso un&#8217;altra scuola potrebbe interessarti il mio <a href=\"https:\/\/wolfchorus.net\/krh\/prodotto\/corso-avanzato-di-animal-communication\/\" target=\"_blank\" rel=\"noopener\">Corso Avanzato<\/a>.<\/p>\n<p><a title=\"Contattami\" href=\"https:\/\/wolfchorus.net\/krh\/contattami\/\" target=\"_blank\" rel=\"noopener\">Contattami<\/a> per ricevere ulteriori informazioni<\/p>\n","protected":false},"excerpt":{"rendered":"<p>Questo corso si avvale di un metodo ampiamente sperimentato per imparare a comunicare telepaticamente con gli animali, imparerai a comprenderli meglio ed instaurare relazioni pi\u00f9 costruttive con loro. Potrai inoltre mettere le tue capacit\u00e0 al servizio di altre persone per aiutarle a migliorare la qualit\u00e0 dei loro rapporti coi propri animali domestici.\u00a0 L&#8217;Animal Communicator \u00e8 una figura professionale a cui ci si rivolge per vari tipi di problemi riguardanti gli animali domestici, dai problemi comportamentali ai problemi di salute, al fine vita. L&#8217;Animal Communicator non sostituisce l&#8217;operato di altri professionisti del settore ma collabora con loro per affrontare le situazioni, tenendo in considerazione il punto di vista dell&#8217;animale. Il corso Interattivo di Animal Communication si svolge interamente on-line e comprende: &nbsp; tutte le informazioni di base per mettere in atto la comunicazione telepatica con gli animali; una sessione individuale su zoom durante la quale avrai l\u2019opportunit\u00e0 di porre tutte le tue domande e chiarire eventuali dubbi relativi ai contenuti del corso; dieci sessioni di pratica interattive coi miei animali; feedback dettagliato e valutazione per ogni sessione di pratica; supporto continuativo; fruizione nei propri tempi e senza scadenza da pc, cellulare o tablet. A fine corso \u00e8 previsto un certificato attestante le capacit\u00e0 acquisite. Se hai gi\u00e0 portato a termine un corso base di Animal Communication presso un&#8217;altra scuola potrebbe interessarti il mio Corso Avanzato. Contattami per ricevere ulteriori informazioni<\/p>\n","protected":false},"featured_media":30770,"comment_status":"open","ping_status":"closed","template":"","meta":[],"product_brand":[],"product_cat":[560],"product_tag":[],"class_list":{"0":"post-37340","1":"product","2":"type-product","3":"status-publish","4":"has-post-thumbnail","6":"product_cat-corsi-online","8":"first","9":"instock","10":"virtual","11":"purchasable","12":"product-type-simple"},"acf":[],"_links":{"self":[{"href":"https:\/\/wolfchorus.net\/krh\/wp-json\/wp\/v2\/product\/37340","targetHints":{"allow":["GET"]}}],"collection":[{"href":"https:\/\/wolfchorus.net\/krh\/wp-json\/wp\/v2\/product"}],"about":[{"href":"https:\/\/wolfchorus.net\/krh\/wp-json\/wp\/v2\/types\/product"}],"replies":[{"embeddable":true,"href":"https:\/\/wolfchorus.net\/krh\/wp-json\/wp\/v2\/comments?post=37340"}],"wp:featuredmedia":[{"embeddable":true,"href":"https:\/\/wolfchorus.net\/krh\/wp-json\/wp\/v2\/media\/30770"}],"wp:attachment":[{"href":"https:\/\/wolfchorus.net\/krh\/wp-json\/wp\/v2\/media?parent=37340"}],"wp:term":[{"taxonomy":"product_brand","embeddable":true,"href":"https:\/\/wolfchorus.net\/krh\/wp-json\/wp\/v2\/product_brand?post=37340"},{"taxonomy":"product_cat","embeddable":true,"href":"https:\/\/wolfchorus.net\/krh\/wp-json\/wp\/v2\/product_cat?post=37340"},{"taxonomy":"product_tag","embeddable":true,"href":"https:\/\/wolfchorus.net\/krh\/wp-json\/wp\/v2\/product_tag?post=37340"}],"curies":[{"name":"wp","href":"https:\/\/api.w.org\/{rel}","templated":true}]}}