{"id":30794,"date":"2023-10-04T06:56:32","date_gmt":"2023-10-04T05:56:32","guid":{"rendered":"https:\/\/wolfchorus.net\/kundalini-reiki-healing\/?post_type=product&#038;p=30794"},"modified":"2026-01-24T06:26:10","modified_gmt":"2026-01-24T05:26:10","slug":"connessione-da-cuore-a-cuore","status":"publish","type":"product","link":"https:\/\/wolfchorus.net\/krh\/prodotto\/connessione-da-cuore-a-cuore\/","title":{"rendered":"Connessione da Cuore a Cuore"},"content":{"rendered":"<h6 style=\"text-align: justify;\">L&#8217;esercizio di connessione da cuore a cuore \u00e8 un aiuto per chi vuole collegarsi col proprio compagno animale.<\/h6>\n<p style=\"text-align: justify;\">Si tratta di una registrazione audio, della durata di 10 minuti circa, che ti guider\u00e0 attraverso un semplice esercizio e che potrai utilizzare ogni volta che desideri sentirti pi\u00f9 profondamente connesso e comunicare col tuo animale, che sia vicino o lontano.<\/p>\n<p style=\"text-align: justify;\">E&#8217; ottimo per entrare in contatto coi tuoi compagni animali e inviare amore quando non sei vicino a loro, ma \u00e8 anche un bel modo per coltivare la vostra connessione quando siete insieme.<\/p>\n<p style=\"text-align: justify;\">Puoi usarlo anche per inviare un faro energetico a un animale smarrito, per aiutarlo a tornare a casa e per connetterti con animali che non sono pi\u00f9 in vita.<\/p>\n<p style=\"text-align: justify;\">Ti sentirai molto pi\u00f9 connesso sia con gli animali che sono ora nella tua vita che con quelli che non ci sono pi\u00f9 e, con l&#8217;utilizzo regolare, la vostra connessione e comprensione inizier\u00e0 a raggiungere nuovi traguardi.<\/p>\n<p style=\"text-align: justify;\">E\u2019 incluso un manuale che spiega come fruire al meglio della meditazione.<\/p>\n","protected":false},"excerpt":{"rendered":"<p>L&#8217;esercizio di connessione da cuore a cuore \u00e8 un aiuto per chi vuole collegarsi col proprio compagno animale.<\/p>\n<p>Si tratta di una registrazione audio della durata di 10 minuti circa, che ti guider\u00e0 attraverso un semplice esercizio e che potrai utilizzare ogni volta che desideri sentirti pi\u00f9 profondamente connesso e comunicare col tuo animale, che sia vicino o lontano.<\/p>\n<p>Dopo l&#8217;acquisto potrai scaricare la registrazione e le istruzioni per fruire al meglio della meditazione.<\/p>\n","protected":false},"featured_media":35547,"comment_status":"open","ping_status":"closed","template":"","meta":[],"product_brand":[],"product_cat":[480],"product_tag":[],"class_list":{"0":"post-30794","1":"product","2":"type-product","3":"status-publish","4":"has-post-thumbnail","6":"product_cat-meditazioni-guidate","8":"first","9":"instock","10":"downloadable","11":"virtual","12":"purchasable","13":"product-type-simple"},"acf":[],"_links":{"self":[{"href":"https:\/\/wolfchorus.net\/krh\/wp-json\/wp\/v2\/product\/30794","targetHints":{"allow":["GET"]}}],"collection":[{"href":"https:\/\/wolfchorus.net\/krh\/wp-json\/wp\/v2\/product"}],"about":[{"href":"https:\/\/wolfchorus.net\/krh\/wp-json\/wp\/v2\/types\/product"}],"replies":[{"embeddable":true,"href":"https:\/\/wolfchorus.net\/krh\/wp-json\/wp\/v2\/comments?post=30794"}],"wp:featuredmedia":[{"embeddable":true,"href":"https:\/\/wolfchorus.net\/krh\/wp-json\/wp\/v2\/media\/35547"}],"wp:attachment":[{"href":"https:\/\/wolfchorus.net\/krh\/wp-json\/wp\/v2\/media?parent=30794"}],"wp:term":[{"taxonomy":"product_brand","embeddable":true,"href":"https:\/\/wolfchorus.net\/krh\/wp-json\/wp\/v2\/product_brand?post=30794"},{"taxonomy":"product_cat","embeddable":true,"href":"https:\/\/wolfchorus.net\/krh\/wp-json\/wp\/v2\/product_cat?post=30794"},{"taxonomy":"product_tag","embeddable":true,"href":"https:\/\/wolfchorus.net\/krh\/wp-json\/wp\/v2\/product_tag?post=30794"}],"curies":[{"name":"wp","href":"https:\/\/api.w.org\/{rel}","templated":true}]}}