{"id":4587,"date":"2019-04-20T11:37:13","date_gmt":"2019-04-20T10:37:13","guid":{"rendered":"https:\/\/kundalini-reiki-healing.net\/?page_id=4587"},"modified":"2022-03-23T11:06:01","modified_gmt":"2022-03-23T10:06:01","slug":"cookies","status":"publish","type":"page","link":"https:\/\/wolfchorus.net\/krh\/cookies\/","title":{"rendered":"COOKIE"},"content":{"rendered":"\r\n<p>Che cosa sono i cookie<\/p>\r\n\r\n\r\n\r\n<p>Come \u00e8 prassi comune di quasi tutti i siti web professionali, utilizziamo i cookie, che sono piccoli file che vengono scaricati sul computer, per migliorare la tua esperienza. Questa pagina descrive quali sono le informazioni che raccolgono, come le usiamo e perch\u00e9 a volte abbiamo bisogno di memorizzare queste informazioni. I cookie vengono utilizzati per una serie di motivi illustrati di seguito. Purtroppo nella maggior parte dei casi non ci sono opzioni standard per la disabilitazione dei cookie senza compromettere la funzionalit\u00e0 del sito. Si consiglia di lasciare attivi tutti i cookie.<\/p>\r\n<p>Per informazioni pi\u00f9 generali sui cookie consultare l\u2019articolo di Wikipedia sui cookie HTTP.<\/p>\r\n\r\n\r\n\r\n<p>Disabilitazione dei cookie<\/p>\r\n\r\n\r\n\r\n<p>\u00c8 possibile impedire l\u2019impostazione di cookie modificando le impostazioni del browser (vedi la guida del browser per sapere come fare). E&#8217; bene tenere presente che disattivando i cookie influenzerai la funzionalit\u00e0 di questo e di molti altri siti web che visiti. La disabilitazione dei cookie di solito comporta anche la disabilitazione di alcune funzionalit\u00e0 e caratteristiche del sito. Pertanto si consiglia di non disattivare i cookie.<\/p>\r\n<p>I cookie che abbiamo impostato<\/p>\r\n\r\n\r\n\r\n<p>Cookie relativi all&#8217;account<\/p>\r\n\r\n\r\n\r\n<p>Se crei un account presso di noi, utilizzeremo i cookie per la gestione del processo di registrazione e l&#8217;amministrazione generale.\u00a0 Questi cookie vengono solitamente cancellati quando ci si disconnette, tuttavia in alcuni casi possono rimanere per ricordare le tue preferenze del sito quando sei disconnesso.<\/p>\r\n\r\n\r\n\r\n<p>Cookie relativi al Login<\/p>\r\n\r\n\r\n\r\n<p>I cookie vengono utilizzati quando esegui l&#8217;accesso, in modo da poter ricordare le impostazioni scelte. Ci\u00f2 impedisce di doverle reimpostare ogni volta che visiti una nuova pagina. Questi cookie vengono in genere rimossi o cancellati quando ci si disconnette per assicurarsi di poter accedere alle funzionalit\u00e0 e alle aree riservate solo dopo aver effettuato l&#8217;accesso.<\/p>\r\n\r\n\r\n\r\n<p>Cookie relativi alla newsletter via email<\/p>\r\n\r\n\r\n\r\n<p>Questo sito offre servizi di iscrizione a newsletter o e-mail e i cookie possono essere utilizzati per ricordare se sei gi\u00e0 registrato e se mostrare determinate notifiche che potrebbero essere valide solo per gli utenti iscritti\/non iscritti.<\/p>\r\n\r\n\r\n\r\n<p>Cookie relativi all&#8217;elaborazione ordini<\/p>\r\n\r\n\r\n\r\n<p>Questo sito offre servizi di e-commerce o di pagamento e alcuni cookie sono essenziali per garantire che il tuo ordine venga memorizzato in modo da poterlo elaborare correttamente.<\/p>\r\n\r\n\r\n\r\n<p>Cookie relativi ai moduli<\/p>\r\n\r\n\r\n\r\n<p>Quando invii i dati a un modulo come quelli che si trovano nelle pagine di contatto o nei moduli di commento, i cookie potrebbero essere impostati per ricordare i dettagli dell&#8217;utente per la corrispondenza futura.<\/p>\r\n\r\n\r\n\r\n<p>Cookie relativi alle preferenze del sito<\/p>\r\n\r\n\r\n\r\n<p>Al fine di ricordare le tue preferenze abbiamo bisogno di impostare i cookie in modo che queste informazioni possano essere richiamate ogni volta che interagisci con una pagina che \u00e8 influenzata dalle preferenze.<\/p>\r\n<p>Cookie di terze parti<\/p>\r\n\r\n\r\n\r\n<p>In alcuni casi speciali utilizziamo anche cookie forniti da terze parti fidate. La seguente sezione indica quali cookie di terze parti potresti incontrare attraverso questo sito.<\/p>\r\n\r\n\r\n\r\n<p>Questo sito utilizza Google Analytics, una delle soluzioni di analisi pi\u00f9 diffuse e affidabili sul Web per aiutarci a capire come utilizzi il sito e come migliorare la tua esperienza.\u00a0 Questi cookie possono tracciare ad esempio il tempo che trascorri sul sito e le pagine che visiti cos\u00ec da poter continuare a produrre contenuti coinvolgenti.<\/p>\r\n\r\n\r\n\r\n<p>Per ulteriori informazioni sui cookie di Google Analytics, consultare la pagina ufficiale di Google Analytics.<\/p>\r\n\r\n\r\n\r\n<p>Ulteriori informazioni<\/p>\r\n\r\n\r\n\r\n<p>Speriamo di avere chiarito i tuoi dubbi ma se c&#8217;\u00e8 qualcosa di cui non sei certo \u00e8 solitamente pi\u00f9 sicuro lasciare i cookie abilitati, nel caso in cui tu interagisca con una delle funzionalit\u00e0 del nostro sito.<\/p>\r\n\r\n\r\n\r\n<p>Se hai bisogno di ulteriori informazioni <a href=\"https:\/\/wolfchorus.net\/krh\/contattami\/\">contattaci<\/a>.<\/p>\r\n","protected":false},"excerpt":{"rendered":"<p>Che cosa sono i cookie Come \u00e8 prassi comune di quasi tutti i siti web professionali, utilizziamo i cookie, che sono piccoli file che vengono scaricati sul computer, per migliorare la tua esperienza. Questa pagina descrive quali sono le informazioni che raccolgono, come le usiamo e perch\u00e9 a volte abbiamo bisogno di memorizzare queste informazioni. I cookie vengono utilizzati per una serie di motivi illustrati di seguito. Purtroppo nella maggior parte dei casi non ci sono opzioni standard per la disabilitazione dei cookie senza compromettere la funzionalit\u00e0 del sito. Si consiglia di lasciare attivi tutti i cookie. Per informazioni pi\u00f9 generali sui cookie consultare l\u2019articolo di Wikipedia sui cookie HTTP. Disabilitazione dei cookie \u00c8 possibile impedire l\u2019impostazione di cookie modificando le impostazioni del browser (vedi la guida del browser per sapere come fare). E&#8217; bene tenere presente che disattivando i cookie influenzerai la funzionalit\u00e0 di questo e di molti altri siti web che visiti. La disabilitazione dei cookie di solito comporta anche la disabilitazione di alcune funzionalit\u00e0 e caratteristiche del sito. Pertanto si consiglia di non disattivare i cookie. I cookie che abbiamo impostato Cookie relativi all&#8217;account Se crei un account presso di noi, utilizzeremo i cookie per la gestione del processo di registrazione e l&#8217;amministrazione generale.\u00a0 Questi cookie vengono solitamente cancellati quando ci si disconnette, tuttavia in alcuni casi possono rimanere per ricordare le tue preferenze del sito quando sei disconnesso. Cookie relativi al Login I cookie vengono utilizzati quando esegui l&#8217;accesso, in modo da poter ricordare le impostazioni scelte. Ci\u00f2 impedisce di doverle reimpostare ogni volta che visiti una nuova pagina. Questi cookie vengono in genere rimossi o cancellati quando ci si disconnette per assicurarsi di poter accedere alle funzionalit\u00e0 e alle aree riservate solo dopo aver effettuato l&#8217;accesso. Cookie relativi alla newsletter via email Questo sito offre servizi di iscrizione a newsletter o e-mail e i cookie possono essere utilizzati per ricordare se sei gi\u00e0 registrato e se mostrare determinate notifiche che potrebbero essere valide solo per gli utenti iscritti\/non iscritti. Cookie relativi all&#8217;elaborazione ordini Questo sito offre servizi di e-commerce o di pagamento e alcuni cookie sono essenziali per garantire che il tuo ordine venga memorizzato in modo da poterlo elaborare correttamente. Cookie relativi ai moduli Quando invii i dati a un modulo come quelli che si trovano nelle pagine di contatto o nei moduli di commento, i cookie potrebbero essere impostati per ricordare i dettagli dell&#8217;utente per la corrispondenza futura. Cookie relativi alle preferenze del sito Al fine di ricordare le tue preferenze abbiamo bisogno di impostare i cookie in modo che queste informazioni possano essere richiamate ogni volta che interagisci con una pagina che \u00e8 influenzata dalle preferenze. Cookie di terze parti In alcuni casi speciali utilizziamo anche cookie forniti da terze parti fidate. La seguente sezione indica quali cookie di terze parti potresti incontrare attraverso questo sito. Questo sito utilizza Google Analytics, una delle soluzioni di analisi pi\u00f9 diffuse e affidabili sul Web per aiutarci a capire come utilizzi il sito e come migliorare la tua esperienza.\u00a0 Questi cookie possono tracciare ad esempio il tempo che trascorri sul sito e le pagine che visiti cos\u00ec da poter continuare a produrre contenuti coinvolgenti. Per ulteriori informazioni sui cookie di Google Analytics, consultare la pagina ufficiale di Google Analytics. Ulteriori informazioni Speriamo di avere chiarito i tuoi dubbi ma se c&#8217;\u00e8 qualcosa di cui non sei certo \u00e8 solitamente pi\u00f9 sicuro lasciare i cookie abilitati, nel caso in cui tu interagisca con una delle funzionalit\u00e0 del nostro sito. Se hai bisogno di ulteriori informazioni contattaci.<\/p>\n","protected":false},"author":1,"featured_media":0,"parent":0,"menu_order":0,"comment_status":"closed","ping_status":"closed","template":"","meta":{"footnotes":""},"class_list":["post-4587","page","type-page","status-publish","hentry"],"acf":[],"_links":{"self":[{"href":"https:\/\/wolfchorus.net\/krh\/wp-json\/wp\/v2\/pages\/4587","targetHints":{"allow":["GET"]}}],"collection":[{"href":"https:\/\/wolfchorus.net\/krh\/wp-json\/wp\/v2\/pages"}],"about":[{"href":"https:\/\/wolfchorus.net\/krh\/wp-json\/wp\/v2\/types\/page"}],"author":[{"embeddable":true,"href":"https:\/\/wolfchorus.net\/krh\/wp-json\/wp\/v2\/users\/1"}],"replies":[{"embeddable":true,"href":"https:\/\/wolfchorus.net\/krh\/wp-json\/wp\/v2\/comments?post=4587"}],"version-history":[{"count":0,"href":"https:\/\/wolfchorus.net\/krh\/wp-json\/wp\/v2\/pages\/4587\/revisions"}],"wp:attachment":[{"href":"https:\/\/wolfchorus.net\/krh\/wp-json\/wp\/v2\/media?parent=4587"}],"curies":[{"name":"wp","href":"https:\/\/api.w.org\/{rel}","templated":true}]}}