{"id":36362,"date":"2025-12-01T09:19:21","date_gmt":"2025-12-01T08:19:21","guid":{"rendered":"https:\/\/wolfchorus.net\/kundalini-reiki-healing\/?page_id=36362"},"modified":"2025-12-01T17:04:41","modified_gmt":"2025-12-01T16:04:41","slug":"consigli-e-suggerimenti-per-la-sicurezza-online","status":"publish","type":"page","link":"https:\/\/wolfchorus.net\/krh\/consigli-e-suggerimenti-per-la-sicurezza-online\/","title":{"rendered":"Consigli e suggerimenti per la sicurezza online"},"content":{"rendered":"<p style=\"text-align: justify;\">Nel mondo di oggi \u00e8 fondamentale essere consapevoli della sicurezza online e sapere come proteggere se stessi e gli altri da truffe, hacker e violazioni dei dati personali.<\/p>\n<p style=\"text-align: justify;\">Ecco alcuni consigli e suggerimenti per aiutarti a vivere un&#8217;esperienza pi\u00f9 sicura mentre sei online.<\/p>\n<p style=\"text-align: justify;\">1)<strong> Non condividere mai nome utente e password:<\/strong> condividere le proprie informazioni di accesso pu\u00f2 compromettere la propria sicurezza e pu\u00f2 anche portare al divieto di fruizione di un servizio.<\/p>\n<p style=\"text-align: justify;\">2)<strong> Quando crei nuovi account online scegli password complicate:<\/strong> non includere la data di nascita, il nome o il numero di telefono quando crei una password. Includi caratteri speciali come &#8220;!&#8221;, &#8220;%&#8221;, &#8220;&amp;&#8221;, &#8220;@&#8221;, ecc. Rendi la tua password impossibile da indovinare.<\/p>\n<p style=\"text-align: justify;\"><strong>Usa un gestore di password:<\/strong> se trovi difficile ricordare tutte le tue password, evita di trascriverle su carta, ci sono modi migliori per memorizzarle. Esiste un&#8217;intera categoria di programmi chiamati gestori di password che possono essere scaricati gratuitamente sul tuo computer e smartphone, che memorizzano le password di tutti i tuoi dispositivi. &#8216;Last Past&#8217; \u00e8 un programma popolare e la versione gratuita \u00e8 eccellete, memorizzer\u00e0 tutte le tue password, in modo che l&#8217;unica password di cui avrai bisogno \u00e8 quella per accedere a &#8216;Last Past&#8217;, che dovr\u00e0 essere molto sicura perch\u00e9 \u00e8 la chiave per accedere a tutte le tue password.<\/p>\n<p style=\"text-align: justify;\">3) <strong>Prenditi cura del tuo dispositivo:<\/strong> proteggi con password i tuoi dispositivi in modo che nessun altro possa accedere ai tuoi dati e non lasciarli mai incustoditi.<\/p>\n<p style=\"text-align: justify;\">4) <strong>Utilizzo di punti WiFi pubblici:<\/strong> usare una rete Wi-Fi non sicura \u00e8 spesso molto veloce e semplice. Nessuna password da dover ricordare, nessuna casella &#8216;Termini e Condizioni&#8217; da spuntare. Ma questo pu\u00f2 significare che: quando leggi le tue email, altri potrebbero accedere al tuo account. Quando paghi le bollette, qualcuno potrebbe avere accesso ai tuoi dati bancari.<\/p>\n<p style=\"text-align: justify;\"><strong>Cosa chiedersi:<\/strong><\/p>\n<p style=\"text-align: justify;\"><strong>A chi appartiene la rete?<\/strong> Controlla sempre il nome della rete a cui ti connetti. Cerca di usare reti che riconosci, come Starbucks, BT, ecc. Se sei in un negozio o in un locale indipendente, chiedi a un membro dello staff i dettagli del Wi-Fi. Le reti valide richiedono una password. Potresti dover inserire alcune informazioni di accesso, come l&#8217;indirizzo email. Non fornire informazioni se non ti senti a tuo agio. Pensi che la pagina di accesso non sia corretta o stia chiedendo informazioni inutili? Chiedi a un membro dello staff se sei sulla rete giusta. Se hai dei dubbi, basta che ti disconnetti.<\/p>\n<p style=\"text-align: justify;\"><strong>Quali informazioni stai condividendo?<\/strong> Evita di effettuare l&#8217;accesso o di inserire informazioni personali come i tuoi dati bancari o email. Questo \u00e8 particolarmente importante se usi un Wi-Fi non sicuro. Tuttavia anche le reti sicure possono non esserlo al 100%.<\/p>\n<p style=\"text-align: justify;\"><strong>Si possono criptare i dati per mantenerli al sicuro?<\/strong> S\u00ec puoi criptare autonomamente i tuoi dati, usando un software chiamato VPN. Una VPN (o Rete Privata Virtuale) aiuta a mantenere i tuoi dati al sicuro quando usi un Wi-Fi pubblico. Quindi, anche se usi lo stesso hotspot Wi-Fi pubblico che altri usano, i tuoi dati non saranno visibili. Ci sono molte app per smartphone che fanno questo, sia gratuite che a pagamento. Fai le tue ricerche per scegliere quella che fa al caso tuo.<\/p>\n<p style=\"text-align: justify;\"><strong>\u00c8 pi\u00f9 sicuro usare i dati dello smartphone?<\/strong> A volte usiamo il Wi-Fi pubblico per risparmiare sul traffico dati, anche se spesso non utilizziamo tutti i giga di cui possiamo usufruire. Le reti 4G o 5G sono molto pi\u00f9 sicure rispetto al Wi-Fi pubblico. Considera di disattivare il Wi-Fi e di sfruttare al meglio il tuo traffico dati. Se stai solo navigando su internet o usando i social media, il consumo di giga \u00e8 relativo, mentre lo streaming di film e le videochiamate di lunga durata possono consumare rapidamente i tuoi dati. Controlla le condizioni di servizio del tuo contratto telefonico per conoscere i costi di navigazione.<\/p>\n<p style=\"text-align: justify;\">5)<strong> Per la tua sicurezza: <\/strong>questo sito web \u00e8 altamente protetto\u00a0da certificati SSL per criptare i dati e utilizza firewall per monitorare e proteggere le informazioni degli utenti.<\/p>\n","protected":false},"excerpt":{"rendered":"<p>Nel mondo di oggi \u00e8 fondamentale essere consapevoli della sicurezza online e sapere come proteggere se stessi e gli altri da truffe, hacker e violazioni dei dati personali. Ecco alcuni consigli e suggerimenti per aiutarti a vivere un&#8217;esperienza pi\u00f9 sicura mentre sei online. 1) Non condividere mai nome utente e password: condividere le proprie informazioni di accesso pu\u00f2 compromettere la propria sicurezza e pu\u00f2 anche portare al divieto di fruizione di un servizio. 2) Quando crei nuovi account online scegli password complicate: non includere la data di nascita, il nome o il numero di telefono quando crei una password. Includi caratteri speciali come &#8220;!&#8221;, &#8220;%&#8221;, &#8220;&amp;&#8221;, &#8220;@&#8221;, ecc. Rendi la tua password impossibile da indovinare. Usa un gestore di password: se trovi difficile ricordare tutte le tue password, evita di trascriverle su carta, ci sono modi migliori per memorizzarle. Esiste un&#8217;intera categoria di programmi chiamati gestori di password che possono essere scaricati gratuitamente sul tuo computer e smartphone, che memorizzano le password di tutti i tuoi dispositivi. &#8216;Last Past&#8217; \u00e8 un programma popolare e la versione gratuita \u00e8 eccellete, memorizzer\u00e0 tutte le tue password, in modo che l&#8217;unica password di cui avrai bisogno \u00e8 quella per accedere a &#8216;Last Past&#8217;, che dovr\u00e0 essere molto sicura perch\u00e9 \u00e8 la chiave per accedere a tutte le tue password. 3) Prenditi cura del tuo dispositivo: proteggi con password i tuoi dispositivi in modo che nessun altro possa accedere ai tuoi dati e non lasciarli mai incustoditi. 4) Utilizzo di punti WiFi pubblici: usare una rete Wi-Fi non sicura \u00e8 spesso molto veloce e semplice. Nessuna password da dover ricordare, nessuna casella &#8216;Termini e Condizioni&#8217; da spuntare. Ma questo pu\u00f2 significare che: quando leggi le tue email, altri potrebbero accedere al tuo account. Quando paghi le bollette, qualcuno potrebbe avere accesso ai tuoi dati bancari. Cosa chiedersi: A chi appartiene la rete? Controlla sempre il nome della rete a cui ti connetti. Cerca di usare reti che riconosci, come Starbucks, BT, ecc. Se sei in un negozio o in un locale indipendente, chiedi a un membro dello staff i dettagli del Wi-Fi. Le reti valide richiedono una password. Potresti dover inserire alcune informazioni di accesso, come l&#8217;indirizzo email. Non fornire informazioni se non ti senti a tuo agio. Pensi che la pagina di accesso non sia corretta o stia chiedendo informazioni inutili? Chiedi a un membro dello staff se sei sulla rete giusta. Se hai dei dubbi, basta che ti disconnetti. Quali informazioni stai condividendo? Evita di effettuare l&#8217;accesso o di inserire informazioni personali come i tuoi dati bancari o email. Questo \u00e8 particolarmente importante se usi un Wi-Fi non sicuro. Tuttavia anche le reti sicure possono non esserlo al 100%. Si possono criptare i dati per mantenerli al sicuro? S\u00ec puoi criptare autonomamente i tuoi dati, usando un software chiamato VPN. Una VPN (o Rete Privata Virtuale) aiuta a mantenere i tuoi dati al sicuro quando usi un Wi-Fi pubblico. Quindi, anche se usi lo stesso hotspot Wi-Fi pubblico che altri usano, i tuoi dati non saranno visibili. Ci sono molte app per smartphone che fanno questo, sia gratuite che a pagamento. Fai le tue ricerche per scegliere quella che fa al caso tuo. \u00c8 pi\u00f9 sicuro usare i dati dello smartphone? A volte usiamo il Wi-Fi pubblico per risparmiare sul traffico dati, anche se spesso non utilizziamo tutti i giga di cui possiamo usufruire. Le reti 4G o 5G sono molto pi\u00f9 sicure rispetto al Wi-Fi pubblico. Considera di disattivare il Wi-Fi e di sfruttare al meglio il tuo traffico dati. Se stai solo navigando su internet o usando i social media, il consumo di giga \u00e8 relativo, mentre lo streaming di film e le videochiamate di lunga durata possono consumare rapidamente i tuoi dati. Controlla le condizioni di servizio del tuo contratto telefonico per conoscere i costi di navigazione. 5) Per la tua sicurezza: questo sito web \u00e8 altamente protetto\u00a0da certificati SSL per criptare i dati e utilizza firewall per monitorare e proteggere le informazioni degli utenti.<\/p>\n","protected":false},"author":1,"featured_media":0,"parent":0,"menu_order":0,"comment_status":"closed","ping_status":"closed","template":"","meta":{"footnotes":""},"class_list":["post-36362","page","type-page","status-publish","hentry"],"acf":[],"_links":{"self":[{"href":"https:\/\/wolfchorus.net\/krh\/wp-json\/wp\/v2\/pages\/36362","targetHints":{"allow":["GET"]}}],"collection":[{"href":"https:\/\/wolfchorus.net\/krh\/wp-json\/wp\/v2\/pages"}],"about":[{"href":"https:\/\/wolfchorus.net\/krh\/wp-json\/wp\/v2\/types\/page"}],"author":[{"embeddable":true,"href":"https:\/\/wolfchorus.net\/krh\/wp-json\/wp\/v2\/users\/1"}],"replies":[{"embeddable":true,"href":"https:\/\/wolfchorus.net\/krh\/wp-json\/wp\/v2\/comments?post=36362"}],"version-history":[{"count":0,"href":"https:\/\/wolfchorus.net\/krh\/wp-json\/wp\/v2\/pages\/36362\/revisions"}],"wp:attachment":[{"href":"https:\/\/wolfchorus.net\/krh\/wp-json\/wp\/v2\/media?parent=36362"}],"curies":[{"name":"wp","href":"https:\/\/api.w.org\/{rel}","templated":true}]}}