{"id":849,"date":"2026-03-19T10:57:46","date_gmt":"2026-03-19T09:57:46","guid":{"rendered":"https:\/\/animal-communicator.it\/?post_type=product&#038;p=849"},"modified":"2026-03-19T13:30:32","modified_gmt":"2026-03-19T12:30:32","slug":"animal-light-communication","status":"publish","type":"product","link":"https:\/\/wolfchorus.net\/animal-communicator\/prodotto\/animal-light-communication\/","title":{"rendered":"Animal Light Communication"},"content":{"rendered":"<h5 style=\"text-align: justify;\"><span style=\"font-family: tahoma, arial, helvetica, sans-serif;\">Animal Light Communication \u00e8 un&#8217;attivazione energetica* che aiuta ad aprire i canali per la comunicazione con gli animali, facilitando la trasmissione e la ricezione telepatica di messaggi, visioni, sensazioni ed emozioni.<\/span><\/h5>\n<p style=\"text-align: justify;\"><span style=\"font-family: tahoma, arial, helvetica, sans-serif;\">Sul piano fisico gli animali comunicano attraverso gesti, espressioni, suoni, sul piano energetico invece comunicano in modo telepatico, trasmettendo frasi, immagini, colori ed emozioni.<\/span><\/p>\n<p style=\"text-align: justify;\"><span style=\"font-family: tahoma, arial, helvetica, sans-serif;\">Quando riapriamo questi canali e sviluppiamo la capacit\u00e0 di comunicare, possiamo scoprire e imparare molto di pi\u00f9 dagli animali, e avremo anche molto di pi\u00f9 da condividere con loro.<\/span><\/p>\n<p style=\"text-align: justify;\"><span style=\"font-family: tahoma, arial, helvetica, sans-serif;\">Il corso comprende un&#8217;attivazione energetica* a distanza, un manuale e un certificato.<\/span><\/p>\n<p style=\"text-align: justify;\"><span style=\"font-family: tahoma, arial, helvetica, sans-serif;\">Dopo l\u2019acquisto potrai scaricare immediatamente il manuale e verrai contattato via email per fissare l\u2019appuntamento per l\u2019attivazione.<\/span><\/p>\n<p style=\"text-align: justify;\"><span style=\"font-family: tahoma, arial, helvetica, sans-serif;\">*<em>Un\u2019attivazione energetica \u00e8 un processo attraverso il quale viene facilitata l\u2019apertura, il riequilibrio e il potenziamento del sistema energetico di una persona, permettendo una maggiore consapevolezza, armonia e capacit\u00e0 di percezione e utilizzo dell\u2019energia. Nel contesto della Comunicazione con gli Animali, questo processo favorisce l\u2019apertura dei canali percettivi, rendendo pi\u00f9 naturale entrare in connessione e comunicazione con il mondo animale.<\/em><\/span><\/p>\n<p><span style=\"font-family: tahoma, arial, helvetica, sans-serif;\"><a title=\"Contattami\" href=\"https:\/\/wolfchorus.net\/animal-communicator\/contattami\/\" target=\"_blank\" rel=\"noopener\">Contattami<\/a> per ricevere ulteriori informazioni<\/span><\/p>\n","protected":false},"excerpt":{"rendered":"<p>Animal Light Communication \u00e8 un&#8217;attivazione energetica* che aiuta ad aprire i canali per la comunicazione con gli animali, facilitando la trasmissione e la ricezione telepatica di messaggi, visioni, sensazioni ed emozioni. Sul piano fisico&#46;&#46;&#46;<\/p>\n","protected":false},"featured_media":851,"template":"","meta":[],"product_brand":[],"product_cat":[20],"product_tag":[],"class_list":{"0":"post-849","1":"product","2":"type-product","3":"status-publish","4":"has-post-thumbnail","6":"product_cat-corsi","8":"first","9":"instock","10":"sale","11":"downloadable","12":"virtual","13":"purchasable","14":"product-type-simple"},"_links":{"self":[{"href":"https:\/\/wolfchorus.net\/animal-communicator\/wp-json\/wp\/v2\/product\/849","targetHints":{"allow":["GET"]}}],"collection":[{"href":"https:\/\/wolfchorus.net\/animal-communicator\/wp-json\/wp\/v2\/product"}],"about":[{"href":"https:\/\/wolfchorus.net\/animal-communicator\/wp-json\/wp\/v2\/types\/product"}],"wp:featuredmedia":[{"embeddable":true,"href":"https:\/\/wolfchorus.net\/animal-communicator\/wp-json\/wp\/v2\/media\/851"}],"wp:attachment":[{"href":"https:\/\/wolfchorus.net\/animal-communicator\/wp-json\/wp\/v2\/media?parent=849"}],"wp:term":[{"taxonomy":"product_brand","embeddable":true,"href":"https:\/\/wolfchorus.net\/animal-communicator\/wp-json\/wp\/v2\/product_brand?post=849"},{"taxonomy":"product_cat","embeddable":true,"href":"https:\/\/wolfchorus.net\/animal-communicator\/wp-json\/wp\/v2\/product_cat?post=849"},{"taxonomy":"product_tag","embeddable":true,"href":"https:\/\/wolfchorus.net\/animal-communicator\/wp-json\/wp\/v2\/product_tag?post=849"}],"curies":[{"name":"wp","href":"https:\/\/api.w.org\/{rel}","templated":true}]}}