{"id":802,"date":"2026-01-26T14:48:06","date_gmt":"2026-01-26T13:48:06","guid":{"rendered":"https:\/\/animal-communicator.it\/?post_type=product&#038;p=802"},"modified":"2026-02-03T22:38:46","modified_gmt":"2026-02-03T21:38:46","slug":"shamanic-animal-communication-healing","status":"publish","type":"product","link":"https:\/\/wolfchorus.net\/animal-communicator\/prodotto\/shamanic-animal-communication-healing\/","title":{"rendered":"Shamanic Animal Communication &#038; Healing"},"content":{"rendered":"<p style=\"text-align: justify;\"><span style=\"font-family: tahoma, arial, helvetica, sans-serif;\">Questo corso \u00e8 riservato a chi \u00e8 in grado di padroneggiare il viaggio sciamanico, se non hai esperienza con questa pratica dovresti prima svolgere il corso \u201c<a href=\"https:\/\/wolfchorus.net\/krh\/corso\/il-viaggio-sciamanico\/\" target=\"_blank\" rel=\"noopener\">Il Viaggio Sciamanico<\/a>\u201d.<\/span><\/p>\n<h5 style=\"text-align: justify;\"><span style=\"font-family: tahoma, arial, helvetica, sans-serif;\">Lo sciamanesimo \u00e8 la pratica spirituale pi\u00f9 antica conosciuta dall&#8217;umanit\u00e0 ed \u00e8 ancora praticato in tutto il mondo dai popoli indigeni e da chi sente la chiamata a svolgere il ruolo di praticante sciamanico. Gli sciamani considerano la malattia una disarmonia a livello energetico\/spirituale, che pu\u00f2 essere causa di malattie mentali, emotive e\/o fisiche, se non risolta.<\/span><\/h5>\n<p style=\"text-align: justify;\"><span style=\"font-family: tahoma, arial, helvetica, sans-serif;\">Lo sciamano affronta l&#8217;aspetto spirituale della malattia compiendo viaggi al di fuori del tempo e dello spazio, in quella che viene definita &#8220;realt\u00e0 non ordinaria&#8221;, dove incontra aiutanti spirituali umani e animali.<\/span><\/p>\n<p style=\"text-align: justify;\"><span style=\"font-family: tahoma, arial, helvetica, sans-serif;\">Sono questi spiriti compassionevoli che compiono il lavoro, lo sciamano funge solo da canale (detto anche \u201cosso cavo\u201d), per il potere che si manifesta dallo spirito.<\/span><\/p>\n<p style=\"text-align: justify;\"><span style=\"font-family: tahoma, arial, helvetica, sans-serif;\">Le sessioni sciamaniche sono molto efficaci anche per gli animali perch\u00e9 le loro anime possono soffrire delle stesse disarmonie di cui soffriamo noi umani, per esempio la perdita dell\u2019anima \u00e8 un meccanismo di sopravvivenza che viene messo in atto quando avvengono eventi dolorosi o traumatici. Parti dell&#8217;essenza o dell&#8217;anima dell\u2019animale possono decidere di andarsene, affinch\u00e9 la psiche possa sopravvivere all\u2019esperienza traumatica. Queste parti si perdono nella realt\u00e0 non ordinaria e devono essere ricongiunte con l&#8217;essere a cui appartengono, perch\u00e9 il vuoto lasciato pu\u00f2 rappresentare un invito al dolore, alla malattia e a pericolose intrusioni.<\/span><\/p>\n<p style=\"text-align: justify;\"><span style=\"font-family: tahoma, arial, helvetica, sans-serif;\">Per il recupero dell&#8217;anima il praticante sciamanico compie un viaggio nella realt\u00e0 non ordinaria, allo scopo di trovare le parti perdute dell&#8217;anima e riportarle all\u2019essere che le ha perse. La risultante &#8220;integrit\u00e0 dell&#8217;anima&#8221; pu\u00f2 avere molti effetti benefici a livello spirituale, mentale, emotivo e fisico.<\/span><\/p>\n<p style=\"text-align: justify;\"><span style=\"font-family: tahoma, arial, helvetica, sans-serif;\">La necessit\u00e0 di una sessione sciamanica pu\u00f2 emergere durante un consulto di Animal Communication e pu\u00f2 fornire una solida base per il successo di altre modalit\u00e0 terapiche.<\/span><\/p>\n<p style=\"text-align: justify;\"><span style=\"font-family: tahoma, arial, helvetica, sans-serif;\">Frequentando questo corso apprenderai tecniche di Sciamanesimo Transculturale (Core Shamanism) e di <a href=\"https:\/\/wolfchorus.net\/animal-communicator\/\" target=\"_blank\" rel=\"noopener\">Animal Communication<\/a>, per aiutare gli animali nel loro processo di guarigione. Acquisirai delle guide sciamaniche (umane e animali) che ti aiuteranno a mettere in atto il contatto telepatico, per comprendere quali problemi devono essere risolti, apprenderai inoltre rituali di guarigione per lavorare sul benessere degli animali.<\/span><\/p>\n<p style=\"text-align: justify;\"><span style=\"font-family: tahoma, arial, helvetica, sans-serif;\">Si tratta di un corso esperienziale, avrai modo di mettere in pratica le tecniche apprese lavorando con gli animali che ospito nel mio rifugio.<\/span><\/p>\n<p style=\"text-align: justify;\"><span style=\"font-family: tahoma, arial, helvetica, sans-serif;\">Il corso si svolge interamente on-line e comprende:<\/span><\/p>\n<ul>\n<li style=\"text-align: justify;\"><span style=\"font-family: tahoma, arial, helvetica, sans-serif;\">una sessione individuale su zoom durante la quale avrai l\u2019opportunit\u00e0 di porre tutte le tue domande e chiarire eventuali dubbi relativi ai contenuti del corso;<\/span><\/li>\n<li style=\"text-align: justify;\"><span style=\"font-family: tahoma, arial, helvetica, sans-serif;\">sessioni di pratica coi miei animali;<\/span><\/li>\n<li style=\"text-align: justify;\"><span style=\"font-family: tahoma, arial, helvetica, sans-serif;\">supporto continuativo;<\/span><\/li>\n<li style=\"text-align: justify;\"><span style=\"font-family: tahoma, arial, helvetica, sans-serif;\">fruizione nei propri tempi e senza scadenza da pc, cellulare o tablet.<\/span><\/li>\n<li style=\"text-align: justify;\"><span style=\"font-family: tahoma, arial, helvetica, sans-serif;\">A fine corso \u00e8 previsto un certificato attestante le capacit\u00e0 acquisite.<\/span><\/li>\n<\/ul>\n<p style=\"text-align: justify;\"><span style=\"font-family: tahoma, arial, helvetica, sans-serif;\"><a href=\"https:\/\/wolfchorus.net\/krh\/corso\/shamanic-animal-communication-healing-online\/\" target=\"_blank\" rel=\"noopener\">Clicca qui<\/a> per avere una panoramica completa degli argomenti del corso.<\/span><\/p>\n<p><span style=\"font-family: tahoma, arial, helvetica, sans-serif;\"><a title=\"Contattami\" href=\"https:\/\/wolfchorus.net\/animal-communicator\/contattami\/\" target=\"_blank\" rel=\"noopener\">Contattami<\/a> per ricevere ulteriori informazioni<\/span><\/p>\n","protected":false},"excerpt":{"rendered":"<p>Questo corso \u00e8 riservato a chi \u00e8 in grado di padroneggiare il viaggio sciamanico, se non hai esperienza con questa pratica dovresti prima svolgere il corso \u201cIl Viaggio Sciamanico\u201d. Lo sciamanesimo \u00e8 la pratica&#46;&#46;&#46;<\/p>\n","protected":false},"featured_media":803,"template":"","meta":[],"product_brand":[],"product_cat":[20],"product_tag":[],"class_list":{"0":"post-802","1":"product","2":"type-product","3":"status-publish","4":"has-post-thumbnail","6":"product_cat-corsi","8":"first","9":"instock","10":"virtual","11":"purchasable","12":"product-type-simple"},"_links":{"self":[{"href":"https:\/\/wolfchorus.net\/animal-communicator\/wp-json\/wp\/v2\/product\/802","targetHints":{"allow":["GET"]}}],"collection":[{"href":"https:\/\/wolfchorus.net\/animal-communicator\/wp-json\/wp\/v2\/product"}],"about":[{"href":"https:\/\/wolfchorus.net\/animal-communicator\/wp-json\/wp\/v2\/types\/product"}],"wp:featuredmedia":[{"embeddable":true,"href":"https:\/\/wolfchorus.net\/animal-communicator\/wp-json\/wp\/v2\/media\/803"}],"wp:attachment":[{"href":"https:\/\/wolfchorus.net\/animal-communicator\/wp-json\/wp\/v2\/media?parent=802"}],"wp:term":[{"taxonomy":"product_brand","embeddable":true,"href":"https:\/\/wolfchorus.net\/animal-communicator\/wp-json\/wp\/v2\/product_brand?post=802"},{"taxonomy":"product_cat","embeddable":true,"href":"https:\/\/wolfchorus.net\/animal-communicator\/wp-json\/wp\/v2\/product_cat?post=802"},{"taxonomy":"product_tag","embeddable":true,"href":"https:\/\/wolfchorus.net\/animal-communicator\/wp-json\/wp\/v2\/product_tag?post=802"}],"curies":[{"name":"wp","href":"https:\/\/api.w.org\/{rel}","templated":true}]}}