{"id":467,"date":"2025-10-27T08:31:48","date_gmt":"2025-10-27T07:31:48","guid":{"rendered":"https:\/\/animal-communicator.it\/?post_type=product&#038;p=467"},"modified":"2026-02-03T22:48:37","modified_gmt":"2026-02-03T21:48:37","slug":"approfondimento-animali-smarriti","status":"publish","type":"product","link":"https:\/\/wolfchorus.net\/animal-communicator\/prodotto\/approfondimento-animali-smarriti\/","title":{"rendered":"Corso di Approfondimento Animali Smarriti"},"content":{"rendered":"<p style=\"text-align: justify;\"><span style=\"font-family: tahoma, arial, helvetica, sans-serif;\">Questo corso offre suggerimenti pratici su come utilizzare le tecniche di Animal Communication per localizzare animali smarriti e gestire le comunicazioni coi loro tutori.<\/span><\/p>\n<h5 style=\"text-align: justify;\"><span style=\"font-family: tahoma, arial, helvetica, sans-serif;\">Localizzare animali smarriti \u00e8 il compito pi\u00f9 arduo per l\u2019<a href=\"https:\/\/wolfchorus.net\/animal-communicator\/ufaq\/qual-e-il-ruolo-dellanimal-communicator\/\" target=\"_blank\" rel=\"noopener\">Animal Communicator<\/a>, molti evitano di offrire questo tipo di servizio, inoltre, per chi sta imparando le tecniche di Animal Communication ed \u00e8 in cerca di occasioni per far pratica, mettersi alla ricerca di animali smarriti pu\u00f2 essere scoraggiante.<\/span><\/h5>\n<p style=\"text-align: justify;\"><span style=\"font-family: tahoma, arial, helvetica, sans-serif;\">Purtroppo moltissimi animali spariscono ogni anno e molti devono affrontare il difficile compito di cercarli. Spesso queste persone si rivolgono agli Animal Communicator come ultima spiaggia, dopo che i tentativi con gli approcci pi\u00f9 convenzionali sono falliti. A volte \u00e8 difficile trovare un Animal Communicator disposto a lavorare sui casi di animali smarriti, perch\u00e9 sono stressanti e possono richiedere vari interventi.<\/span><\/p>\n<p style=\"text-align: justify;\"><span style=\"font-family: tahoma, arial, helvetica, sans-serif;\">Quando si cerca di localizzare un animale smarrito non si lavora solo con l&#8217;animale, \u00e8 necessario sincronizzarsi col suo tutore, in quanto il successo dipende interamente dalla sua determinazione nel condurre le ricerche, in base alle indicazioni ricevute. Spesso ci si deve confrontare con animali disorientati, spaventati e confusi e con persone impazienti e disperate. Inoltre l\u2019animale potrebbe essere scappato intenzionalmente, potrebbe essere stato rubato od essere morto o ferito; per questi motivi, cercare di riportare a casa animali smarriti \u00e8 un compito non semplice ma socialmente utile.<\/span><\/p>\n<p style=\"text-align: justify;\"><span style=\"font-family: tahoma, arial, helvetica, sans-serif;\">Questo corso \u00e8 dedicato agli Animal Communicator interessati a lavorare sui casi di animali smarriti, non \u00e8 un corso per principianti ma \u00e8 riservato a chi ha gi\u00e0 frequentato il mio <a href=\"https:\/\/wolfchorus.net\/krh\/corso\/corso-interattivo-di-animal-communication\/\" target=\"_blank\" rel=\"noopener\">corso base di Animal Communication<\/a> o un corso equiparabile presso un\u2019altra scuola.<\/span><\/p>\n<p style=\"text-align: justify;\"><span style=\"font-family: tahoma, arial, helvetica, sans-serif;\">Il corso si svolge interamente online, \u00e8 fruibile nei propri tempi e senza scadenza da pc, cellulare o tablet e comprende una sessione individuale su zoom, durante la quale avrai l\u2019opportunit\u00e0 di porre tutte le tue domande e chiarire eventuali dubbi relativi ai contenuti del corso.<\/span><\/p>\n<p style=\"text-align: justify;\"><span style=\"font-family: tahoma, arial, helvetica, sans-serif;\">E&#8217; previsto un attestato a fine corso.<\/span><\/p>\n<p style=\"text-align: justify;\"><span style=\"font-family: tahoma, arial, helvetica, sans-serif;\"><a href=\"https:\/\/wolfchorus.net\/krh\/corso\/corso-di-approfondimento-animali-smarriti\/\" target=\"_blank\" rel=\"noopener\">Clicca qui<\/a> per avere una panoramica completa degli argomenti del corso.<\/span><\/p>\n<p><span style=\"font-family: tahoma, arial, helvetica, sans-serif;\"><a title=\"Contattami\" href=\"https:\/\/wolfchorus.net\/animal-communicator\/contattami\/\" target=\"_blank\" rel=\"noopener\">Contattami<\/a> per ricevere ulteriori informazioni<\/span><\/p>\n","protected":false},"excerpt":{"rendered":"<p>Questo corso offre suggerimenti pratici su come utilizzare le tecniche di Animal Communication per localizzare animali smarriti e gestire le comunicazioni coi loro tutori. Localizzare animali smarriti \u00e8 il compito pi\u00f9 arduo per l\u2019Animal&#46;&#46;&#46;<\/p>\n","protected":false},"featured_media":468,"template":"","meta":[],"product_brand":[],"product_cat":[20],"product_tag":[],"class_list":{"0":"post-467","1":"product","2":"type-product","3":"status-publish","4":"has-post-thumbnail","6":"product_cat-corsi","8":"first","9":"instock","10":"virtual","11":"purchasable","12":"product-type-simple"},"_links":{"self":[{"href":"https:\/\/wolfchorus.net\/animal-communicator\/wp-json\/wp\/v2\/product\/467","targetHints":{"allow":["GET"]}}],"collection":[{"href":"https:\/\/wolfchorus.net\/animal-communicator\/wp-json\/wp\/v2\/product"}],"about":[{"href":"https:\/\/wolfchorus.net\/animal-communicator\/wp-json\/wp\/v2\/types\/product"}],"wp:featuredmedia":[{"embeddable":true,"href":"https:\/\/wolfchorus.net\/animal-communicator\/wp-json\/wp\/v2\/media\/468"}],"wp:attachment":[{"href":"https:\/\/wolfchorus.net\/animal-communicator\/wp-json\/wp\/v2\/media?parent=467"}],"wp:term":[{"taxonomy":"product_brand","embeddable":true,"href":"https:\/\/wolfchorus.net\/animal-communicator\/wp-json\/wp\/v2\/product_brand?post=467"},{"taxonomy":"product_cat","embeddable":true,"href":"https:\/\/wolfchorus.net\/animal-communicator\/wp-json\/wp\/v2\/product_cat?post=467"},{"taxonomy":"product_tag","embeddable":true,"href":"https:\/\/wolfchorus.net\/animal-communicator\/wp-json\/wp\/v2\/product_tag?post=467"}],"curies":[{"name":"wp","href":"https:\/\/api.w.org\/{rel}","templated":true}]}}