{"id":285,"date":"2025-10-25T06:15:14","date_gmt":"2025-10-25T05:15:14","guid":{"rendered":"https:\/\/wolfchorus.net\/animal-communicator\/?post_type=product&#038;p=285"},"modified":"2026-02-04T07:32:55","modified_gmt":"2026-02-04T06:32:55","slug":"corso-avanzato-di-animal-communication","status":"publish","type":"product","link":"https:\/\/wolfchorus.net\/animal-communicator\/prodotto\/corso-avanzato-di-animal-communication\/","title":{"rendered":"Corso Avanzato di Animal Communication"},"content":{"rendered":"<h5 style=\"text-align: justify;\"><span style=\"font-family: tahoma, arial, helvetica, sans-serif;\">Questo corso \u00e8 riservato a chi ha gi\u00e0 portato a termine il mio <a href=\"https:\/\/wolfchorus.net\/krh\/corso\/corso-interattivo-di-animal-communication\/\" target=\"_blank\" rel=\"noopener\">Corso Base di Animal Communication<\/a> o un corso equivalente presso un\u2019altra scuola. E\u2019 un\u2019opportunit\u00e0 per chiunque abbia una conoscenza di base di <a href=\"https:\/\/wolfchorus.net\/animal-communicator\/\" target=\"_blank\" rel=\"noopener\">Animal Communication<\/a>, di espandere le proprie capacit\u00e0, per portare la pratica al livello successivo. E\u2019 rivolto a chi desidera evolvere nella professione dell&#8217;<a href=\"https:\/\/wolfchorus.net\/animal-communicator\/ufaq\/qual-e-il-ruolo-dellanimal-communicator\/\" target=\"_blank\" rel=\"noopener\">Animal Communicator<\/a>, superando alcune delle difficolt\u00e0 con cui, inevitabilmente, si dovr\u00e0 confrontare.<\/span><\/h5>\n<p style=\"text-align: justify;\"><span style=\"font-family: tahoma, arial, helvetica, sans-serif;\">Gli argomenti qui trattati di norma non vengono affrontati nei corsi di Animal Communication, pu\u00f2 essere per\u00f2 molto utile approfondirli, sia per operare in modo pi\u00f9 disinvolto che per affrontare problematiche e situazioni particolari e delicate, che spesso si incontrano quando si mettono le proprie capacit\u00e0 al servizio altrui.<\/span><\/p>\n<p style=\"text-align: justify;\"><span style=\"font-family: tahoma, arial, helvetica, sans-serif;\">Se vuoi aiutare animali che hanno comportamenti complessi, problemi di salute o entrare in contatto con animali che hanno lasciato questo piano fisico e portare conforto a coloro che sono in lutto, avrai bisogno di capacit\u00e0 avanzate che ti permettano di essere preparato per gestire al meglio tali situazioni.<\/span><\/p>\n<p style=\"text-align: justify;\"><span style=\"font-family: tahoma, arial, helvetica, sans-serif;\">Tratter\u00f2 vari aspetti della pratica, cercando di prendere in considerazione problemi che io stessa ho dovuto affrontare, nella speranza di rendere il processo pi\u00f9 facile e diretto per chi si appresta a svolgere la professione di Animal Communicator.<\/span><\/p>\n<p style=\"text-align: justify;\"><span style=\"font-family: tahoma, arial, helvetica, sans-serif;\">Sono incluse 5 sessioni di pratica con animali defunti e una sessione individuale su zoom, durante la quale avrai l\u2019opportunit\u00e0 di porre tutte le tue domande e chiarire eventuali dubbi relativi ai contenuti del corso.<\/span><\/p>\n<p style=\"text-align: justify;\"><span style=\"font-family: tahoma, arial, helvetica, sans-serif;\">Il corso si svolge interamente online ed \u00e8 fruibile nei propri tempi e senza scadenza, da pc, cellulare o tablet.<\/span><\/p>\n<p style=\"text-align: justify;\"><span style=\"font-family: tahoma, arial, helvetica, sans-serif;\">E&#8217; previsto un attestato a fine corso.<\/span><\/p>\n<p style=\"text-align: justify;\"><span style=\"font-family: tahoma, arial, helvetica, sans-serif;\"><a href=\"https:\/\/wolfchorus.net\/krh\/corso\/corso-avanzato-di-animal-communication\/\" target=\"_blank\" rel=\"noopener\">Clicca qui<\/a> per avere una panoramica completa degli argomenti del corso.<\/span><\/p>\n<p><span style=\"font-family: tahoma, arial, helvetica, sans-serif;\"><a title=\"Contattami\" href=\"https:\/\/wolfchorus.net\/animal-communicator\/contattami\/\" target=\"_blank\" rel=\"noopener\">Contattami<\/a> per ricevere ulteriori informazioni<\/span><\/p>\n","protected":false},"excerpt":{"rendered":"<p>Questo corso \u00e8 riservato a chi ha gi\u00e0 portato a termine il mio Corso Base di Animal Communication o un corso equivalente presso un\u2019altra scuola. E\u2019 un\u2019opportunit\u00e0 per chiunque abbia una conoscenza di base&#46;&#46;&#46;<\/p>\n","protected":false},"featured_media":288,"template":"","meta":[],"product_brand":[],"product_cat":[20],"product_tag":[],"class_list":{"0":"post-285","1":"product","2":"type-product","3":"status-publish","4":"has-post-thumbnail","6":"product_cat-corsi","8":"first","9":"instock","10":"virtual","11":"purchasable","12":"product-type-simple"},"_links":{"self":[{"href":"https:\/\/wolfchorus.net\/animal-communicator\/wp-json\/wp\/v2\/product\/285","targetHints":{"allow":["GET"]}}],"collection":[{"href":"https:\/\/wolfchorus.net\/animal-communicator\/wp-json\/wp\/v2\/product"}],"about":[{"href":"https:\/\/wolfchorus.net\/animal-communicator\/wp-json\/wp\/v2\/types\/product"}],"wp:featuredmedia":[{"embeddable":true,"href":"https:\/\/wolfchorus.net\/animal-communicator\/wp-json\/wp\/v2\/media\/288"}],"wp:attachment":[{"href":"https:\/\/wolfchorus.net\/animal-communicator\/wp-json\/wp\/v2\/media?parent=285"}],"wp:term":[{"taxonomy":"product_brand","embeddable":true,"href":"https:\/\/wolfchorus.net\/animal-communicator\/wp-json\/wp\/v2\/product_brand?post=285"},{"taxonomy":"product_cat","embeddable":true,"href":"https:\/\/wolfchorus.net\/animal-communicator\/wp-json\/wp\/v2\/product_cat?post=285"},{"taxonomy":"product_tag","embeddable":true,"href":"https:\/\/wolfchorus.net\/animal-communicator\/wp-json\/wp\/v2\/product_tag?post=285"}],"curies":[{"name":"wp","href":"https:\/\/api.w.org\/{rel}","templated":true}]}}