{"id":261,"date":"2025-10-24T16:00:08","date_gmt":"2025-10-24T15:00:08","guid":{"rendered":"https:\/\/wolfchorus.net\/animal-communicator\/?post_type=product&#038;p=261"},"modified":"2026-02-04T07:34:53","modified_gmt":"2026-02-04T06:34:53","slug":"corso-base-di-animal-communication","status":"publish","type":"product","link":"https:\/\/wolfchorus.net\/animal-communicator\/prodotto\/corso-base-di-animal-communication\/","title":{"rendered":"Corso Base di Animal Communication"},"content":{"rendered":"<p style=\"text-align: justify;\"><span style=\"font-family: tahoma, arial, helvetica, sans-serif;\">Questo corso si avvale di un metodo ampiamente sperimentato per imparare a comunicare telepaticamente con gli animali, imparerai a comprenderli meglio ed instaurare relazioni pi\u00f9 costruttive con loro. Potrai inoltre mettere le tue capacit\u00e0 al servizio di altre persone per aiutarle a migliorare la qualit\u00e0 dei loro rapporti coi propri animali domestici.<span class=\"pjBG2e\" data-cid=\"731e3ef7-bc0b-4315-b675-dba2e220fda7\"><span class=\"UV3uM\">\u00a0<\/span><\/span><\/span><\/p>\n<p style=\"text-align: justify;\"><span style=\"font-family: tahoma, arial, helvetica, sans-serif;\">L&#8217;<a href=\"https:\/\/wolfchorus.net\/animal-communicator\/ufaq\/qual-e-il-ruolo-dellanimal-communicator\/\" target=\"_blank\" rel=\"noopener\">Animal Communicator<\/a> \u00e8 una figura professionale a cui ci si rivolge per vari tipi di problemi riguardanti gli animali domestici, dai problemi comportamentali ai problemi di salute, al fine vita. L&#8217;Animal Communicator non sostituisce l&#8217;operato di altri professionisti del settore ma collabora con loro per affrontare le situazioni, tenendo in considerazione il punto di vista dell&#8217;animale.<\/span><\/p>\n<p style=\"text-align: justify;\"><span style=\"font-family: tahoma, arial, helvetica, sans-serif;\">Il corso base di Animal Communication si svolge interamente on-line e comprende:<\/span><\/p>\n<ul>\n<li><span style=\"font-family: tahoma, arial, helvetica, sans-serif;\">tutte le informazioni di base per mettere in atto la comunicazione telepatica con gli animali;<\/span><\/li>\n<li><span style=\"font-family: tahoma, arial, helvetica, sans-serif;\">una sessione individuale su zoom durante la quale avrai l\u2019opportunit\u00e0 di porre tutte le tue domande e chiarire eventuali dubbi relativi ai contenuti del corso;<\/span><\/li>\n<li><span style=\"font-family: tahoma, arial, helvetica, sans-serif;\">dieci sessioni di pratica interattive coi miei animali;<\/span><\/li>\n<li><span style=\"font-family: tahoma, arial, helvetica, sans-serif;\">feedback dettagliato e valutazione per ogni sessione di pratica;<\/span><\/li>\n<li><span style=\"font-family: tahoma, arial, helvetica, sans-serif;\">supporto continuativo;<\/span><\/li>\n<li><span style=\"font-family: tahoma, arial, helvetica, sans-serif;\">fruizione nei propri tempi e senza scadenza da pc, cellulare o tablet.<\/span><\/li>\n<\/ul>\n<p style=\"text-align: justify;\"><span style=\"font-family: tahoma, arial, helvetica, sans-serif;\">A fine corso \u00e8 previsto un certificato attestante le capacit\u00e0 acquisite.<\/span><\/p>\n<p><span style=\"font-family: tahoma, arial, helvetica, sans-serif;\"><a href=\"https:\/\/wolfchorus.net\/krh\/corso\/corso-interattivo-di-animal-communication\/\" target=\"_blank\" rel=\"noopener\">Clicca qui<\/a> per avere una panoramica completa degli argomenti del corso.<\/span><\/p>\n<p style=\"text-align: justify;\"><span style=\"font-family: tahoma, arial, helvetica, sans-serif;\">Se hai gi\u00e0 portato a termine un corso base di Animal Communication presso un&#8217;altra scuola potrebbe interessarti il mio <a href=\"https:\/\/wolfchorus.net\/krh\/corso\/corso-avanzato-di-animal-communication\/\" target=\"_blank\" rel=\"noopener\">Corso Avanzato<\/a>.<\/span><\/p>\n<p><span style=\"font-family: tahoma, arial, helvetica, sans-serif;\"><a title=\"Contattami\" href=\"https:\/\/wolfchorus.net\/animal-communicator\/contattami\/\" target=\"_blank\" rel=\"noopener\">Contattami<\/a> per ricevere ulteriori informazioni<\/span><\/p>\n","protected":false},"excerpt":{"rendered":"<p>Questo corso si avvale di un metodo ampiamente sperimentato per imparare a comunicare telepaticamente con gli animali, imparerai a comprenderli meglio ed instaurare relazioni pi\u00f9 costruttive con loro. Potrai inoltre mettere le tue capacit\u00e0&#46;&#46;&#46;<\/p>\n","protected":false},"featured_media":262,"template":"","meta":[],"product_brand":[],"product_cat":[20],"product_tag":[],"class_list":{"0":"post-261","1":"product","2":"type-product","3":"status-publish","4":"has-post-thumbnail","6":"product_cat-corsi","8":"first","9":"instock","10":"virtual","11":"purchasable","12":"product-type-simple"},"_links":{"self":[{"href":"https:\/\/wolfchorus.net\/animal-communicator\/wp-json\/wp\/v2\/product\/261","targetHints":{"allow":["GET"]}}],"collection":[{"href":"https:\/\/wolfchorus.net\/animal-communicator\/wp-json\/wp\/v2\/product"}],"about":[{"href":"https:\/\/wolfchorus.net\/animal-communicator\/wp-json\/wp\/v2\/types\/product"}],"wp:featuredmedia":[{"embeddable":true,"href":"https:\/\/wolfchorus.net\/animal-communicator\/wp-json\/wp\/v2\/media\/262"}],"wp:attachment":[{"href":"https:\/\/wolfchorus.net\/animal-communicator\/wp-json\/wp\/v2\/media?parent=261"}],"wp:term":[{"taxonomy":"product_brand","embeddable":true,"href":"https:\/\/wolfchorus.net\/animal-communicator\/wp-json\/wp\/v2\/product_brand?post=261"},{"taxonomy":"product_cat","embeddable":true,"href":"https:\/\/wolfchorus.net\/animal-communicator\/wp-json\/wp\/v2\/product_cat?post=261"},{"taxonomy":"product_tag","embeddable":true,"href":"https:\/\/wolfchorus.net\/animal-communicator\/wp-json\/wp\/v2\/product_tag?post=261"}],"curies":[{"name":"wp","href":"https:\/\/api.w.org\/{rel}","templated":true}]}}