{"id":76,"date":"2025-10-23T10:26:27","date_gmt":"2025-10-23T10:26:27","guid":{"rendered":"https:\/\/wolfchorus.net\/animal-communicator\/?page_id=76"},"modified":"2026-02-04T07:52:55","modified_gmt":"2026-02-04T06:52:55","slug":"chi-sono","status":"publish","type":"page","link":"https:\/\/wolfchorus.net\/animal-communicator\/chi-sono\/","title":{"rendered":"Chi sono"},"content":{"rendered":"<h5 style=\"text-align: justify;\"><span style=\"font-size: 12pt;\"><span style=\"font-family: tahoma, arial, helvetica, sans-serif;\">Elisabetta \u00e8 nata in un piccolo paese dell\u2019Italia centrale, immerso nella natura. Fin dall\u2019infanzia ha trascorso gran parte del suo tempo all\u2019aperto, giocando in campagna e interagendo spontaneamente con animali selvatici, insetti e piante. In quei momenti di silenziosa presenza nacque in lei una profonda e naturale percezione di comunione con la natura e con tutte le forme di vita, vissute non come entit\u00e0 separate, ma come parti di un unico grande organismo vivente.<\/span><\/span><\/h5>\n<p><img loading=\"lazy\" decoding=\"async\" class=\"alignnone wp-image-350 size-full\" src=\"https:\/\/wolfchorus.net\/animal-communicator\/wp-content\/uploads\/2025\/10\/Me-and-Floki-in-the-forest.png\" alt=\"Chi sono\" width=\"1248\" height=\"832\" srcset=\"https:\/\/wolfchorus.net\/animal-communicator\/wp-content\/uploads\/2025\/10\/Me-and-Floki-in-the-forest.png 1248w, https:\/\/wolfchorus.net\/animal-communicator\/wp-content\/uploads\/2025\/10\/Me-and-Floki-in-the-forest-300x200.png 300w, https:\/\/wolfchorus.net\/animal-communicator\/wp-content\/uploads\/2025\/10\/Me-and-Floki-in-the-forest-1024x683.png 1024w, https:\/\/wolfchorus.net\/animal-communicator\/wp-content\/uploads\/2025\/10\/Me-and-Floki-in-the-forest-768x512.png 768w, https:\/\/wolfchorus.net\/animal-communicator\/wp-content\/uploads\/2025\/10\/Me-and-Floki-in-the-forest-720x480.png 720w, https:\/\/wolfchorus.net\/animal-communicator\/wp-content\/uploads\/2025\/10\/Me-and-Floki-in-the-forest-520x347.png 520w, https:\/\/wolfchorus.net\/animal-communicator\/wp-content\/uploads\/2025\/10\/Me-and-Floki-in-the-forest-320x213.png 320w, https:\/\/wolfchorus.net\/animal-communicator\/wp-content\/uploads\/2025\/10\/Me-and-Floki-in-the-forest-600x400.png 600w\" sizes=\"auto, (max-width: 1248px) 100vw, 1248px\" \/><\/p>\n<p style=\"text-align: justify;\"><span style=\"font-family: tahoma, arial, helvetica, sans-serif;\">Durante l\u2019adolescenza iniziarono a manifestarsi sogni premonitori ed esperienze interiori che la spinsero a interrogarsi sul senso pi\u00f9 profondo dell\u2019esistenza. Fu l\u2019inizio di un percorso di ricerca spirituale che avrebbe accompagnato e guidato tutte le sue scelte future. Dopo il diploma si trasfer\u00ec in Inghilterra, dove visse per alcuni anni. L\u00ec entr\u00f2 in contatto con le antiche tradizioni celtiche, ancora fortemente presenti nelle Isole Britanniche, riconoscendo in esse un richiamo familiare al mondo \u201cmagico\u201d e animico che aveva percepito da bambina. Questa esperienza lasci\u00f2 un\u2019impronta profonda nella sua visione della vita e nel suo <a href=\"https:\/\/wolfchorus.net\/animal-communicator\/approfondimenti\/comunicazione-animali\/\">sentire<\/a> spirituale.<\/span><\/p>\n<p style=\"text-align: justify;\"><span style=\"font-family: tahoma, arial, helvetica, sans-serif;\">Rientrata in Italia, Elisabetta inizi\u00f2 a prendersi cura di cani randagi e abbandonati. Il desiderio di offrire loro uno spazio adeguato, libero e rispettoso delle loro esigenze, la port\u00f2 a trasferirsi in una zona remota dell\u2019Appennino centrale. In questo <a href=\"https:\/\/wolfchorus.net\/animal-communicator\/approfondimenti\/feedback-dei-clienti\/\">contesto<\/a> naturale e selvaggio, la <a href=\"https:\/\/wolfchorus.net\/animal-communicator\/approfondimenti\/canali-di-percezione\/\">connessione<\/a> col mondo <a href=\"https:\/\/wolfchorus.net\/animal-communicator\/approfondimenti\/lestremo-gesto-di-gentilezza-verso-i-nostri-amici-animali\/\">animale<\/a> e con la <a href=\"https:\/\/wolfchorus.net\/animal-communicator\/approfondimenti\/comunicare-con-gli-animali-selvatici\/\">natura<\/a> si approfond\u00ec ulteriormente, rafforzando la consapevolezza dell\u2019interconnessione di tutte le forme di vita. Proprio in questo periodo apprese le tecniche di <a href=\"https:\/\/wolfchorus.net\/animal-communicator\/\" target=\"_blank\" rel=\"noopener\">Animal Communication<\/a> sviluppate negli Stati Uniti d\u2019America, formandosi con <a href=\"https:\/\/www.martawilliams.com\/\" target=\"_blank\" rel=\"noopener\">Marta Williams<\/a> e\u00a0<a href=\"https:\/\/www.animalspirit.org\/\" target=\"_blank\" rel=\"noopener\">Anna Breytenbach<\/a>, e fu tra le prime a introdurre questa pratica in Italia. La <a href=\"https:\/\/wolfchorus.net\/animal-communicator\/approfondimenti\/problemi-comportamentali\/\">comunicazione<\/a> <a href=\"https:\/\/wolfchorus.net\/animal-communicator\/approfondimenti\/problemi-di-salute-o-emotivi\/\">telepatica<\/a> con gli <a href=\"https:\/\/wolfchorus.net\/animal-communicator\/approfondimenti\/vissuto-dei-nostri-animali\/\">animali<\/a> divenne cos\u00ec uno strumento fondamentale di ascolto, comprensione e relazione, non solo con gli animali, ma anche con gli esseri umani che a loro sono legati.<\/span><\/p>\n<p style=\"text-align: justify;\"><span style=\"font-family: tahoma, arial, helvetica, sans-serif;\">All\u2019inizio del nuovo millennio, spinta da un desiderio sempre pi\u00f9 intenso di crescita interiore e di servizio, Elisabetta venne iniziata al <a href=\"https:\/\/wolfchorus.net\/krh\/attivazioni-usui-reiki\/\" target=\"_blank\" rel=\"noopener\">Reiki tradizionale USUI<\/a> , proseguendo poi la sua formazione in diverse modalit\u00e0 di terapia energetica, tra cui <a href=\"https:\/\/wolfchorus.net\/krh\/kundalini-reiki-ultimate\/\" target=\"_blank\" rel=\"noopener\">Kundalini Reiki<\/a>, <a href=\"https:\/\/wolfchorus.net\/krh\/karuna-ki\/\" target=\"_blank\" rel=\"noopener\">Karuna Ki<\/a>, <a href=\"https:\/\/wolfchorus.net\/krh\/7-facet-seichim\/\" target=\"_blank\" rel=\"noopener\">Seichim<\/a>, i <a href=\"https:\/\/wolfchorus.net\/krh\/category\/attivazioni\/lightarian\/\" target=\"_blank\" rel=\"noopener\">metodi Lightarian\u2122<\/a> e altre tecniche vibrazionali.<\/span><\/p>\n<p style=\"text-align: justify;\"><span style=\"font-family: tahoma, arial, helvetica, sans-serif;\">Tra il 2010 e il 2012 approfond\u00ec inoltre varie discipline naturopatiche e frequent\u00f2 corsi di Shiatsu presso l\u2019<a href=\"https:\/\/www.istitutomedicinanaturale.it\/\" target=\"_blank\" rel=\"noopener\">Istituto di Medicina Naturale<\/a>.<\/span><\/p>\n<p style=\"text-align: justify;\"><span style=\"font-family: tahoma, arial, helvetica, sans-serif;\">Parallelamente, ha studiato sciamanesimo con <a href=\"https:\/\/thefourwinds.com\/\" target=\"_blank\" rel=\"noopener\">Alberto Villoldo<\/a> e <a href=\"https:\/\/judyramsey.net\/\" target=\"_blank\" rel=\"noopener\">Judy Ramsey<\/a>, integrando nel suo lavoro una visione spirituale radicata, antica e profondamente rispettosa dei ritmi naturali e dei mondi invisibili.<\/span><\/p>\n<p style=\"text-align: justify;\"><span style=\"font-family: tahoma, arial, helvetica, sans-serif;\">Dal 2005 Elisabetta si dedica all\u2019insegnamento del <a href=\"https:\/\/wolfchorus.net\/krh\/che-cose-il-reiki\/\" target=\"_blank\" rel=\"noopener\">Reiki<\/a> e della <a href=\"https:\/\/wolfchorus.net\/animal-communicator\/\" target=\"_blank\" rel=\"noopener\">comunicazione telepatica con gli animali<\/a>, accompagnando sia privati sia professionisti in percorsi di consapevolezza, ascolto e riconnessione. Il suo lavoro sostiene anche il rifugio <a href=\"https:\/\/wolfchorus.net\/animal-communicator\/galleria-wolfchorus\/\" target=\"_blank\" rel=\"noopener\">WolfChorus<\/a>, dove vive insieme ai suoi compagni animali, veri maestri e collaboratori a quattro zampe, che partecipano attivamente ai processi di apprendimento e guarigione.<br \/>\nIl suo approccio unisce esperienza, spiritualit\u00e0 e profondo rispetto per ogni forma di vita, offrendo uno spazio di incontro autentico tra esseri umani, animali e natura.<\/span><\/p>\n","protected":false},"excerpt":{"rendered":"<p>Elisabetta \u00e8 nata in un piccolo paese dell\u2019Italia centrale, immerso nella natura. Fin dall\u2019infanzia ha trascorso gran parte del suo tempo all\u2019aperto, giocando in campagna e interagendo spontaneamente con animali selvatici, insetti e piante.&#46;&#46;&#46;<\/p>\n","protected":false},"author":1,"featured_media":0,"parent":0,"menu_order":0,"comment_status":"closed","ping_status":"closed","template":"","meta":{"footnotes":""},"class_list":["post-76","page","type-page","status-publish","hentry"],"_links":{"self":[{"href":"https:\/\/wolfchorus.net\/animal-communicator\/wp-json\/wp\/v2\/pages\/76","targetHints":{"allow":["GET"]}}],"collection":[{"href":"https:\/\/wolfchorus.net\/animal-communicator\/wp-json\/wp\/v2\/pages"}],"about":[{"href":"https:\/\/wolfchorus.net\/animal-communicator\/wp-json\/wp\/v2\/types\/page"}],"author":[{"embeddable":true,"href":"https:\/\/wolfchorus.net\/animal-communicator\/wp-json\/wp\/v2\/users\/1"}],"replies":[{"embeddable":true,"href":"https:\/\/wolfchorus.net\/animal-communicator\/wp-json\/wp\/v2\/comments?post=76"}],"version-history":[{"count":0,"href":"https:\/\/wolfchorus.net\/animal-communicator\/wp-json\/wp\/v2\/pages\/76\/revisions"}],"wp:attachment":[{"href":"https:\/\/wolfchorus.net\/animal-communicator\/wp-json\/wp\/v2\/media?parent=76"}],"curies":[{"name":"wp","href":"https:\/\/api.w.org\/{rel}","templated":true}]}}