{"id":546,"date":"2025-11-08T06:12:38","date_gmt":"2025-11-08T05:12:38","guid":{"rendered":"https:\/\/animal-communicator.it\/?page_id=546"},"modified":"2025-11-08T08:37:26","modified_gmt":"2025-11-08T07:37:26","slug":"politica-di-rimborso","status":"publish","type":"page","link":"https:\/\/wolfchorus.net\/animal-communicator\/politica-di-rimborso\/","title":{"rendered":"Politica di rimborso"},"content":{"rendered":"<p>Se non sono soddisfatto dell&#8217;acquisto verr\u00f2 rimborsato?<\/p>\n<p>Il diritto di recesso per gli acquisti effettuati su questo sito si applica nelle modalit\u00e0 seguenti:<\/p>\n<p>Per i libri: il diritto di recesso si pu\u00f2 esercitare con l\u2019invio, entro il termine di 14 giorni lavorativi dal ricevimento della merce, di una email per <a href=\"https:\/\/wolfchorus.net\/animal-communicator\/approfondimenti\/comunicazione-animali\/\">comunicare<\/a> la propria intenzione di recedere dal contratto.<\/p>\n<p>Sar\u00e0 nostra cura fornire tutte le istruzioni per la restituzione.<\/p>\n<p>Il libro o i libri dovranno essere restituiti con imballo idoneo, nel medesimo stato in cui sono stati ricevuti, pena l\u2019invalidit\u00e0 del recesso.<\/p>\n<p>Ricevuti i libri recessi, ci impegniamo a restituire l\u2019intero importo pagato (escluse le spese di spedizione ed imballaggio sostenute per la restituzione della merce) entro 14 giorni dalla ricezione della notifica di recesso.<\/p>\n<p>Ci si riserva la facolt\u00e0 di non accettare i libri resi, nel caso in cui gli stessi risultino utilizzati, manipolati od alterati.<\/p>\n<p>Per i servizi: gli appuntamenti annullati entro le 24 ore precedenti la sessione programmata saranno rimborsati. Non si accettano richieste di rimborso per i servizi di cui si \u00e8 gi\u00e0 fruito.<\/p>\n<p>Per i corsi online non si accettano richieste di rimborso.<\/p>\n","protected":false},"excerpt":{"rendered":"<p>Se non sono soddisfatto dell&#8217;acquisto verr\u00f2 rimborsato? Il diritto di recesso per gli acquisti effettuati su questo sito si applica nelle modalit\u00e0 seguenti: Per i libri: il diritto di recesso si pu\u00f2 esercitare con&#46;&#46;&#46;<\/p>\n","protected":false},"author":1,"featured_media":0,"parent":0,"menu_order":0,"comment_status":"closed","ping_status":"closed","template":"","meta":{"footnotes":""},"class_list":["post-546","page","type-page","status-publish","hentry"],"_links":{"self":[{"href":"https:\/\/wolfchorus.net\/animal-communicator\/wp-json\/wp\/v2\/pages\/546","targetHints":{"allow":["GET"]}}],"collection":[{"href":"https:\/\/wolfchorus.net\/animal-communicator\/wp-json\/wp\/v2\/pages"}],"about":[{"href":"https:\/\/wolfchorus.net\/animal-communicator\/wp-json\/wp\/v2\/types\/page"}],"author":[{"embeddable":true,"href":"https:\/\/wolfchorus.net\/animal-communicator\/wp-json\/wp\/v2\/users\/1"}],"replies":[{"embeddable":true,"href":"https:\/\/wolfchorus.net\/animal-communicator\/wp-json\/wp\/v2\/comments?post=546"}],"version-history":[{"count":0,"href":"https:\/\/wolfchorus.net\/animal-communicator\/wp-json\/wp\/v2\/pages\/546\/revisions"}],"wp:attachment":[{"href":"https:\/\/wolfchorus.net\/animal-communicator\/wp-json\/wp\/v2\/media?parent=546"}],"curies":[{"name":"wp","href":"https:\/\/api.w.org\/{rel}","templated":true}]}}