{"id":305,"date":"2025-10-25T08:32:54","date_gmt":"2025-10-25T07:32:54","guid":{"rendered":"https:\/\/animal-communicator.it\/?page_id=305"},"modified":"2025-10-27T07:46:44","modified_gmt":"2025-10-27T06:46:44","slug":"testimonianze","status":"publish","type":"page","link":"https:\/\/wolfchorus.net\/animal-communicator\/testimonianze\/","title":{"rendered":"Testimonianze"},"content":{"rendered":"<p>Leggi alcune testimonianze<br \/>\n<div class=\"strong-view strong-view-id-1 default wpmtst-default strong-pager\" data-count=\"14\" data-pager-var=\"strong_pager_id_1\" data-state=\"idle\"><div class=\"strong-content strong-paginated strong-normal columns-1\"><div class=\"wpmtst-testimonial testimonial post-297\"><div class=\"wpmtst-testimonial-inner testimonial-inner\"><h3 class=\"wpmtst-testimonial-heading testimonial-heading\">Corso di Animal Communication<\/h3><div    class=\"wpmtst-testimonial-content testimonial-content\"><div class=\"maybe-clear\"><\/div><p><span style=\"font-family: tahoma, arial, helvetica, sans-serif;\">Non conoscevo la materia ed \u00e8 stata per me una scoperta meravigliosa, comunicare con gli <a href=\"https:\/\/wolfchorus.net\/animal-communicator\/approfondimenti\/migliorare-il-rapporto-coi-propri-animali\/\">animali<\/a> ti cambia la vita. Si diventa pi\u00f9 sensibili e attenti a ci\u00f2 che ci circonda. Il tutto viene considerato con occhi e cuore diversi. \u00c8 un <a href=\"https:\/\/wolfchorus.net\/animal-communicator\/prodotto\/corso-base-di-animal-communication\/\" target=\"_blank\" rel=\"noopener\">corso<\/a> che consiglio a tutti.<\/span><\/p><p><span style=\"font-family: tahoma, arial, helvetica, sans-serif;\">Ringrazio l\u2019insegnante Elisabetta che mi ha seguita e dato consigli preziosi. Grazie<\/span><\/p><p><span style=\"font-family: tahoma, arial, helvetica, sans-serif;\">Maria Sanna<\/span><\/p><p>&nbsp;<\/p><\/div><div class=\"clear\"><\/div><\/div><\/div><div class=\"wpmtst-testimonial testimonial post-298\"><div class=\"wpmtst-testimonial-inner testimonial-inner\"><h3 class=\"wpmtst-testimonial-heading testimonial-heading\">Corso di Animal Communication<\/h3><div    class=\"wpmtst-testimonial-content testimonial-content\"><div class=\"maybe-clear\"><\/div><p style=\"text-align: justify;\"><span style=\"font-family: tahoma, arial, helvetica, sans-serif;\">Mi piace tantissimo la forma in cui si presenta il <a href=\"https:\/\/wolfchorus.net\/animal-communicator\/prodotto\/corso-base-di-animal-communication\/\" target=\"_blank\" rel=\"noopener\">corso<\/a>. Sto ancora imparando ma sento che presto sar\u00f2 in grado di comunicare con gli animali. Ascolto i video molte volte per assimilare bene e ogni volta imparo qualcosa di nuovo. Elisabetta \u00e8 un&#8217;insegnante eccellente e le sono grata per la condivisione della sua esperienza.<\/span><\/p><p style=\"text-align: justify;\"><span style=\"font-family: tahoma, arial, helvetica, sans-serif;\">Eugenia<\/span><\/p><p style=\"text-align: justify;\"><\/div><div class=\"clear\"><\/div><\/div><\/div><div class=\"wpmtst-testimonial testimonial post-300\"><div class=\"wpmtst-testimonial-inner testimonial-inner\"><h3 class=\"wpmtst-testimonial-heading testimonial-heading\">Hai un dono incredibile e un grande cuore<\/h3><div    class=\"wpmtst-testimonial-content testimonial-content\"><div class=\"maybe-clear\"><\/div><p style=\"text-align: justify;\"><span style=\"font-family: tahoma, arial, helvetica, sans-serif;\">Ho ritrovato la mia piccola Tess, sono cos\u00ec felice, ieri sera ho ricevuto una telefonata da qualcuno che mi ha detto di averla trovata, l&#8217;hanno trovata Venerd\u00ec sera e Sabato \u00e8 scappata di nuovo ma poi l&#8217;hanno ritrovata in serata. Era in un parco situato su un collina, come avevi detto tu, con sentieri in cui il sole batte poco a causa della fitta boscaglia. Vicino al parco c&#8217;\u00e8 un campo con dei cartelli che segnalano il parco con frecce BLU, come i segni che Tess ti ha detto di seguire. Hai un dono incredibile e un grande cuore. Sono molto felice di averti contattata e che tu abbia dedicato il tuo tempo per aiutarmi nella ricerca della piccola Tess.<\/span><\/p><p style=\"text-align: justify;\"><span style=\"font-family: tahoma, arial, helvetica, sans-serif;\">Nancy<\/span><\/p><p style=\"text-align: justify;\"><\/div><div class=\"clear\"><\/div><\/div><\/div><div class=\"wpmtst-testimonial testimonial post-301\"><div class=\"wpmtst-testimonial-inner testimonial-inner\"><h3 class=\"wpmtst-testimonial-heading testimonial-heading\">Il comportamento di Lara \u00e8 molto migliorato da quando ti sei messa in contatto con lei!<\/h3><div    class=\"wpmtst-testimonial-content testimonial-content\"><div class=\"maybe-clear\"><\/div><p style=\"text-align: justify;\"><span style=\"font-family: tahoma, arial, helvetica, sans-serif;\">Il <a href=\"https:\/\/wolfchorus.net\/animal-communicator\/approfondimenti\/vissuto-dei-nostri-animali\/\">comportamento<\/a> di Lara \u00e8 molto migliorato da quando ti sei messa in contatto con lei! Non litiga con Bianca dall&#8217;ultima volta che ti ho scritto. Sembra che abbia capito. Pare che ora stia bene, \u00e8 molto pi\u00f9 serena e meno agitata. Penso che abbia capito quando le hai chiesto di essere pi\u00f9 gentile con Bianca, so che non vuole farle del male ma Lara \u00e8 una femmina alfa e Bianca, essendo cos\u00ec dolce, spesso viene sottomessa dalla sua compagna. Grazie!<\/span><\/p><p style=\"text-align: justify;\"><span style=\"font-family: tahoma, arial, helvetica, sans-serif;\">Lisa<\/span><\/p><p style=\"text-align: justify;\"><\/div><div class=\"clear\"><\/div><\/div><\/div><div class=\"wpmtst-testimonial testimonial post-303\"><div class=\"wpmtst-testimonial-inner testimonial-inner\"><h3 class=\"wpmtst-testimonial-heading testimonial-heading\">Mi ha veramente dato la possibilit\u00e0 di espandere le mie capacit\u00e0<\/h3><div    class=\"wpmtst-testimonial-content testimonial-content\"><div class=\"maybe-clear\"><\/div><p align=\"justify\"><span style=\"font-family: tahoma, arial, helvetica, sans-serif;\">Grazie per avermi dato l\u2019opportunit\u00e0 di studiare la <a href=\"https:\/\/wolfchorus.net\/animal-communicator\/approfondimenti\/comunicare-con-gli-animali-selvatici\/\">comunicazione<\/a> <a href=\"https:\/\/wolfchorus.net\/animal-communicator\/approfondimenti\/problemi-di-salute-o-emotivi\/\">telepatica<\/a> col tuo <a href=\"https:\/\/wolfchorus.net\/animal-communicator\/prodotto\/corso-base-di-animal-communication\/\" target=\"_blank\" rel=\"noopener\">corso<\/a>. Le semplici indicazioni fornite nel manuale e le sessioni di pratica ben strutturate mi hanno veramente dato la possibilit\u00e0 di espandere le mie capacit\u00e0. I tuoi <a href=\"https:\/\/wolfchorus.net\/animal-communicator\/approfondimenti\/feedback-dei-clienti\/\">feedback<\/a> alle sessioni di pratica sono stati particolarmente incoraggianti e la vasta gamma di esperienze vissute dai tuoi animali ha reso le sessioni interessanti. Ho apprezzato particolarmente la tua disponibilit\u00e0 a sperimentare nuove idee e la sessione che ho fatto mentre mi inviavi Reiki mi \u00e8 stata di notevole aiuto favorendo una serie di progressi. Grazie per il tuo impegno nel far conoscere la <a href=\"https:\/\/wolfchorus.net\/animal-communicator\/approfondimenti\/non-localita\/\">comunicazione telepatica<\/a> con gli animali a coloro che vogliono intraprendere questo studio utile e affascinante. Col tuo supporto e incoraggiamento mi sento ora pronta per iniziare ad offrire i miei servizi agli animali e ai loro tutori.<\/span><\/p><p align=\"justify\"><span style=\"font-family: tahoma, arial, helvetica, sans-serif;\">Iva <\/span><\/p><\/div><div class=\"clear\"><\/div><\/div><\/div><div class=\"wpmtst-testimonial testimonial post-304\"><div class=\"wpmtst-testimonial-inner testimonial-inner\"><h3 class=\"wpmtst-testimonial-heading testimonial-heading\">Sono orgogliosa di lei e so che \u00e8 tutto merito del tuo aiuto Grazie!!!<\/h3><div    class=\"wpmtst-testimonial-content testimonial-content\"><div class=\"maybe-clear\"><\/div><p align=\"justify\"><span style=\"font-family: tahoma, arial, helvetica, sans-serif;\">La mia gatta \u00e8 pi\u00f9 socievole da quando le hai parlato. Ho provato ad avere degli scambi mentali con lei e sembra essere un po&#8217; pi\u00f9 coraggiosa. E&#8217; addirittura uscita da sotto il letto in presenza di estranei. Sono orgogliosa di lei e so che \u00e8 tutto merito del tuo aiuto Grazie!!!<\/span><\/p><p align=\"justify\"><span style=\"font-family: tahoma, arial, helvetica, sans-serif;\"> Sandy<\/span><\/p><\/div><div class=\"clear\"><\/div><\/div><\/div><div class=\"wpmtst-testimonial testimonial post-522\"><div class=\"wpmtst-testimonial-inner testimonial-inner\"><h3 class=\"wpmtst-testimonial-heading testimonial-heading\">Tommy si stava lasciando morire&#8230;<\/h3><div    class=\"wpmtst-testimonial-content testimonial-content\"><div class=\"maybe-clear\"><\/div><p style=\"text-align: justify;\"><span style=\"font-family: tahoma, arial, helvetica, sans-serif;\">Elisabetta non so come ringraziarti!!! Tommy si stava lasciando morire ma dopo che ti sei messa in contatto con lui, promettendogli che gli avremmo trovato una sistemazione migliore, ha immediatamente ricominciato a mangiare\u2026 il veterinario era sbigottito. Gli hai salvato la vita.<\/span><\/p><p><span style=\"font-family: tahoma, arial, helvetica, sans-serif;\">Gabri<\/span><\/p><\/div><div class=\"clear\"><\/div><\/div><\/div><div class=\"wpmtst-testimonial testimonial post-309\"><div class=\"wpmtst-testimonial-inner testimonial-inner\"><h3 class=\"wpmtst-testimonial-heading testimonial-heading\">Grazie a te \u00e8 stata fantastica<\/h3><div    class=\"wpmtst-testimonial-content testimonial-content\"><div class=\"maybe-clear\"><\/div><p style=\"text-align: justify;\"><span style=\"font-family: tahoma, arial, helvetica, sans-serif;\">Grazie per aver parlato con la mia calopsite, non ho dubbi che tu ti sia collegata con lei, sono cos\u00ec sorpresa Elisabetta. Era calmissima quando sono tornata a casa, aveva mangiato e non ha creato scompiglio! Mi ha ignorato per 5 minuti come punizione e poi \u00e8 tornata ad essere se stessa. Ero cos\u00ec preoccupata che fosse rimasta turbata da questo trasloco ma, grazie a te, \u00e8 stata fantastica e sembra si stia ambientando senza <a href=\"https:\/\/wolfchorus.net\/animal-communicator\/approfondimenti\/problemi-comportamentali\/\">problemi<\/a>.<\/span><\/p><p style=\"text-align: justify;\"><span style=\"font-family: tahoma, arial, helvetica, sans-serif;\">Jennifer<\/span><\/p><p style=\"text-align: justify;\"><\/div><div class=\"clear\"><\/div><\/div><\/div><div class=\"wpmtst-testimonial testimonial post-311\"><div class=\"wpmtst-testimonial-inner testimonial-inner\"><h3 class=\"wpmtst-testimonial-heading testimonial-heading\">Ambra va decisamente meglio!<\/h3><div    class=\"wpmtst-testimonial-content testimonial-content\"><div class=\"maybe-clear\"><\/div><p style=\"text-align: justify;\"><span style=\"font-family: tahoma, arial, helvetica, sans-serif;\">Ambra va decisamente meglio, ti ringrazio per quello che hai fatto, non c\u2019\u00e8 pi\u00f9 nessun problema col <a href=\"https:\/\/wolfchorus.net\/animal-communicator\/approfondimenti\/nuovo-animale-in-famiglia\/\">cane<\/a> di mia sorella, convivono serenamente, tolleranza massima, c\u2019\u00e8 stato un cambiamento repentino nel suo comportamento dopo che ti sei messa in contatto con lei, non solo, l\u2019ho portata fuori e finalmente l\u2019ho vista molto pi\u00f9 ubbidiente, abbiamo incontrato due cani e non ha fatto una mossa, io ti ringrazio perch\u00e9 era proprio quello che speravo!!<\/span><\/p><p><span style=\"font-family: tahoma, arial, helvetica, sans-serif;\">Ti auguro tutto il meglio!<\/span><\/p><p><span style=\"font-family: tahoma, arial, helvetica, sans-serif;\">Laura<\/span><\/p><\/div><div class=\"clear\"><\/div><\/div><\/div><div class=\"wpmtst-testimonial testimonial post-536\"><div class=\"wpmtst-testimonial-inner testimonial-inner\"><h3 class=\"wpmtst-testimonial-heading testimonial-heading\">Hai avuto l&#8217;intuizione giusta<\/h3><div    class=\"wpmtst-testimonial-content testimonial-content\"><div class=\"maybe-clear\"><\/div><p style=\"text-align: justify;\"><span style=\"font-family: tahoma, arial, helvetica, sans-serif;\">Ciao Elisabetta, le tue intuizioni sono sempre pazzesche, finalmente dopo l\u2019ecocardio e un\u2019ecografia accurata hanno trovato una spiga nel polmone, verso la pleura, dove c\u2019\u00e8 un leggero versamento, tra poco lo sottoporranno alla tac e cercheranno di capire come intervenire per asportare questo forasacco che probabilmente ha fatto anche altri danni. Comunque come sempre tu hai avuto l\u2019intuizione giusta\u2026<\/span><\/p><p><span style=\"font-family: tahoma, arial, helvetica, sans-serif;\">Luisa<\/span><\/p><\/div><div class=\"clear\"><\/div><\/div><\/div><div class=\"wpmtst-testimonial testimonial post-540\"><div class=\"wpmtst-testimonial-inner testimonial-inner\"><h3 class=\"wpmtst-testimonial-heading testimonial-heading\">A distanza di una settimana le cose sono decisamente migliorate<\/h3><div    class=\"wpmtst-testimonial-content testimonial-content\"><div class=\"maybe-clear\"><\/div><p style=\"text-align: justify;\"><span style=\"font-family: tahoma, arial, helvetica, sans-serif;\">A distanza di una settimana dal contatto che hai fatto con Bruce le cose sono decisamente migliorate, non si avventa pi\u00f9 contro le persone, sto cercando di assecondare le sue richieste e di ringraziarlo quando vedo un suo comportamento positivo. E\u2019 molto pi\u00f9 tranquillo anche quando usciamo, il suo sguardo \u00e8 pi\u00f9 sereno, sembra che abbia compreso che gli altri cani non sono una minaccia. Ti ringrazio tantissimo!!!<\/span><\/p><p><span style=\"font-family: tahoma, arial, helvetica, sans-serif;\">Rachele<\/span><\/p><\/div><div class=\"clear\"><\/div><\/div><\/div><div class=\"wpmtst-testimonial testimonial post-314\"><div class=\"wpmtst-testimonial-inner testimonial-inner\"><h3 class=\"wpmtst-testimonial-heading testimonial-heading\">Mia \u00e8 migliorata in modo incredibile!!<\/h3><div    class=\"wpmtst-testimonial-content testimonial-content\"><div class=\"maybe-clear\"><\/div><p style=\"text-align: justify;\"><span style=\"font-family: tahoma, arial, helvetica, sans-serif;\">Ciao Elisabetta!<\/span><\/p><p style=\"text-align: justify;\"><span style=\"font-family: tahoma, arial, helvetica, sans-serif;\">Ci tenevo a lasciarti un feedback e dirti che Mia \u00e8 migliorata in modo incredibile!!<\/span><\/p><p style=\"text-align: justify;\"><span style=\"font-family: tahoma, arial, helvetica, sans-serif;\">Ha fatto pi\u00f9 progressi in questo ultimo mese che in tutti gli altri 11 passati insieme a noi.<\/span><\/p><p style=\"text-align: justify;\"><span style=\"font-family: tahoma, arial, helvetica, sans-serif;\">La vedo molto molto molto meno spaventata con le persone e abbaia molto meno agli estranei.<\/span><\/p><p style=\"text-align: justify;\"><span style=\"font-family: tahoma, arial, helvetica, sans-serif;\">La cosa pi\u00f9 bella \u00e8 che anche con gli <a href=\"https:\/\/wolfchorus.net\/animal-communicator\/approfondimenti\/capire-cosa-i-nostri-animali-desiderano-veramente\/\">amici<\/a> che vengono a casa e con quelli che gi\u00e0 conosce bene quando andiamo a trovarli, ha preso finalmente confidenza. Mentre prima non si faceva nemmeno avvicinare (restando rintanata sotto tavoli o sedie), adesso gira tranquilla intorno a loro e spesso di sua iniziativa va da loro per mordicchiarli e farsi accarezzare! Addirittura li segue quando escono nel prato, anche se io rimango in casa.<\/span><\/p><p style=\"text-align: justify;\"><span style=\"font-family: tahoma, arial, helvetica, sans-serif;\">Sono felice di questo ottimo risultato e sono certa che la lettura e la comunicazione che hai avuto con lei, abbiano fatto la differenza!<\/span><\/p><p style=\"text-align: justify;\"><span style=\"font-family: tahoma, arial, helvetica, sans-serif;\">Grazie \u2665\ufe0f<\/span><\/p><p><span style=\"font-family: tahoma, arial, helvetica, sans-serif;\">Linda<\/span><\/p><p>&nbsp;<\/p><\/div><div class=\"clear\"><\/div><\/div><\/div><div class=\"wpmtst-testimonial testimonial post-542\"><div class=\"wpmtst-testimonial-inner testimonial-inner\"><h3 class=\"wpmtst-testimonial-heading testimonial-heading\">La mia gattina non scaccia pi\u00f9 la nuova arrivata<\/h3><div    class=\"wpmtst-testimonial-content testimonial-content\"><div class=\"maybe-clear\"><\/div><p style=\"text-align: justify;\"><span style=\"font-family: tahoma, arial, helvetica, sans-serif;\">Grazie Elisabetta, da quando ti sei messa in contatto con la mia gattina non scaccia pi\u00f9 la nuova arrivata, come hai detto tu aveva paura che si appropriasse dei suoi spazi e dei suoi privilegi. Sembra aver capito che nessuno potr\u00e0 mai prendere il suo posto nel mio cuore ed \u00e8 molto pi\u00f9 serena!<\/span><\/p><p style=\"text-align: left;\"><span style=\"font-family: tahoma, arial, helvetica, sans-serif;\">Patrizia<\/span><\/p><\/div><div class=\"clear\"><\/div><\/div><\/div><div class=\"wpmtst-testimonial testimonial post-653\"><div class=\"wpmtst-testimonial-inner testimonial-inner\"><h3 class=\"wpmtst-testimonial-heading testimonial-heading\">Ti ricordo con tanta gratitudine<\/h3><div    class=\"wpmtst-testimonial-content testimonial-content\"><div class=\"maybe-clear\"><\/div><p style=\"text-align: justify;\"><span style=\"font-family: tahoma, arial, helvetica, sans-serif;\">Ciao Elisabetta, anni fa ti chiesi un contatto con una gattina randagia, la volevo adottare ma non sapevo se una volta portata da me sarebbe poi fuggita\u2026mi dicesti che si sarebbe adattata. Ti volevo informare che a distanza di anni \u00e8 ancora viva e sta bene, \u00e8 con noi e con l\u2019altro mio gatto, non si \u00e8 mai mossa e non \u00e8 mai scappata e quindi ti ricordo con tanta gratitudine.<\/span><\/p><p><span style=\"font-family: tahoma, arial, helvetica, sans-serif;\">Elsa<\/span><\/p><\/div><div class=\"clear\"><\/div><\/div><\/div><\/div><\/div><\/p>\n<hr \/>\n<p><strong>Se vuoi lasciare la tua testimonianza compila il form <\/strong><br \/>\n<div class=\"strong-view strong-form strong-view-id-2 default-form wpmtst-default-form\" data-state=\"idle\"><div class=\"strong-form-wait\" data-formid=\"1\"><div class=\"message\"><img decoding=\"async\" src=\"https:\/\/wolfchorus.net\/animal-communicator\/wp-content\/plugins\/strong-testimonials\/assets\/public\/svg\/spinner-solid.svg\" alt=\"Strong Testimonials form submission spinner.\"><\/div><\/div><div class=\"wpmtst-form wpmtst-form-id-1\"><div class=\"strong-form-inner\"><p class=\"required-notice\"><span class=\"required symbol\"><\/span>Obbligatorio\t\t<\/p><form class=\"wpmtst-submission-form\" method=\"post\" enctype=\"multipart\/form-data\" autocomplete=\"off\" data-config=\"{&quot;scroll&quot;:{&quot;onError&quot;:true,&quot;onErrorOffset&quot;:80,&quot;onSuccess&quot;:true,&quot;onSuccessOffset&quot;:80},&quot;fields&quot;:[{&quot;name&quot;:&quot;client_name&quot;,&quot;type&quot;:&quot;text&quot;,&quot;required&quot;:1},{&quot;name&quot;:&quot;email&quot;,&quot;type&quot;:&quot;email&quot;,&quot;required&quot;:1},{&quot;name&quot;:&quot;post_title&quot;,&quot;type&quot;:&quot;text&quot;,&quot;required&quot;:0},{&quot;name&quot;:&quot;post_content&quot;,&quot;type&quot;:&quot;textarea&quot;,&quot;required&quot;:1}]}\" data-formid = \"1\"><div style=\"display: none;\"><input type=\"hidden\" id=\"wpmtst_form_nonce\" name=\"wpmtst_form_nonce\" value=\"2d0ef17222\" \/><input type=\"hidden\" name=\"_wp_http_referer\" value=\"\/animal-communicator\/wp-json\/wp\/v2\/pages\/305\" \/><input type=\"hidden\" name=\"action\" value=\"wpmtst_form\"><input type=\"hidden\" name=\"form_id\" value=\"1\"><input type=\"hidden\" name=\"default_category\" value=\"\"><input type=\"hidden\" name=\"view_id\" value=\"2\"><input type=\"hidden\" name=\"category\" value=\"\"><\/div><div class=\"form-field field-client_name\"><label for=\"wpmtst_client_name\" class=\"field-client_name\">Nome completo<\/label><span class=\"required symbol\"><\/span><input id=\"wpmtst_client_name\" type=\"text\" class=\"text\" name=\"client_name\"  value=\"\" placeholder=\"\"   required tabindex=\"0\"><span class=\"after\"><\/span><\/div><div class=\"form-field field-email\"><label for=\"wpmtst_email\" class=\"field-email\">Email<\/label><span class=\"required symbol\"><\/span><input id=\"wpmtst_email\" type=\"email\" class=\"text email\" name=\"email\"  value=\"\" placeholder=\"\"   required tabindex=\"0\"><span class=\"after\"><\/span><\/div><div class=\"form-field field-post_title\"><label for=\"wpmtst_post_title\" class=\"field-post_title\">Titolo<\/label><input id=\"wpmtst_post_title\" type=\"text\" class=\"text\" name=\"post_title\"  value=\"\" placeholder=\"\"   tabindex=\"0\"><span class=\"after\"><\/span><\/div><div class=\"form-field field-post_content\"><label for=\"wpmtst_post_content\" class=\"field-post_content\">Testimonianza<\/label><span class=\"required symbol\"><\/span><textarea id=\"wpmtst_post_content\" name=\"post_content\" class=\"textarea\"  required placeholder=\"\"  tabindex=\"0\"><\/textarea><span class=\"after\"><\/span><\/div><div class=\"form-field wpmtst-submit\"><label><input type=\"submit\" class=\"wpmtst_submit_testimonial\" name=\"wpmtst_submit_testimonial\" value=\"Aggiungi testimonianza\" class=\"button\" tabindex=\"0\"><\/label><\/div><\/form><\/div><\/div><\/div><\/p>\n<hr \/>\n<p>[woo_product_slider id=\"404\"]<\/p>\n","protected":false},"excerpt":{"rendered":"<p>Leggi alcune testimonianze Se vuoi lasciare la tua testimonianza compila il form [woo_product_slider id=&#8221;404&#8243;]<\/p>\n","protected":false},"author":1,"featured_media":0,"parent":0,"menu_order":0,"comment_status":"closed","ping_status":"closed","template":"","meta":{"footnotes":""},"class_list":["post-305","page","type-page","status-publish","hentry"],"_links":{"self":[{"href":"https:\/\/wolfchorus.net\/animal-communicator\/wp-json\/wp\/v2\/pages\/305","targetHints":{"allow":["GET"]}}],"collection":[{"href":"https:\/\/wolfchorus.net\/animal-communicator\/wp-json\/wp\/v2\/pages"}],"about":[{"href":"https:\/\/wolfchorus.net\/animal-communicator\/wp-json\/wp\/v2\/types\/page"}],"author":[{"embeddable":true,"href":"https:\/\/wolfchorus.net\/animal-communicator\/wp-json\/wp\/v2\/users\/1"}],"replies":[{"embeddable":true,"href":"https:\/\/wolfchorus.net\/animal-communicator\/wp-json\/wp\/v2\/comments?post=305"}],"version-history":[{"count":0,"href":"https:\/\/wolfchorus.net\/animal-communicator\/wp-json\/wp\/v2\/pages\/305\/revisions"}],"wp:attachment":[{"href":"https:\/\/wolfchorus.net\/animal-communicator\/wp-json\/wp\/v2\/media?parent=305"}],"curies":[{"name":"wp","href":"https:\/\/api.w.org\/{rel}","templated":true}]}}