{"id":98329,"date":"2020-04-20T05:25:31","date_gmt":"2020-04-20T03:25:31","guid":{"rendered":"https:\/\/www.amber-collars.net\/?post_type=product&#038;p=98329"},"modified":"2026-02-12T18:13:42","modified_gmt":"2026-02-12T17:13:42","slug":"collari-in-ambra-baltica-naturale-con-quarzo-citrino","status":"publish","type":"product","link":"https:\/\/wolfchorus.net\/amber-collars\/shop-amber-pet-collars\/collari-in-ambra-baltica\/collari-in-ambra-baltica-naturale-con-quarzo-citrino\/","title":{"rendered":"Collari in ambra baltica naturale con Quarzo Citrino"},"content":{"rendered":"<h6>Collari in ambra baltica naturale certificata con Quarzo Citrino<\/h6>\n<p style=\"text-align: justify;\">I collari in ambra baltica rappresentano una soluzione ottimale per tutti coloro che non vogliono esporre i loro amici a quattro zampe a pesticidi dannosi nel breve e nel lungo termine, sono una soluzione del tutto naturale per evitare le aggressioni dei parassiti quando gli animali soggiornano all\u2019aperto.<\/p>\n<p style=\"text-align: justify;\">L\u2019<a href=\"https:\/\/it.m.wikipedia.org\/wiki\/Ambra_(resina)\" target=\"_blank\" rel=\"noopener\" data-schema-attribute=\"mentions\">ambra<\/a> baltica \u00e8 una resina fossile naturale prodotta dagli alberi che crescevano sulla terra 50 milioni di anni fa ed \u00e8 considerata uno dei pi\u00f9 preziosi rimedi offertici da madre natura. Oltre ad avere <a href=\"https:\/\/wolfchorus.net\/amber-collars\/what-is-amber\/\" target=\"_blank\" rel=\"noopener\">svariate propriet\u00e0 terapeutiche<\/a>, essa esplica un <a href=\"https:\/\/wolfchorus.net\/amber-collars\/come-funziona-lambra\/\" target=\"_blank\" rel=\"noopener\">duplice effetto antiparassitario<\/a>.<\/p>\n<p style=\"text-align: justify;\">I collari in ambra baltica con pietre terapeutiche uniscono alle propriet\u00e0 repellenti dell\u2019ambra i benefici terapeutici dei cristalli.<\/p>\n<p style=\"text-align: justify;\">Il Quarzo Citrino migliora la concentrazione, mitiga l\u2019impatto di stimoli emotivi e sensoriali, protegge dallo stress, rafforza il sistema immunitario, aiuta l\u2019attivit\u00e0 di fegato, reni e cistifellea, regolarizza la produzione d\u2019insulina e le funzioni di stomaco, milza e intestino, sfiamma la vescica, migliora l\u2019assimilazione delle vitamine A-C-E, protegge dalle radiazioni e pu\u00f2 essere utile in caso di diabete. Aiuta a superare pi\u00f9 facilmente momenti stressanti o traumatici, facilita l\u2019addestramento.<\/p>\n<p>&nbsp;<\/p>\n<h6><strong>Potrebbe interessarti anche<\/strong><\/h6>\n<div id=\"attachment_114414\" style=\"width: 160px\" class=\"wp-caption alignleft\"><a href=\"https:\/\/wolfchorus.net\/amber-collars\/shop-amber-pet-collars\/abbinati\/braccialetto-in-ambra-baltica-naturale-abbinato-a-collari-con-quarzo-citrino\/\" target=\"_blank\" rel=\"noopener\"><img loading=\"lazy\" decoding=\"async\" aria-describedby=\"caption-attachment-114414\" class=\"wp-image-114414 size-thumbnail\" src=\"https:\/\/wolfchorus.net\/amber-collars\/wp-content\/uploads\/2020\/04\/Bracciale-ambra-e-quarzo-citrino-150x150.jpg\" alt=\"Braccialetto in ambra e quarzo citrino\" width=\"150\" height=\"150\" title=\"\" srcset=\"https:\/\/wolfchorus.net\/amber-collars\/wp-content\/uploads\/2020\/04\/Bracciale-ambra-e-quarzo-citrino-150x150.jpg 150w, https:\/\/wolfchorus.net\/amber-collars\/wp-content\/uploads\/2020\/04\/Bracciale-ambra-e-quarzo-citrino-300x300.jpg 300w, https:\/\/wolfchorus.net\/amber-collars\/wp-content\/uploads\/2020\/04\/Bracciale-ambra-e-quarzo-citrino-768x768.jpg 768w, https:\/\/wolfchorus.net\/amber-collars\/wp-content\/uploads\/2020\/04\/Bracciale-ambra-e-quarzo-citrino-80x80.jpg 80w, https:\/\/wolfchorus.net\/amber-collars\/wp-content\/uploads\/2020\/04\/Bracciale-ambra-e-quarzo-citrino-320x320.jpg 320w, https:\/\/wolfchorus.net\/amber-collars\/wp-content\/uploads\/2020\/04\/Bracciale-ambra-e-quarzo-citrino-720x720.jpg 720w, https:\/\/wolfchorus.net\/amber-collars\/wp-content\/uploads\/2020\/04\/Bracciale-ambra-e-quarzo-citrino-520x520.jpg 520w, https:\/\/wolfchorus.net\/amber-collars\/wp-content\/uploads\/2020\/04\/Bracciale-ambra-e-quarzo-citrino-600x600.jpg 600w, https:\/\/wolfchorus.net\/amber-collars\/wp-content\/uploads\/2020\/04\/Bracciale-ambra-e-quarzo-citrino-100x100.jpg 100w, https:\/\/wolfchorus.net\/amber-collars\/wp-content\/uploads\/2020\/04\/Bracciale-ambra-e-quarzo-citrino-64x64.jpg 64w, https:\/\/wolfchorus.net\/amber-collars\/wp-content\/uploads\/2020\/04\/Bracciale-ambra-e-quarzo-citrino.jpg 1024w\" sizes=\"auto, (max-width: 150px) 100vw, 150px\" \/><\/a><p id=\"caption-attachment-114414\" class=\"wp-caption-text\">Braccialetto abbinato<\/p><\/div>\n<p>&nbsp;<\/p>\n","protected":false},"excerpt":{"rendered":"<p style=\"text-align: justify;\">Il Quarzo Citrino migliora la concentrazione, mitiga l\u2019impatto di stimoli emotivi e sensoriali, protegge dallo stress, rafforza il sistema immunitario, aiuta l\u2019attivit\u00e0 di fegato, reni e cistifellea, regolarizza la produzione d\u2019insulina e le funzioni di stomaco, milza e intestino, sfiamma la vescica, migliora l\u2019assimilazione delle vitamine A-C-E, protegge dalle radiazioni e pu\u00f2 essere utile in caso di diabete. Aiuta a superare pi\u00f9 facilmente momenti stressanti o traumatici, facilita l\u2019addestramento.<\/p>\n","protected":false},"featured_media":114418,"comment_status":"open","ping_status":"closed","template":"","meta":[],"product_brand":[],"product_cat":[20],"product_tag":[],"class_list":{"0":"post-98329","1":"product","2":"type-product","3":"status-publish","4":"has-post-thumbnail","6":"product_cat-collari-in-ambra-baltica","8":"first","9":"instock","10":"purchasable","11":"product-type-variable","12":"has-default-attributes"},"_links":{"self":[{"href":"https:\/\/wolfchorus.net\/amber-collars\/wp-json\/wp\/v2\/product\/98329","targetHints":{"allow":["GET"]}}],"collection":[{"href":"https:\/\/wolfchorus.net\/amber-collars\/wp-json\/wp\/v2\/product"}],"about":[{"href":"https:\/\/wolfchorus.net\/amber-collars\/wp-json\/wp\/v2\/types\/product"}],"replies":[{"embeddable":true,"href":"https:\/\/wolfchorus.net\/amber-collars\/wp-json\/wp\/v2\/comments?post=98329"}],"wp:featuredmedia":[{"embeddable":true,"href":"https:\/\/wolfchorus.net\/amber-collars\/wp-json\/wp\/v2\/media\/114418"}],"wp:attachment":[{"href":"https:\/\/wolfchorus.net\/amber-collars\/wp-json\/wp\/v2\/media?parent=98329"}],"wp:term":[{"taxonomy":"product_brand","embeddable":true,"href":"https:\/\/wolfchorus.net\/amber-collars\/wp-json\/wp\/v2\/product_brand?post=98329"},{"taxonomy":"product_cat","embeddable":true,"href":"https:\/\/wolfchorus.net\/amber-collars\/wp-json\/wp\/v2\/product_cat?post=98329"},{"taxonomy":"product_tag","embeddable":true,"href":"https:\/\/wolfchorus.net\/amber-collars\/wp-json\/wp\/v2\/product_tag?post=98329"}],"curies":[{"name":"wp","href":"https:\/\/api.w.org\/{rel}","templated":true}]}}