{"id":79495,"date":"2020-04-20T05:44:56","date_gmt":"2020-04-20T03:44:56","guid":{"rendered":"https:\/\/www.amber-collars.net\/?post_type=product&#038;p=79495"},"modified":"2026-02-12T17:18:50","modified_gmt":"2026-02-12T16:18:50","slug":"collari-in-ambra-baltica-naturale-con-lapislazzuli","status":"publish","type":"product","link":"https:\/\/wolfchorus.net\/amber-collars\/shop-amber-pet-collars\/collari-in-ambra-baltica\/collari-in-ambra-baltica-naturale-con-lapislazzuli\/","title":{"rendered":"Collari in ambra baltica naturale con Lapislazzuli"},"content":{"rendered":"<h6>Collari in ambra baltica naturale certificata con Lapislazzuli<\/h6>\n<p style=\"text-align: justify;\">I collari in ambra baltica rappresentano una soluzione ottimale per tutti coloro che non vogliono esporre i loro amici a quattro zampe a pesticidi dannosi nel breve e nel lungo termine, sono una soluzione del tutto naturale per evitare le aggressioni dei parassiti quando gli animali soggiornano all\u2019aperto.<\/p>\n<p style=\"text-align: justify;\">L\u2019<a href=\"https:\/\/it.m.wikipedia.org\/wiki\/Ambra_(resina)\" target=\"_blank\" rel=\"noopener\" data-schema-attribute=\"mentions\">ambra<\/a> baltica \u00e8 una resina fossile naturale prodotta dagli alberi che crescevano sulla terra 50 milioni di anni fa ed \u00e8 considerata uno dei pi\u00f9 preziosi rimedi offertici da madre natura. Oltre ad avere <a href=\"https:\/\/wolfchorus.net\/amber-collars\/what-is-amber\/\" target=\"_blank\" rel=\"noopener\">svariate propriet\u00e0 terapeutiche<\/a>, essa esplica un <a href=\"https:\/\/wolfchorus.net\/amber-collars\/come-funziona-lambra\/\" target=\"_blank\" rel=\"noopener\">duplice effetto antiparassitario<\/a>.<\/p>\n<p style=\"text-align: justify;\">I collari in ambra baltica con pietre terapeutiche uniscono alle propriet\u00e0 repellenti dell\u2019ambra i benefici terapeutici dei cristalli.<\/p>\n<p style=\"text-align: justify;\">Il Lapislazzuli \u00e8 una pietra protettiva, confortante e stimolante. Rafforza la capacit\u00e0 di stringere amicizie, facilita il contatto con gli altri e rende estroversi. Promuove il benessere della tiroide, della gola, del midollo osseo, dei sistemi immunitario e nervoso e dell\u2019apparato respiratorio, depura l\u2019organismo. Combatte le allergie, l\u2019asma e gli eczemi.<\/p>\n<p>&nbsp;<\/p>\n<h6><strong>Potrebbe interessarti anche<\/strong><\/h6>\n<div id=\"attachment_105795\" style=\"width: 160px\" class=\"wp-caption alignleft\"><a href=\"https:\/\/wolfchorus.net\/amber-collars\/shop-amber-pet-collars\/abbinati\/braccialetto-in-ambra-baltica-naturale-abbinato-a-collari-con-lapislazzuli\/\" target=\"_blank\" rel=\"noopener\"><img loading=\"lazy\" decoding=\"async\" aria-describedby=\"caption-attachment-105795\" class=\"wp-image-105795 size-thumbnail\" src=\"https:\/\/wolfchorus.net\/amber-collars\/wp-content\/uploads\/2020\/01\/bracciale-ambra-Lapislazzuli-1-150x150.jpg\" alt=\"Braccialetto ambra lapislazzuli\" width=\"150\" height=\"150\" title=\"\" srcset=\"https:\/\/wolfchorus.net\/amber-collars\/wp-content\/uploads\/2020\/01\/bracciale-ambra-Lapislazzuli-1-150x150.jpg 150w, https:\/\/wolfchorus.net\/amber-collars\/wp-content\/uploads\/2020\/01\/bracciale-ambra-Lapislazzuli-1-80x80.jpg 80w, https:\/\/wolfchorus.net\/amber-collars\/wp-content\/uploads\/2020\/01\/bracciale-ambra-Lapislazzuli-1-320x320.jpg 320w, https:\/\/wolfchorus.net\/amber-collars\/wp-content\/uploads\/2020\/01\/bracciale-ambra-Lapislazzuli-1-300x300.jpg 300w, https:\/\/wolfchorus.net\/amber-collars\/wp-content\/uploads\/2020\/01\/bracciale-ambra-Lapislazzuli-1-100x100.jpg 100w\" sizes=\"auto, (max-width: 150px) 100vw, 150px\" \/><\/a><p id=\"caption-attachment-105795\" class=\"wp-caption-text\">Braccialetto abbinato<\/p><\/div>\n<p>&nbsp;<\/p>\n","protected":false},"excerpt":{"rendered":"<p style=\"text-align: justify;\">Il Lapislazzuli \u00e8 una pietra protettiva, confortante e stimolante. Rafforza la capacit\u00e0 di stringere amicizie, facilita il contatto con gli altri e rende estroversi. Promuove il benessere della tiroide, della gola, del midollo osseo, dei sistemi immunitario e nervoso e dell\u2019apparato respiratorio, depura l\u2019organismo. Combatte le allergie, l\u2019asma e gli eczemi.<\/p>\n","protected":false},"featured_media":79519,"comment_status":"open","ping_status":"closed","template":"","meta":[],"product_brand":[],"product_cat":[20],"product_tag":[],"class_list":{"0":"post-79495","1":"product","2":"type-product","3":"status-publish","4":"has-post-thumbnail","6":"product_cat-collari-in-ambra-baltica","8":"first","9":"instock","10":"purchasable","11":"product-type-variable","12":"has-default-attributes"},"_links":{"self":[{"href":"https:\/\/wolfchorus.net\/amber-collars\/wp-json\/wp\/v2\/product\/79495","targetHints":{"allow":["GET"]}}],"collection":[{"href":"https:\/\/wolfchorus.net\/amber-collars\/wp-json\/wp\/v2\/product"}],"about":[{"href":"https:\/\/wolfchorus.net\/amber-collars\/wp-json\/wp\/v2\/types\/product"}],"replies":[{"embeddable":true,"href":"https:\/\/wolfchorus.net\/amber-collars\/wp-json\/wp\/v2\/comments?post=79495"}],"wp:featuredmedia":[{"embeddable":true,"href":"https:\/\/wolfchorus.net\/amber-collars\/wp-json\/wp\/v2\/media\/79519"}],"wp:attachment":[{"href":"https:\/\/wolfchorus.net\/amber-collars\/wp-json\/wp\/v2\/media?parent=79495"}],"wp:term":[{"taxonomy":"product_brand","embeddable":true,"href":"https:\/\/wolfchorus.net\/amber-collars\/wp-json\/wp\/v2\/product_brand?post=79495"},{"taxonomy":"product_cat","embeddable":true,"href":"https:\/\/wolfchorus.net\/amber-collars\/wp-json\/wp\/v2\/product_cat?post=79495"},{"taxonomy":"product_tag","embeddable":true,"href":"https:\/\/wolfchorus.net\/amber-collars\/wp-json\/wp\/v2\/product_tag?post=79495"}],"curies":[{"name":"wp","href":"https:\/\/api.w.org\/{rel}","templated":true}]}}