{"id":53375,"date":"2020-04-20T07:12:06","date_gmt":"2020-04-20T05:12:06","guid":{"rendered":"https:\/\/www.amber-collars.net\/?post_type=product&#038;p=53375"},"modified":"2026-02-12T16:30:24","modified_gmt":"2026-02-12T15:30:24","slug":"collari-in-ambra-baltica-naturale-con-crisocolla","status":"publish","type":"product","link":"https:\/\/wolfchorus.net\/amber-collars\/shop-amber-pet-collars\/collari-in-ambra-baltica\/collari-in-ambra-baltica-naturale-con-crisocolla\/","title":{"rendered":"Collari in ambra baltica naturale con Crisocolla"},"content":{"rendered":"<h6>Collari in ambra baltica naturale certificata con Crisocolla<\/h6>\n<p style=\"text-align: justify;\">I collari in ambra baltica rappresentano una soluzione ottimale per tutti coloro che non vogliono esporre i loro amici a quattro zampe a pesticidi dannosi nel breve e nel lungo termine, sono una soluzione del tutto naturale per evitare le aggressioni dei parassiti quando gli animali soggiornano all\u2019aperto.<\/p>\n<p style=\"text-align: justify;\">L\u2019<a href=\"https:\/\/it.m.wikipedia.org\/wiki\/Ambra_(resina)\" target=\"_blank\" rel=\"noopener\" data-schema-attribute=\"mentions\">ambra<\/a> baltica \u00e8 una resina fossile naturale prodotta dagli alberi che crescevano sulla terra 50 milioni di anni fa ed \u00e8 considerata uno dei pi\u00f9 preziosi rimedi offertici da madre natura. Oltre ad avere <a href=\"https:\/\/wolfchorus.net\/amber-collars\/what-is-amber\/\" target=\"_blank\" rel=\"noopener\">svariate propriet\u00e0 terapeutiche<\/a>, essa esplica un <a href=\"https:\/\/wolfchorus.net\/amber-collars\/come-funziona-lambra\/\" target=\"_blank\" rel=\"noopener\">duplice effetto antiparassitario<\/a>.<\/p>\n<p style=\"text-align: justify;\">I collari in ambra baltica con pietre terapeutiche uniscono alle propriet\u00e0 repellenti dell\u2019ambra i benefici terapeutici dei cristalli.<\/p>\n<p style=\"text-align: justify;\">La Crisocolla dona serenit\u00e0 e pace interiore, calma i nervi, previene le irritazioni della pelle e le infezioni, aiuta il rilassamento durante il parto e rafforza il fegato. Utile in caso di debolezza muscolare e di dolori articolari dovuti all\u2019artrite. Riequilibra gli ormoni e i livelli di zucchero nel sangue ed \u00e8 indicata in caso di iperattivit\u00e0 tiroidea. Aiuta a mitigare i sintomi dello stress post traumatico e a riconquistare la fiducia, \u00e8 utile per tenere a casa animali che tendono a girovagare.<\/p>\n<p>&nbsp;<\/p>\n<h6><strong>Potrebbe interessarti anche<\/strong><\/h6>\n<div id=\"attachment_105834\" style=\"width: 160px\" class=\"wp-caption alignleft\"><a title=\"Braccialetto in ambra baltica naturale abbinato a collari con Crisocolla\" href=\"https:\/\/wolfchorus.net\/amber-collars\/shop-amber-pet-collars\/abbinati\/braccialetto-in-ambra-baltica-naturale-abbinato-a-collari-con-crisocolla\/\" target=\"_blank\" rel=\"noopener noreferrer\"><img loading=\"lazy\" decoding=\"async\" aria-describedby=\"caption-attachment-105834\" class=\"wp-image-105834 size-thumbnail\" src=\"https:\/\/wolfchorus.net\/amber-collars\/wp-content\/uploads\/2019\/11\/Bracciale-ambra-crisocolla-2-150x150.jpg\" alt=\"Braccialetto ambra crisocolla\" width=\"150\" height=\"150\" title=\"\" srcset=\"https:\/\/wolfchorus.net\/amber-collars\/wp-content\/uploads\/2019\/11\/Bracciale-ambra-crisocolla-2-150x150.jpg 150w, https:\/\/wolfchorus.net\/amber-collars\/wp-content\/uploads\/2019\/11\/Bracciale-ambra-crisocolla-2-80x80.jpg 80w, https:\/\/wolfchorus.net\/amber-collars\/wp-content\/uploads\/2019\/11\/Bracciale-ambra-crisocolla-2-320x320.jpg 320w, https:\/\/wolfchorus.net\/amber-collars\/wp-content\/uploads\/2019\/11\/Bracciale-ambra-crisocolla-2-300x300.jpg 300w, https:\/\/wolfchorus.net\/amber-collars\/wp-content\/uploads\/2019\/11\/Bracciale-ambra-crisocolla-2-100x100.jpg 100w\" sizes=\"auto, (max-width: 150px) 100vw, 150px\" \/><\/a><p id=\"caption-attachment-105834\" class=\"wp-caption-text\">Braccialetto abbinato<\/p><\/div>\n<p>&nbsp;<\/p>\n<p>&nbsp;<\/p>\n<p>&nbsp;<\/p>\n","protected":false},"excerpt":{"rendered":"<p style=\"text-align: justify;\">La Crisocolla dona serenit\u00e0 e pace interiore, calma i nervi, previene le irritazioni della pelle e le infezioni, aiuta il rilassamento durante il parto e rafforza il fegato. Utile in caso di debolezza muscolare e di dolori articolari dovuti all\u2019artrite. Riequilibra gli ormoni e i livelli di zucchero nel sangue ed \u00e8 indicata in caso di iperattivit\u00e0 tiroidea. Aiuta a mitigare i sintomi dello stress post traumatico e a riconquistare la fiducia, \u00e8 utile per tenere a casa animali che tendono a girovagare.<\/p>\n","protected":false},"featured_media":114311,"comment_status":"open","ping_status":"closed","template":"","meta":[],"product_brand":[],"product_cat":[20],"product_tag":[],"class_list":{"0":"post-53375","1":"product","2":"type-product","3":"status-publish","4":"has-post-thumbnail","6":"product_cat-collari-in-ambra-baltica","8":"first","9":"instock","10":"purchasable","11":"product-type-variable","12":"has-default-attributes"},"_links":{"self":[{"href":"https:\/\/wolfchorus.net\/amber-collars\/wp-json\/wp\/v2\/product\/53375","targetHints":{"allow":["GET"]}}],"collection":[{"href":"https:\/\/wolfchorus.net\/amber-collars\/wp-json\/wp\/v2\/product"}],"about":[{"href":"https:\/\/wolfchorus.net\/amber-collars\/wp-json\/wp\/v2\/types\/product"}],"replies":[{"embeddable":true,"href":"https:\/\/wolfchorus.net\/amber-collars\/wp-json\/wp\/v2\/comments?post=53375"}],"wp:featuredmedia":[{"embeddable":true,"href":"https:\/\/wolfchorus.net\/amber-collars\/wp-json\/wp\/v2\/media\/114311"}],"wp:attachment":[{"href":"https:\/\/wolfchorus.net\/amber-collars\/wp-json\/wp\/v2\/media?parent=53375"}],"wp:term":[{"taxonomy":"product_brand","embeddable":true,"href":"https:\/\/wolfchorus.net\/amber-collars\/wp-json\/wp\/v2\/product_brand?post=53375"},{"taxonomy":"product_cat","embeddable":true,"href":"https:\/\/wolfchorus.net\/amber-collars\/wp-json\/wp\/v2\/product_cat?post=53375"},{"taxonomy":"product_tag","embeddable":true,"href":"https:\/\/wolfchorus.net\/amber-collars\/wp-json\/wp\/v2\/product_tag?post=53375"}],"curies":[{"name":"wp","href":"https:\/\/api.w.org\/{rel}","templated":true}]}}