{"id":53337,"date":"2020-04-22T15:47:49","date_gmt":"2020-04-22T13:47:49","guid":{"rendered":"https:\/\/www.amber-collars.net\/?post_type=product&#038;p=53337"},"modified":"2026-02-12T14:23:36","modified_gmt":"2026-02-12T13:23:36","slug":"collari-in-ambra-baltica-naturale-con-amazzonite","status":"publish","type":"product","link":"https:\/\/wolfchorus.net\/amber-collars\/shop-amber-pet-collars\/collari-in-ambra-baltica\/collari-in-ambra-baltica-naturale-con-amazzonite\/","title":{"rendered":"Collari in ambra baltica naturale con Amazzonite"},"content":{"rendered":"<h6>Collari in ambra baltica naturale certificata con Amazzonite<\/h6>\n<p style=\"text-align: justify;\">I collari in ambra baltica rappresentano una soluzione ottimale per tutti coloro che non vogliono esporre i loro amici a quattro zampe a pesticidi dannosi nel breve e nel lungo termine, sono una soluzione del tutto naturale per evitare le aggressioni dei parassiti quando gli animali soggiornano all\u2019aperto.<\/p>\n<p style=\"text-align: justify;\">L\u2019<a href=\"https:\/\/it.m.wikipedia.org\/wiki\/Ambra_(resina)\" target=\"_blank\" rel=\"noopener\" data-schema-attribute=\"mentions\">ambra<\/a> baltica \u00e8 una resina fossile naturale prodotta dagli alberi che crescevano sulla terra 50 milioni di anni fa ed \u00e8 considerata uno dei pi\u00f9 preziosi rimedi offertici da madre natura. Oltre ad avere <a href=\"https:\/\/wolfchorus.net\/amber-collars\/what-is-amber\/\" target=\"_blank\" rel=\"noopener\">svariate propriet\u00e0 terapeutiche<\/a>, essa esplica un <a href=\"https:\/\/wolfchorus.net\/amber-collars\/come-funziona-lambra\/\" target=\"_blank\" rel=\"noopener\">duplice effetto antiparassitario<\/a>.<\/p>\n<p style=\"text-align: justify;\">I collari in ambra baltica con pietre terapeutiche uniscono alle propriet\u00e0 repellenti dell\u2019ambra i benefici terapeutici dei cristalli.<\/p>\n<p style=\"text-align: justify;\">L\u2019Amazzonite \u00e8 utile per calmare il sistema nervoso e le emozioni, riduce rabbia, irritabilit\u00e0 e tristezza. Rafforza il metabolismo, il fegato, i tendini, le articolazioni, il cervello, il sistema neurovegetativo, l\u2019ipofisi e il timo; \u00e8 rilassante ed antispastica.<\/p>\n<h6><strong>Potrebbe interessarti anche<\/strong><\/h6>\n<p><a href=\"https:\/\/wolfchorus.net\/amber-collars\/shop-amber-pet-collars\/abbinati\/braccialetto-in-ambra-baltica-naturale-abbinato-a-collari-con-amazzonite\/\" target=\"_blank\" rel=\"noopener\"><img loading=\"lazy\" decoding=\"async\" class=\"alignleft wp-image-105838 size-thumbnail\" src=\"https:\/\/wolfchorus.net\/amber-collars\/wp-content\/uploads\/2019\/11\/Bracciale-ambra-amazzonite-1-150x150.jpeg\" alt=\"\" width=\"150\" height=\"150\" title=\"\" srcset=\"https:\/\/wolfchorus.net\/amber-collars\/wp-content\/uploads\/2019\/11\/Bracciale-ambra-amazzonite-1-150x150.jpeg 150w, https:\/\/wolfchorus.net\/amber-collars\/wp-content\/uploads\/2019\/11\/Bracciale-ambra-amazzonite-1-80x80.jpeg 80w, https:\/\/wolfchorus.net\/amber-collars\/wp-content\/uploads\/2019\/11\/Bracciale-ambra-amazzonite-1-320x320.jpeg 320w, https:\/\/wolfchorus.net\/amber-collars\/wp-content\/uploads\/2019\/11\/Bracciale-ambra-amazzonite-1-300x300.jpeg 300w, https:\/\/wolfchorus.net\/amber-collars\/wp-content\/uploads\/2019\/11\/Bracciale-ambra-amazzonite-1-100x100.jpeg 100w\" sizes=\"auto, (max-width: 150px) 100vw, 150px\" \/><\/a><\/p>\n<p>&nbsp;<\/p>\n<p>&nbsp;<\/p>\n<p>&nbsp;<\/p>\n","protected":false},"excerpt":{"rendered":"<p style=\"text-align: justify;\">L\u2019Amazzonite \u00e8 utile per calmare il sistema nervoso e le emozioni, riduce rabbia, irritabilit\u00e0 e tristezza. Rafforza il metabolismo, il fegato, i tendini, le articolazioni, il cervello, il sistema neurovegetativo, l\u2019ipofisi e il timo; \u00e8 rilassante ed antispastica.<\/p>\n","protected":false},"featured_media":114264,"comment_status":"open","ping_status":"closed","template":"","meta":[],"product_brand":[],"product_cat":[20],"product_tag":[],"class_list":{"0":"post-53337","1":"product","2":"type-product","3":"status-publish","4":"has-post-thumbnail","6":"product_cat-collari-in-ambra-baltica","8":"first","9":"instock","10":"purchasable","11":"product-type-variable","12":"has-default-attributes"},"_links":{"self":[{"href":"https:\/\/wolfchorus.net\/amber-collars\/wp-json\/wp\/v2\/product\/53337","targetHints":{"allow":["GET"]}}],"collection":[{"href":"https:\/\/wolfchorus.net\/amber-collars\/wp-json\/wp\/v2\/product"}],"about":[{"href":"https:\/\/wolfchorus.net\/amber-collars\/wp-json\/wp\/v2\/types\/product"}],"replies":[{"embeddable":true,"href":"https:\/\/wolfchorus.net\/amber-collars\/wp-json\/wp\/v2\/comments?post=53337"}],"wp:featuredmedia":[{"embeddable":true,"href":"https:\/\/wolfchorus.net\/amber-collars\/wp-json\/wp\/v2\/media\/114264"}],"wp:attachment":[{"href":"https:\/\/wolfchorus.net\/amber-collars\/wp-json\/wp\/v2\/media?parent=53337"}],"wp:term":[{"taxonomy":"product_brand","embeddable":true,"href":"https:\/\/wolfchorus.net\/amber-collars\/wp-json\/wp\/v2\/product_brand?post=53337"},{"taxonomy":"product_cat","embeddable":true,"href":"https:\/\/wolfchorus.net\/amber-collars\/wp-json\/wp\/v2\/product_cat?post=53337"},{"taxonomy":"product_tag","embeddable":true,"href":"https:\/\/wolfchorus.net\/amber-collars\/wp-json\/wp\/v2\/product_tag?post=53337"}],"curies":[{"name":"wp","href":"https:\/\/api.w.org\/{rel}","templated":true}]}}