{"id":105565,"date":"2020-04-20T05:10:07","date_gmt":"2020-04-20T03:10:07","guid":{"rendered":"https:\/\/www.amber-collars.net\/?post_type=product&#038;p=105565"},"modified":"2026-02-12T18:27:35","modified_gmt":"2026-02-12T17:27:35","slug":"collari-in-ambra-baltica-naturale-con-quarzo-rutilato","status":"publish","type":"product","link":"https:\/\/wolfchorus.net\/amber-collars\/shop-amber-pet-collars\/collari-in-ambra-baltica\/collari-in-ambra-baltica-naturale-con-quarzo-rutilato\/","title":{"rendered":"Collari in ambra baltica naturale con Quarzo Rutilato"},"content":{"rendered":"<h6>Collari in ambra baltica naturale certificata con Quarzo Rutilato<\/h6>\n<p style=\"text-align: justify;\">I collari in ambra baltica rappresentano una soluzione ottimale per tutti coloro che non vogliono esporre i loro amici a quattro zampe a pesticidi dannosi nel breve e nel lungo termine, sono una soluzione del tutto naturale per evitare le aggressioni dei parassiti quando gli animali soggiornano all\u2019aperto.<\/p>\n<p style=\"text-align: justify;\">L\u2019<a href=\"https:\/\/it.m.wikipedia.org\/wiki\/Ambra_(resina)\" target=\"_blank\" rel=\"noopener\" data-schema-attribute=\"mentions\">ambra<\/a> baltica \u00e8 una resina fossile naturale prodotta dagli alberi che crescevano sulla terra 50 milioni di anni fa ed \u00e8 considerata uno dei pi\u00f9 preziosi rimedi offertici da madre natura. Oltre ad avere <a href=\"https:\/\/wolfchorus.net\/amber-collars\/what-is-amber\/\" target=\"_blank\" rel=\"noopener\">svariate propriet\u00e0 terapeutiche<\/a>, essa esplica un <a href=\"https:\/\/wolfchorus.net\/amber-collars\/come-funziona-lambra\/\" target=\"_blank\" rel=\"noopener\">duplice effetto antiparassitario<\/a>.<\/p>\n<p style=\"text-align: justify;\">I collari in ambra baltica con pietre terapeutiche uniscono alle propriet\u00e0 repellenti dell\u2019ambra i benefici terapeutici dei cristalli.<\/p>\n<p style=\"text-align: justify;\">Il Quarzo Rutilato dona speranza, dinamismo, entusiasmo ed ottimismo, allevia la depressione, promuove la rigenerazione cellulare e aiuta i problemi dell\u2019apparato respiratorio.<\/p>\n<p>&nbsp;<\/p>\n<h6><strong>Potrebbero interessarti anche<\/strong><\/h6>\n<div id=\"attachment_105592\" style=\"width: 160px\" class=\"wp-caption alignleft\"><a href=\"https:\/\/wolfchorus.net\/amber-collars\/shop-amber-pet-collars\/abbinati\/girocollo-in-ambra-baltica-naturale-abbinato-a-collari-con-quarzo-rutilato\/\" target=\"_blank\" rel=\"noopener\"><img loading=\"lazy\" decoding=\"async\" aria-describedby=\"caption-attachment-105592\" class=\"wp-image-105592 size-thumbnail\" src=\"https:\/\/wolfchorus.net\/amber-collars\/wp-content\/uploads\/2020\/04\/collana-amba-quarzo-rutilato-150x150.jpg\" alt=\"Girocollo ambra e quarzo rutilato\" width=\"150\" height=\"150\" title=\"\" srcset=\"https:\/\/wolfchorus.net\/amber-collars\/wp-content\/uploads\/2020\/04\/collana-amba-quarzo-rutilato-150x150.jpg 150w, https:\/\/wolfchorus.net\/amber-collars\/wp-content\/uploads\/2020\/04\/collana-amba-quarzo-rutilato-80x80.jpg 80w, https:\/\/wolfchorus.net\/amber-collars\/wp-content\/uploads\/2020\/04\/collana-amba-quarzo-rutilato-320x320.jpg 320w, https:\/\/wolfchorus.net\/amber-collars\/wp-content\/uploads\/2020\/04\/collana-amba-quarzo-rutilato-300x300.jpg 300w, https:\/\/wolfchorus.net\/amber-collars\/wp-content\/uploads\/2020\/04\/collana-amba-quarzo-rutilato-100x100.jpg 100w\" sizes=\"auto, (max-width: 150px) 100vw, 150px\" \/><\/a><p id=\"caption-attachment-105592\" class=\"wp-caption-text\">Girocollo abbinato<\/p><\/div>\n<div id=\"attachment_114440\" style=\"width: 160px\" class=\"wp-caption alignleft\"><a href=\"https:\/\/wolfchorus.net\/amber-collars\/shop-amber-pet-collars\/abbinati\/braccialetto-in-ambra-baltica-naturale-abbinato-a-collari-con-quarzo-rutilato\/\" target=\"_blank\" rel=\"noopener\"><img loading=\"lazy\" decoding=\"async\" aria-describedby=\"caption-attachment-114440\" class=\"wp-image-114440 size-thumbnail\" src=\"https:\/\/wolfchorus.net\/amber-collars\/wp-content\/uploads\/2021\/04\/Braccialetto-ambra-e-quarzo-rutilato-150x150.png\" alt=\"Braccialetto ambra e quarzo rutilato\" width=\"150\" height=\"150\" title=\"\" srcset=\"https:\/\/wolfchorus.net\/amber-collars\/wp-content\/uploads\/2021\/04\/Braccialetto-ambra-e-quarzo-rutilato-150x150.png 150w, https:\/\/wolfchorus.net\/amber-collars\/wp-content\/uploads\/2021\/04\/Braccialetto-ambra-e-quarzo-rutilato-300x300.png 300w, https:\/\/wolfchorus.net\/amber-collars\/wp-content\/uploads\/2021\/04\/Braccialetto-ambra-e-quarzo-rutilato-768x768.png 768w, https:\/\/wolfchorus.net\/amber-collars\/wp-content\/uploads\/2021\/04\/Braccialetto-ambra-e-quarzo-rutilato-80x80.png 80w, https:\/\/wolfchorus.net\/amber-collars\/wp-content\/uploads\/2021\/04\/Braccialetto-ambra-e-quarzo-rutilato-320x320.png 320w, https:\/\/wolfchorus.net\/amber-collars\/wp-content\/uploads\/2021\/04\/Braccialetto-ambra-e-quarzo-rutilato-720x720.png 720w, https:\/\/wolfchorus.net\/amber-collars\/wp-content\/uploads\/2021\/04\/Braccialetto-ambra-e-quarzo-rutilato-520x520.png 520w, https:\/\/wolfchorus.net\/amber-collars\/wp-content\/uploads\/2021\/04\/Braccialetto-ambra-e-quarzo-rutilato-600x600.png 600w, https:\/\/wolfchorus.net\/amber-collars\/wp-content\/uploads\/2021\/04\/Braccialetto-ambra-e-quarzo-rutilato-100x100.png 100w, https:\/\/wolfchorus.net\/amber-collars\/wp-content\/uploads\/2021\/04\/Braccialetto-ambra-e-quarzo-rutilato-64x64.png 64w, https:\/\/wolfchorus.net\/amber-collars\/wp-content\/uploads\/2021\/04\/Braccialetto-ambra-e-quarzo-rutilato.png 1024w\" sizes=\"auto, (max-width: 150px) 100vw, 150px\" \/><\/a><p id=\"caption-attachment-114440\" class=\"wp-caption-text\">Braccialetto abbinato<\/p><\/div>\n<p>&nbsp;<\/p>\n","protected":false},"excerpt":{"rendered":"<p style=\"text-align: justify;\">Il Quarzo Rutilato dona speranza, dinamismo, entusiasmo ed ottimismo, allevia la depressione, promuove la rigenerazione cellulare e aiuta i problemi dell\u2019apparato respiratorio.<\/p>\n","protected":false},"featured_media":114424,"comment_status":"open","ping_status":"closed","template":"","meta":[],"product_brand":[],"product_cat":[20],"product_tag":[],"class_list":{"0":"post-105565","1":"product","2":"type-product","3":"status-publish","4":"has-post-thumbnail","6":"product_cat-collari-in-ambra-baltica","8":"first","9":"instock","10":"purchasable","11":"product-type-variable","12":"has-default-attributes"},"_links":{"self":[{"href":"https:\/\/wolfchorus.net\/amber-collars\/wp-json\/wp\/v2\/product\/105565","targetHints":{"allow":["GET"]}}],"collection":[{"href":"https:\/\/wolfchorus.net\/amber-collars\/wp-json\/wp\/v2\/product"}],"about":[{"href":"https:\/\/wolfchorus.net\/amber-collars\/wp-json\/wp\/v2\/types\/product"}],"replies":[{"embeddable":true,"href":"https:\/\/wolfchorus.net\/amber-collars\/wp-json\/wp\/v2\/comments?post=105565"}],"wp:featuredmedia":[{"embeddable":true,"href":"https:\/\/wolfchorus.net\/amber-collars\/wp-json\/wp\/v2\/media\/114424"}],"wp:attachment":[{"href":"https:\/\/wolfchorus.net\/amber-collars\/wp-json\/wp\/v2\/media?parent=105565"}],"wp:term":[{"taxonomy":"product_brand","embeddable":true,"href":"https:\/\/wolfchorus.net\/amber-collars\/wp-json\/wp\/v2\/product_brand?post=105565"},{"taxonomy":"product_cat","embeddable":true,"href":"https:\/\/wolfchorus.net\/amber-collars\/wp-json\/wp\/v2\/product_cat?post=105565"},{"taxonomy":"product_tag","embeddable":true,"href":"https:\/\/wolfchorus.net\/amber-collars\/wp-json\/wp\/v2\/product_tag?post=105565"}],"curies":[{"name":"wp","href":"https:\/\/api.w.org\/{rel}","templated":true}]}}