{"id":100994,"date":"2020-04-20T05:05:47","date_gmt":"2020-04-20T03:05:47","guid":{"rendered":"https:\/\/www.amber-collars.net\/?post_type=product&#038;p=100994"},"modified":"2026-02-15T15:01:39","modified_gmt":"2026-02-15T14:01:39","slug":"collari-in-ambra-baltica-naturale-con-tormalina-nera","status":"publish","type":"product","link":"https:\/\/wolfchorus.net\/amber-collars\/shop-amber-pet-collars\/collari-in-ambra-baltica\/collari-in-ambra-baltica-naturale-con-tormalina-nera\/","title":{"rendered":"Collari in ambra baltica naturale con Tormalina Nera"},"content":{"rendered":"<h6>Collari in ambra baltica naturale certificata con Tormalina nera<\/h6>\n<p style=\"text-align: justify;\">I collari in ambra baltica rappresentano una soluzione ottimale per tutti coloro che non vogliono esporre i loro amici a quattro zampe a pesticidi dannosi nel breve e nel lungo termine, sono una soluzione del tutto naturale per evitare le aggressioni dei parassiti quando gli animali soggiornano all\u2019aperto.<\/p>\n<p style=\"text-align: justify;\">L\u2019<a href=\"https:\/\/it.m.wikipedia.org\/wiki\/Ambra_(resina)\" target=\"_blank\" rel=\"noopener\" data-schema-attribute=\"mentions\">ambra<\/a> baltica \u00e8 una resina fossile naturale prodotta dagli alberi che crescevano sulla terra 50 milioni di anni fa ed \u00e8 considerata uno dei pi\u00f9 preziosi rimedi offertici da madre natura. Oltre ad avere <a href=\"https:\/\/wolfchorus.net\/amber-collars\/what-is-amber\/\" target=\"_blank\" rel=\"noopener\">svariate propriet\u00e0 terapeutiche<\/a>, essa esplica un <a href=\"https:\/\/wolfchorus.net\/amber-collars\/come-funziona-lambra\/\" target=\"_blank\" rel=\"noopener\">duplice effetto antiparassitario<\/a>.<\/p>\n<p style=\"text-align: justify;\">I collari in ambra baltica con pietre terapeutiche uniscono alle propriet\u00e0 repellenti dell\u2019ambra i benefici terapeutici dei cristalli.<\/p>\n<p style=\"text-align: justify;\">La Tormalina nera regola i livelli ormonali, mitiga i disturbi dell\u2019udito, favorisce la rigenerazione delle cellule, dei tessuti e della pelle, facilita la guarigione dei disturbi renali, disintossica e rinforza il cuore, l\u2019intestino e le articolazioni, migliora la funzionalit\u00e0 del sistema nervoso, facilita la rigenerazione dei nervi. Utile in caso di rigidit\u00e0 e dolore agli arti o di disallineamento scheletrico. Facilita inoltre l\u2019ambientamento, neutralizza collera, risentimento, gelosia e insicurezza, protegge dalle radiazioni, dallo stress e dalle emozioni negative.<\/p>\n<p>&nbsp;<\/p>\n<h6><strong>Potrebbe interessarti anche<\/strong><\/h6>\n<div id=\"attachment_101038\" style=\"width: 160px\" class=\"wp-caption alignleft\"><a href=\"https:\/\/wolfchorus.net\/amber-collars\/shop-amber-pet-collars\/abbinati\/braccialetto-in-ambra-baltica-naturale-abbinato-a-collari-con-tormalina-nera\/\" target=\"_blank\" rel=\"noopener\"><img loading=\"lazy\" decoding=\"async\" aria-describedby=\"caption-attachment-101038\" class=\"wp-image-101038 size-thumbnail\" src=\"https:\/\/wolfchorus.net\/amber-collars\/wp-content\/uploads\/2020\/03\/Bracciale-ambra-tormalina-150x150.jpg\" alt=\"Braccialetto ambra e tormalina nera\" width=\"150\" height=\"150\" title=\"\" srcset=\"https:\/\/wolfchorus.net\/amber-collars\/wp-content\/uploads\/2020\/03\/Bracciale-ambra-tormalina-150x150.jpg 150w, https:\/\/wolfchorus.net\/amber-collars\/wp-content\/uploads\/2020\/03\/Bracciale-ambra-tormalina-80x80.jpg 80w, https:\/\/wolfchorus.net\/amber-collars\/wp-content\/uploads\/2020\/03\/Bracciale-ambra-tormalina-320x320.jpg 320w, https:\/\/wolfchorus.net\/amber-collars\/wp-content\/uploads\/2020\/03\/Bracciale-ambra-tormalina-300x300.jpg 300w, https:\/\/wolfchorus.net\/amber-collars\/wp-content\/uploads\/2020\/03\/Bracciale-ambra-tormalina-100x100.jpg 100w, https:\/\/wolfchorus.net\/amber-collars\/wp-content\/uploads\/2020\/03\/Bracciale-ambra-tormalina-64x63.jpg 64w\" sizes=\"auto, (max-width: 150px) 100vw, 150px\" \/><\/a><p id=\"caption-attachment-101038\" class=\"wp-caption-text\">Braccialetto abbinato<\/p><\/div>\n","protected":false},"excerpt":{"rendered":"<p style=\"text-align: justify;\">La Tormalina nera regola i livelli ormonali, mitiga i disturbi dell\u2019udito, favorisce la rigenerazione delle cellule, dei tessuti e della pelle, facilita la guarigione dei disturbi renali, disintossica e rinforza il cuore, l\u2019intestino e le articolazioni, migliora la funzionalit\u00e0 del sistema nervoso, facilita la rigenerazione dei nervi. Utile in caso di rigidit\u00e0 e dolore agli arti o di disallineamento scheletrico. Facilita inoltre l\u2019ambientamento, neutralizza collera, risentimento, gelosia e insicurezza, protegge dalle radiazioni, dallo stress e dalle emozioni negative.<\/p>\n","protected":false},"featured_media":114428,"comment_status":"open","ping_status":"closed","template":"","meta":[],"product_brand":[],"product_cat":[20],"product_tag":[],"class_list":{"0":"post-100994","1":"product","2":"type-product","3":"status-publish","4":"has-post-thumbnail","6":"product_cat-collari-in-ambra-baltica","8":"first","9":"instock","10":"purchasable","11":"product-type-variable","12":"has-default-attributes"},"_links":{"self":[{"href":"https:\/\/wolfchorus.net\/amber-collars\/wp-json\/wp\/v2\/product\/100994","targetHints":{"allow":["GET"]}}],"collection":[{"href":"https:\/\/wolfchorus.net\/amber-collars\/wp-json\/wp\/v2\/product"}],"about":[{"href":"https:\/\/wolfchorus.net\/amber-collars\/wp-json\/wp\/v2\/types\/product"}],"replies":[{"embeddable":true,"href":"https:\/\/wolfchorus.net\/amber-collars\/wp-json\/wp\/v2\/comments?post=100994"}],"wp:featuredmedia":[{"embeddable":true,"href":"https:\/\/wolfchorus.net\/amber-collars\/wp-json\/wp\/v2\/media\/114428"}],"wp:attachment":[{"href":"https:\/\/wolfchorus.net\/amber-collars\/wp-json\/wp\/v2\/media?parent=100994"}],"wp:term":[{"taxonomy":"product_brand","embeddable":true,"href":"https:\/\/wolfchorus.net\/amber-collars\/wp-json\/wp\/v2\/product_brand?post=100994"},{"taxonomy":"product_cat","embeddable":true,"href":"https:\/\/wolfchorus.net\/amber-collars\/wp-json\/wp\/v2\/product_cat?post=100994"},{"taxonomy":"product_tag","embeddable":true,"href":"https:\/\/wolfchorus.net\/amber-collars\/wp-json\/wp\/v2\/product_tag?post=100994"}],"curies":[{"name":"wp","href":"https:\/\/api.w.org\/{rel}","templated":true}]}}