{"id":333,"date":"2019-04-27T07:44:33","date_gmt":"2019-04-27T06:44:33","guid":{"rendered":"http:\/\/www.amber-collars.net\/?page_id=333"},"modified":"2026-02-13T08:20:29","modified_gmt":"2026-02-13T07:20:29","slug":"privacy-policy","status":"publish","type":"page","link":"https:\/\/wolfchorus.net\/amber-collars\/privacy-policy\/","title":{"rendered":"Informativa sulla Privacy e sui Cookie"},"content":{"rendered":"<p>Questa Applicazione raccoglie alcuni Dati Personali dei propri Utenti. Titolare del trattamento dei Dati Wolfchorus di Elisabetta Migliarini Tipologie di Dati raccolti<\/p>\r\n<p dir=\"ltr\">Fra i Dati Personali raccolti da questa Applicazione, in modo autonomo o tramite terze parti, ci sono: email; nome; cognome; Dati di utilizzo; numero di telefono; varie tipologie di Dati.<\/p>\r\n<p dir=\"ltr\">Dettagli completi su ciascuna tipologia di dati raccolti sono forniti nelle sezioni dedicate di questa privacy policy o mediante specifici testi informativi visualizzati prima della raccolta dei dati stessi.<\/p>\r\n<p dir=\"ltr\">I Dati Personali possono essere liberamente forniti dall\u2019Utente o, nel caso di Dati di Utilizzo, raccolti automaticamente durante l\u2019uso di questa Applicazione.<\/p>\r\n<p dir=\"ltr\">Se non diversamente specificato, tutti i Dati richiesti da questa Applicazione sono obbligatori. Se l\u2019Utente rifiuta di comunicarli, potrebbe essere impossibile per questa Applicazione fornire il Servizio. Nei casi in cui questa Applicazione indichi alcuni Dati come facoltativi, gli Utenti sono liberi di astenersi dal comunicare tali Dati, senza che ci\u00f2 abbia alcuna conseguenza sulla disponibilit\u00e0 del Servizio o sulla sua operativit\u00e0.<\/p>\r\n<p dir=\"ltr\">Gli Utenti che dovessero avere dubbi su quali Dati siano obbligatori, sono incoraggiati a contattare il Titolare. L\u2019eventuale utilizzo di Cookie \u2013 o di altri strumenti di tracciamento \u2013 da parte di questa Applicazione o dei titolari dei servizi terzi utilizzati da questa Applicazione, ove non diversamente precisato, ha la finalit\u00e0 di fornire il Servizio richiesto dall\u2019Utente, oltre alle ulteriori finalit\u00e0 descritte nel presente documento e nella Cookie Policy, se disponibile.<\/p>\r\n<p dir=\"ltr\">L\u2019Utente si assume la responsabilit\u00e0 dei Dati Personali di terzi ottenuti, pubblicati o condivisi mediante questa Applicazione e garantisce di avere il diritto di comunicarli o diffonderli, liberando il Titolare da qualsiasi responsabilit\u00e0 verso terzi.<\/p>\r\n<p dir=\"ltr\">Modalit\u00e0 e luogo del trattamento dei Dati raccolti<\/p>\r\n<p dir=\"ltr\">Modalit\u00e0 di trattamento<\/p>\r\n<p dir=\"ltr\">Il Titolare adotta le opportune misure di sicurezza volte ad impedire l\u2019accesso, la divulgazione, la modifica o la distruzione non autorizzate dei Dati Personali. Il trattamento viene effettuato mediante strumenti informatici e\/o telematici, con modalit\u00e0 organizzative e con logiche strettamente correlate alle finalit\u00e0 indicate. Oltre al Titolare, in alcuni casi, potrebbero avere accesso ai Dati altri soggetti coinvolti nell\u2019organizzazione di questa Applicazione (personale amministrativo, commerciale, marketing, legali, amministratori di sistema) ovvero soggetti esterni (come fornitori di servizi tecnici terzi, corrieri postali, hosting provider, societ\u00e0 informatiche, agenzie di comunicazione) nominati anche, se necessario, Responsabili del Trattamento da parte del Titolare. L\u2019elenco aggiornato dei Responsabili potr\u00e0 sempre essere richiesto al Titolare del Trattamento.<\/p>\r\n<p dir=\"ltr\">Base giuridica del trattamento<\/p>\r\n<p dir=\"ltr\">Il Titolare tratta Dati Personali relativi all\u2019Utente in caso sussista una delle seguenti condizioni:<\/p>\r\n<p dir=\"ltr\">l\u2019Utente ha prestato il consenso per una o pi\u00f9 finalit\u00e0 specifiche; Nota: in alcuni ordinamenti il Titolare pu\u00f2 essere autorizzato a trattare Dati Personali senza che debba sussistere il consenso dell\u2019Utente o un\u2019altra delle basi giuridiche specificate di seguito, fino a quando l\u2019Utente non si opponga (\u201copt-out\u201d) a tale trattamento. Ci\u00f2 non \u00e8 tuttavia applicabile qualora il trattamento di Dati Personali sia regolato dalla legislazione europea in materia di protezione dei Dati Personali;<\/p>\r\n<p dir=\"ltr\">il trattamento \u00e8 necessario all\u2019esecuzione di un contratto con l\u2019Utente e\/o all\u2019esecuzione di misure precontrattuali;<\/p>\r\n<p dir=\"ltr\">il trattamento \u00e8 necessario per adempiere un obbligo legale al quale \u00e8 soggetto il Titolare;<\/p>\r\n<p dir=\"ltr\">il trattamento \u00e8 necessario per l\u2019esecuzione di un compito di interesse pubblico o per l\u2019esercizio di pubblici poteri di cui \u00e8 investito il Titolare;<\/p>\r\n<p dir=\"ltr\">il trattamento \u00e8 necessario per il perseguimento del legittimo interesse del Titolare o di terzi.<\/p>\r\n<p dir=\"ltr\">\u00c8 comunque sempre possibile richiedere al Titolare di chiarire la concreta base giuridica di ciascun trattamento ed in particolare di specificare se il trattamento sia basato sulla legge, previsto da un contratto o necessario per concludere un contratto.<\/p>\r\n<p dir=\"ltr\">Luogo<\/p>\r\n<p dir=\"ltr\">I Dati sono trattati presso le sedi operative del Titolare ed in ogni altro luogo in cui le parti coinvolte nel trattamento siano localizzate. Per ulteriori informazioni, contatta il Titolare. I Dati Personali dell\u2019Utente potrebbero essere trasferiti in un paese diverso da quello in cui l\u2019Utente si trova. Per ottenere ulteriori informazioni sul luogo del trattamento l\u2019Utente pu\u00f2 fare riferimento alla sezione relativa ai dettagli sul trattamento dei Dati Personali.<\/p>\r\n<p dir=\"ltr\">L\u2019Utente ha diritto a ottenere informazioni in merito alla base giuridica del trasferimento di Dati al di fuori dell\u2019Unione Europea o ad un\u2019organizzazione internazionale di diritto internazionale pubblico o costituita da due o pi\u00f9 paesi, come ad esempio l\u2019ONU, nonch\u00e9 in merito alle misure di sicurezza adottate dal Titolare per proteggere i Dati.<\/p>\r\n<p dir=\"ltr\">L\u2019Utente pu\u00f2 verificare se abbia luogo uno dei trasferimenti appena descritti esaminando la sezione di questo documento relativa ai dettagli sul trattamento di Dati Personali o chiedere informazioni al Titolare contattandolo agli estremi riportati in apertura.<\/p>\r\n<p dir=\"ltr\">Periodo di conservazione<\/p>\r\n<p dir=\"ltr\">I Dati sono trattati e conservati per il tempo richiesto dalle finalit\u00e0 per le quali sono stati raccolti.<\/p>\r\n<p dir=\"ltr\">Pertanto:<\/p>\r\n<p dir=\"ltr\">I Dati Personali raccolti per scopi collegati all\u2019esecuzione di un contratto tra il Titolare e l\u2019Utente saranno trattenuti sino a quando sia completata l\u2019esecuzione di tale contratto.<\/p>\r\n<p dir=\"ltr\">I Dati Personali raccolti per finalit\u00e0 riconducibili all\u2019interesse legittimo del Titolare saranno trattenuti sino al soddisfacimento di tale interesse. L\u2019Utente pu\u00f2 ottenere ulteriori informazioni in merito all\u2019interesse legittimo perseguito dal Titolare nelle relative sezioni di questo documento o contattando il Titolare.<\/p>\r\n<p dir=\"ltr\">Quando il trattamento \u00e8 basato sul consenso dell\u2019Utente, il Titolare pu\u00f2 conservare i Dati Personali pi\u00f9 a lungo sino a quando detto consenso non venga revocato. Inoltre, il Titolare potrebbe essere obbligato a conservare i Dati Personali per un periodo pi\u00f9 lungo in ottemperanza ad un obbligo di legge o per ordine di un\u2019autorit\u00e0.<\/p>\r\n<p dir=\"ltr\">Al termine del periodo di conservazione i Dati Personali saranno cancellati. Pertanto, allo spirare di tale termine il diritto di accesso, cancellazione, rettificazione ed il diritto alla portabilit\u00e0 dei Dati non potranno pi\u00f9 essere esercitati.<\/p>\r\n<p dir=\"ltr\">Finalit\u00e0 del Trattamento dei Dati raccolti<\/p>\r\n<p dir=\"ltr\">I Dati dell\u2019Utente sono raccolti per consentire al Titolare di fornire i propri Servizi, cos\u00ec come per le seguenti finalit\u00e0: Contattare l\u2019Utente, Gestione dei pagamenti e Trasferimento di Dati al di fuori della UE.<\/p>\r\n<p dir=\"ltr\">Per ottenere ulteriori informazioni dettagliate sulle finalit\u00e0 del trattamento e sui Dati Personali concretamente rilevanti per ciascuna finalit\u00e0, l\u2019Utente pu\u00f2 fare riferimento alle relative sezioni di questo documento.<\/p>\r\n<p dir=\"ltr\">Dettagli sul trattamento dei Dati Personali<\/p>\r\n<p dir=\"ltr\">I Dati Personali sono raccolti per le seguenti finalit\u00e0 ed utilizzando i seguenti servizi:<\/p>\r\n<p dir=\"ltr\">Trasferimento di Dati al di fuori della UE<\/p>\r\n<p dir=\"ltr\">Il Titolare pu\u00f2 trasferire i Dati Personali raccolti all\u2019interno della UE verso paesi terzi (ovvero, tutti i paesi non facenti parte della UE) solo in conformit\u00e0 con una specifica base giuridica. Pertanto, tali trasferimenti di Dati sono eseguiti secondo una delle basi giuridiche descritte di seguito.<\/p>\r\n<p dir=\"ltr\">L\u2019Utente pu\u00f2 richiedere informazioni al Titolare in merito alla base giuridica applicabile concretamente applicabile ad ogni singolo servizio.<\/p>\r\n<p dir=\"ltr\">Altra base giuridica per il trasferimento di Dati verso paesi terzi (questa Applicazione)<\/p>\r\n<p dir=\"ltr\">Quando nessuna altra base giuridica risulti applicabile, i Dati Personali possono essere trasferiti dalla UE verso paesi terzi solo ad una delle seguenti condizioni:<\/p>\r\n<p dir=\"ltr\">il trasferimento \u00e8 necessario per eseguire un contratto concluso tra Utente e Titolare o misure precontrattuali adottate su richiesta dell\u2019Utente;<\/p>\r\n<p dir=\"ltr\">il trasferimento \u00e8 necessario per concluso o eseguire un contratto stipulato nell\u2019interesse dell\u2019Utente dal Titolare ed un\u2019altra persona fisica o giuridica;<\/p>\r\n<p dir=\"ltr\">il trasferimento \u00e8 necessario per ragioni di interesse pubblico;\u00a0 * il trasferimento \u00e8 necessario per accertare, esercitare o difendere una pretesa giuridica;<\/p>\r\n<p dir=\"ltr\">il trasferimento \u00e8 necessario per tutelare gli interessi vitali dell\u2019Interessato o di altre persone, quando l\u2019Interessato sia fisicamente o legalmente incapace di esprimere il consenso. In tali casi, il Titolare provveder\u00e0 ad informare l\u2019Utente sulla base giuridica applicabile al trasferimento in concreto tramite questa Applicazione.<\/p>\r\n<p dir=\"ltr\">Contattare l\u2019Utente<\/p>\r\n<p dir=\"ltr\">Mailing list o newsletter<\/p>\r\n<p dir=\"ltr\">Con la registrazione alla mailing list o alla newsletter, l\u2019indirizzo email dell\u2019Utente viene automaticamente inserito in una lista di contatti a cui potranno essere trasmessi messaggi email contenenti informazioni, anche di natura commerciale e promozionale, relative a questa Applicazione. L\u2019indirizzo email dell\u2019Utente potrebbe anche essere aggiunto a questa lista come risultato della registrazione a questa Applicazione o dopo aver effettuato un acquisto.<\/p>\r\n<p dir=\"ltr\">Dati Personali raccolti: cognome; Dati di utilizzo; email; nome.<\/p>\r\n<p dir=\"ltr\">Modulo di contatto<\/p>\r\n<p dir=\"ltr\">L\u2019Utente, compilando con i propri Dati il modulo di contatto, acconsente al loro utilizzo per rispondere alle richieste di informazioni, di preventivo, o di qualunque altra natura indicata dall\u2019intestazione del modulo.<\/p>\r\n<p dir=\"ltr\">Dati Personali raccolti: cognome; email; nome; numero di telefono.<\/p>\r\n<p dir=\"ltr\">Gestione dei pagamenti<\/p>\r\n<p dir=\"ltr\">I servizi di gestione dei pagamenti permettono a questa Applicazione di processare pagamenti tramite carta di credito, bonifico bancario o altri strumenti. I dati utilizzati per il pagamento vengono acquisiti direttamente dal gestore del servizio di pagamento richiesto senza essere in alcun modo trattati da questa Applicazione. Alcuni di questi servizi potrebbero inoltre permettere l\u2019invio programmato di messaggi all\u2019Utente, come email contenenti fatture o notifiche riguardanti il pagamento.<\/p>\r\n<p dir=\"ltr\">PayPal<\/p>\r\n<p dir=\"ltr\">PayPal \u00e8 un servizio di pagamento fornito da PayPal Inc., che consente all\u2019Utente di effettuare pagamenti online.<\/p>\r\n<p dir=\"ltr\">Dati Personali raccolti: varie tipologie di Dati secondo quanto specificato dalla privacy policy del servizio.<\/p>\r\n<p dir=\"ltr\">COOKIE<\/p>\r\n<p>Che cosa sono i cookie<\/p>\r\n<p dir=\"ltr\"><!-- \/wp:post-content -->\r\n\r\n<!-- wp:paragraph --><\/p>\r\n<p>Come \u00e8 prassi comune di quasi tutti i siti web professionali, utilizziamo i cookie, che sono piccoli file che vengono scaricati sul computer, per migliorare la tua esperienza. Questa pagina descrive quali sono le informazioni che raccolgono, come le usiamo e perch\u00e9 a volte abbiamo bisogno di memorizzare queste informazioni. I cookie vengono utilizzati per una serie di motivi illustrati di seguito. Purtroppo nella maggior parte dei casi non ci sono opzioni standard per la disabilitazione dei cookie senza compromettere la funzionalit\u00e0 del sito. Si consiglia di lasciare attivi tutti i cookie. Per informazioni pi\u00f9 generali sui cookie consultare l\u2019articolo di Wikipedia sui cookie HTTP.<\/p>\r\n<p dir=\"ltr\"><!-- \/wp:paragraph -->\r\n\r\n<!-- wp:paragraph --><\/p>\r\n<p>Disabilitazione dei cookie<\/p>\r\n<p dir=\"ltr\"><!-- \/wp:paragraph -->\r\n\r\n<!-- wp:paragraph --><\/p>\r\n<p>\u00c8 possibile impedire l\u2019impostazione di cookie modificando le impostazioni del browser (vedi la guida del browser per sapere come fare). E&#8217; bene tenere presente che disattivando i cookie influenzerai la funzionalit\u00e0 di questo e di molti altri siti web che visiti. La disabilitazione dei cookie di solito comporta anche la disabilitazione di alcune funzionalit\u00e0 e caratteristiche del sito. Pertanto si consiglia di non disattivare i cookie. I cookie che abbiamo impostato<\/p>\r\n<p dir=\"ltr\"><!-- \/wp:paragraph -->\r\n\r\n<!-- wp:paragraph --><\/p>\r\n<p>Cookie relativi all&#8217;account<\/p>\r\n<p dir=\"ltr\"><!-- \/wp:paragraph -->\r\n\r\n<!-- wp:paragraph --><\/p>\r\n<p>Se crei un account presso di noi, utilizzeremo i cookie per la gestione del processo di registrazione e l&#8217;amministrazione generale.\u00a0 Questi cookie vengono solitamente cancellati quando ci si disconnette, tuttavia in alcuni casi possono rimanere per ricordare le tue preferenze del sito quando sei disconnesso.<\/p>\r\n<p dir=\"ltr\"><!-- \/wp:paragraph -->\r\n\r\n<!-- wp:paragraph --><\/p>\r\n<p>Cookie relativi al Login<\/p>\r\n<p dir=\"ltr\"><!-- \/wp:paragraph -->\r\n\r\n<!-- wp:paragraph --><\/p>\r\n<p>I cookie vengono utilizzati quando esegui l&#8217;accesso, in modo da poter ricordare le impostazioni scelte. Ci\u00f2 impedisce di doverle reimpostare ogni volta che visiti una nuova pagina. Questi cookie vengono in genere rimossi o cancellati quando ci si disconnette per assicurarsi di poter accedere alle funzionalit\u00e0 e alle aree riservate solo dopo aver effettuato l&#8217;accesso.<\/p>\r\n<p dir=\"ltr\"><!-- \/wp:paragraph -->\r\n\r\n<!-- wp:paragraph --><\/p>\r\n<p>Cookie relativi alla newsletter via email<\/p>\r\n<p dir=\"ltr\"><!-- \/wp:paragraph -->\r\n\r\n<!-- wp:paragraph --><\/p>\r\n<p>Questo sito offre servizi di iscrizione a newsletter o e-mail e i cookie possono essere utilizzati per ricordare se sei gi\u00e0 registrato e se mostrare determinate notifiche che potrebbero essere valide solo per gli utenti iscritti\/non iscritti.<\/p>\r\n<p dir=\"ltr\"><!-- \/wp:paragraph -->\r\n\r\n<!-- wp:paragraph --><\/p>\r\n<p>Cookie relativi all&#8217;elaborazione ordini<\/p>\r\n<p dir=\"ltr\"><!-- \/wp:paragraph -->\r\n\r\n<!-- wp:paragraph --><\/p>\r\n<p>Questo sito offre servizi di e-commerce o di pagamento e alcuni cookie sono essenziali per garantire che il tuo ordine venga memorizzato in modo da poterlo elaborare correttamente.<\/p>\r\n<p dir=\"ltr\"><!-- \/wp:paragraph -->\r\n\r\n<!-- wp:paragraph --><\/p>\r\n<p>Cookie relativi ai moduli<\/p>\r\n<p dir=\"ltr\"><!-- \/wp:paragraph -->\r\n\r\n<!-- wp:paragraph --><\/p>\r\n<p>Quando invii i dati a un modulo come quelli che si trovano nelle pagine di contatto o nei moduli di commento, i cookie potrebbero essere impostati per ricordare i dettagli dell&#8217;utente per la corrispondenza futura.<\/p>\r\n<p dir=\"ltr\"><!-- \/wp:paragraph -->\r\n\r\n<!-- wp:paragraph --><\/p>\r\n<p>Cookie relativi alle preferenze del sito<\/p>\r\n<p dir=\"ltr\"><!-- \/wp:paragraph -->\r\n\r\n<!-- wp:paragraph --><\/p>\r\n<p>Al fine di ricordare le tue preferenze abbiamo bisogno di impostare i cookie in modo che queste informazioni possano essere richiamate ogni volta che interagisci con una pagina che \u00e8 influenzata dalle preferenze. Cookie di terze parti<\/p>\r\n<p dir=\"ltr\"><!-- \/wp:paragraph -->\r\n\r\n<!-- wp:paragraph --><\/p>\r\n<p>In alcuni casi speciali utilizziamo anche cookie forniti da terze parti fidate. La seguente sezione indica quali cookie di terze parti potresti incontrare attraverso questo sito.<\/p>\r\n<p dir=\"ltr\"><!-- \/wp:paragraph -->\r\n\r\n<!-- wp:paragraph --><\/p>\r\n<p>Questo sito utilizza Google Analytics, una delle soluzioni di analisi pi\u00f9 diffuse e affidabili sul Web per aiutarci a capire come utilizzi il sito e come migliorare la tua esperienza.\u00a0 Questi cookie possono tracciare ad esempio il tempo che trascorri sul sito e le pagine che visiti cos\u00ec da poter continuare a produrre contenuti coinvolgenti.<\/p>\r\n<p dir=\"ltr\"><!-- \/wp:paragraph -->\r\n\r\n<!-- wp:paragraph --><\/p>\r\n<p>Per ulteriori informazioni sui cookie di Google Analytics, consultare la pagina ufficiale di Google Analytics.<\/p>\r\n<p dir=\"ltr\"><!-- \/wp:paragraph -->\r\n\r\n<!-- wp:paragraph --><\/p>\r\n<p>Ulteriori informazioni<\/p>\r\n<p dir=\"ltr\"><!-- \/wp:paragraph -->\r\n\r\n<!-- wp:paragraph --><\/p>\r\n<p>Speriamo di avere chiarito i tuoi dubbi ma se c&#8217;\u00e8 qualcosa di cui non sei certo \u00e8 solitamente pi\u00f9 sicuro lasciare i cookie abilitati, nel caso in cui tu interagisca con una delle funzionalit\u00e0 del nostro sito.<\/p>\r\n<p dir=\"ltr\"><!-- \/wp:paragraph -->\r\n\r\n<!-- wp:paragraph --><\/p>\r\n<p>Se hai bisogno di ulteriori informazioni <a href=\"https:\/\/wolfchorus.net\/amber-collars\/contact\/\" target=\"_blank\" rel=\"noopener\">contattaci<\/a>.<\/p>","protected":false},"excerpt":{"rendered":"<p>Questa Applicazione raccoglie alcuni Dati Personali dei propri Utenti. Titolare del trattamento dei Dati Wolfchorus di Elisabetta Migliarini Tipologie di Dati raccolti Fra i Dati Personali raccolti da questa Applicazione, in modo autonomo o&#46;&#46;&#46;<\/p>\n","protected":false},"author":146,"featured_media":0,"parent":0,"menu_order":0,"comment_status":"closed","ping_status":"closed","template":"","meta":{"footnotes":""},"class_list":["post-333","page","type-page","status-publish","hentry"],"_links":{"self":[{"href":"https:\/\/wolfchorus.net\/amber-collars\/wp-json\/wp\/v2\/pages\/333","targetHints":{"allow":["GET"]}}],"collection":[{"href":"https:\/\/wolfchorus.net\/amber-collars\/wp-json\/wp\/v2\/pages"}],"about":[{"href":"https:\/\/wolfchorus.net\/amber-collars\/wp-json\/wp\/v2\/types\/page"}],"author":[{"embeddable":true,"href":"https:\/\/wolfchorus.net\/amber-collars\/wp-json\/wp\/v2\/users\/146"}],"replies":[{"embeddable":true,"href":"https:\/\/wolfchorus.net\/amber-collars\/wp-json\/wp\/v2\/comments?post=333"}],"version-history":[{"count":0,"href":"https:\/\/wolfchorus.net\/amber-collars\/wp-json\/wp\/v2\/pages\/333\/revisions"}],"wp:attachment":[{"href":"https:\/\/wolfchorus.net\/amber-collars\/wp-json\/wp\/v2\/media?parent=333"}],"curies":[{"name":"wp","href":"https:\/\/api.w.org\/{rel}","templated":true}]}}